{"id":6861,"date":"2017-08-16T08:14:17","date_gmt":"2017-08-16T06:14:17","guid":{"rendered":"https:\/\/cristinasaura.com\/?page_id=6861"},"modified":"2023-09-21T13:31:59","modified_gmt":"2023-09-21T11:31:59","slug":"cristina-saura-designer-of-wedding-dresses-2","status":"publish","type":"page","link":"https:\/\/cristinasaura.com\/en\/cristina-saura-designer-of-wedding-dresses-2\/","title":{"rendered":"Cristina Saura \/ Designer of wedding dresses"},"content":{"rendered":"<p>[et_pb_section fb_built=&#8221;1&#8243; fullwidth=&#8221;on&#8221; _builder_version=&#8221;3.22&#8243;][et_pb_nextend_smart_slider_3_fullwidth slider=&#8221;49&#8243; _builder_version=&#8221;3.14&#8243;]&lt;div class=&#8221;et_pb_module et-waypoint et_pb_nextend_smart_slider_3_fullwidth_1 et_pb_animation_off&#8221;&gt;&lt;iframe class=&#8221;n2-ss-slider-frame&#8221; style=&#8221;width: 100%; display: block; border: 0;&#8221; src=&#8221;https:\/\/cristinasaura.com?n2prerender=1&amp;n2app=smartslider&amp;n2controller=slider&amp;n2action=iframe&amp;sliderid=12&amp;hash=f5740924f381b64f1b061be4ef911a3f&#8221; width=&#8221;300&#8243; height=&#8221;150&#8243; frameborder=&#8221;0&#8243;&gt;&lt;\/iframe&gt;&lt;\/div&gt;<br \/>\n[\/et_pb_nextend_smart_slider_3_fullwidth][\/et_pb_section][et_pb_section fb_built=&#8221;1&#8243; custom_padding_last_edited=&#8221;on|phone&#8221; _builder_version=&#8221;3.22&#8243; background_color=&#8221;#f7f7f7&#8243; max_width_tablet=&#8221;70%&#8221; max_width_phone=&#8221;90%&#8221; max_width_last_edited=&#8221;off|phone&#8221; custom_margin=&#8221;||0px|&#8221; custom_padding=&#8221;|0px|57px|0px&#8221; custom_padding_tablet=&#8221;&#8221; custom_padding_phone=&#8221;&#8221;][et_pb_row column_structure=&#8221;1_4,1_2,1_4&#8243; _builder_version=&#8221;3.25&#8243; background_size=&#8221;%22initial%22&#8243; background_position=&#8221;%22top_left%22&#8243; background_repeat=&#8221;%22repeat%22&#8243; custom_padding=&#8221;5px|0px|4px|0px&#8221;][et_pb_column type=&#8221;1_4&#8243; _builder_version=&#8221;3.25&#8243; custom_padding=&#8221;|||&#8221; custom_padding__hover=&#8221;|||&#8221;][\/et_pb_column][et_pb_column type=&#8221;1_2&#8243; _builder_version=&#8221;3.25&#8243; custom_padding=&#8221;|||&#8221; custom_padding__hover=&#8221;|||&#8221;][et_pb_image src=&#8221;http:\/\/cristinasaura.com\/wp-content\/uploads\/2018\/01\/cristina_escaparate_picasso_4_nueva-1.jpg&#8221; alt=&#8221;The designer of Haute Couture, Cristina Saura in one of the windows of her shop, in Paseo Picaso 4 in Barcelona.&#8221; title_text=&#8221;Designer Haute Couture Bridal Gowns &#8221; url=&#8221;https:\/\/cristinasaura.com\/blog-vestidos-alta-costura\/&#8221; align=&#8221;center&#8221; align_tablet=&#8221;center&#8221; align_phone=&#8221;&#8221; align_last_edited=&#8221;on|desktop&#8221; _builder_version=&#8221;3.23&#8243; max_width=&#8221;85%&#8221;][\/et_pb_image][\/et_pb_column][et_pb_column type=&#8221;1_4&#8243; _builder_version=&#8221;3.25&#8243; custom_padding=&#8221;|||&#8221; custom_padding__hover=&#8221;|||&#8221;][\/et_pb_column][\/et_pb_row][et_pb_row disabled_on=&#8221;off|off|off&#8221; _builder_version=&#8221;3.25&#8243; max_width=&#8221;780px&#8221; custom_padding=&#8221;57px|||&#8221; use_custom_width=&#8221;on&#8221; custom_width_px=&#8221;780px&#8221;][et_pb_column type=&#8221;4_4&#8243; _builder_version=&#8221;3.25&#8243; custom_padding=&#8221;|||&#8221; custom_padding__hover=&#8221;|||&#8221;][et_pb_divider color=&#8221;#000000&#8243; divider_position=&#8221;center&#8221; divider_weight=&#8221;4&#8243; admin_label=&#8221;Linea Capital &#8211; 82 \/ 4&#8243; _builder_version=&#8221;3.14&#8243; max_width=&#8221;50px&#8221; module_alignment=&#8221;left&#8221; height=&#8221;20px&#8221; custom_margin=&#8221;0px|0px|0px|0px&#8221; custom_margin_tablet=&#8221;&#8221; custom_margin_phone=&#8221;0px|0px|10px|0px&#8221; custom_margin_last_edited=&#8221;on|phone&#8221; custom_padding=&#8221;0px|0px|0px|80px&#8221; custom_padding_tablet=&#8221;&#8221; custom_padding_phone=&#8221;0px|0px|0px|0px&#8221; custom_padding_last_edited=&#8221;on|phone&#8221; locked=&#8221;off&#8221;][\/et_pb_divider][et_pb_text admin_label=&#8221;Letra Capital&#8221; module_class=&#8221;letra-capital&#8221; _builder_version=&#8221;4.0.9&#8243; text_font=&#8221;|300||on|||||&#8221; text_font_size=&#8221;80px&#8221; text_line_height=&#8221;1em&#8221; custom_margin=&#8221;-20px|0px|0px|0px&#8221; custom_margin_tablet=&#8221;&#8221; custom_margin_phone=&#8221;-10px|0px|5px|0px&#8221; custom_margin_last_edited=&#8221;on|phone&#8221; custom_padding=&#8221;0px|0px|0px|0px&#8221; custom_padding_tablet=&#8221;&#8221; custom_padding_phone=&#8221;&#8221; custom_padding_last_edited=&#8221;on|phone&#8221; hover_enabled=&#8221;0&#8243; border_color_all=&#8221;#ffffff&#8221; border_style_all=&#8221;none&#8221; locked=&#8221;off&#8221;]W &nbsp; [\/et_pb_text][et_pb_text admin_label=&#8221;pretendo cambiar t\u00edtulo capital por texto&#8221; _builder_version=&#8221;4.0.9&#8243; text_font=&#8221;|300|||||||&#8221; text_line_height=&#8221;1.6em&#8221; header_2_font=&#8221;|300|||||||&#8221; header_3_font=&#8221;|300|||||||&#8221; header_4_font=&#8221;|300|||||||&#8221; header_5_font=&#8221;|300|||||||&#8221; header_6_font=&#8221;|300|||||||&#8221; custom_margin=&#8221;-50px|0px|0px|0px&#8221; custom_margin_tablet=&#8221;&#8221; custom_margin_phone=&#8221;&#8221; custom_margin_last_edited=&#8221;on|desktop&#8221; custom_padding=&#8221;0px|0px|0px|80px&#8221; custom_padding_tablet=&#8221;&#8221; custom_padding_phone=&#8221;0px|0px|0px|0px&#8221; custom_padding_last_edited=&#8221;on|desktop&#8221;]<\/p>\n<p style=\"text-align: center;\">With a solid background as a fashion designer, Cristina Saura is among the few creative directors, and designers of wedding dresses, able to design, cut, assemble, test and sew with their own hands from a strict male tailor to a sophisticated bridal gown, skills also outstanding great masters of sewing of the past century as Gabrielle Chanel, Chistian Dior, Hubert Taffin de Givenchy, Yves Saint Laurent or Cristobal Balenciaga.<br \/>As a veteran professional she has a long history of more than 15 years designing and creating tailored suits for both men and women. In her first steps in the world of fashion she worked in the team of internationally renowned designers such as Antonio Mir\u00f3 (pr\u00eat-\u00e0-porter) or Margarita Nu\u00e9z (Haute Couture). Subsequently, she has worked as a designer of fashion collections, prototyping, pattern-making and industrial scaling for a wide range of textile companies, including renowned brands in tailoring, shirts, street wear, fur and the bridal sector.<br \/>Since 2011 Cristina Saura presents and markets her creations of <a href=\"https:\/\/cristinasaura.com\/en\/wedding\/\">Haute Couture wedding dresses<\/a> and <a href=\"https:\/\/cristinasaura.com\/en\/party\/\">Haute Couture party dresses<\/a> through the brand CRISTINA SAURA which has its own store located in the Comercio 1 street in Barcelona as the sole distributor of the firm.<\/p>\n<p>[\/et_pb_text][\/et_pb_column][\/et_pb_row][\/et_pb_section][et_pb_section fb_built=&#8221;1&#8243; _builder_version=&#8221;3.22&#8243; custom_margin=&#8221;0px|0px||0px&#8221; custom_margin_tablet=&#8221;&#8221; custom_margin_phone=&#8221;0px|0px|0px|0px&#8221; custom_margin_last_edited=&#8221;on|phone&#8221; custom_padding=&#8221;0px|0px|0px|0px&#8221;][et_pb_row custom_padding_last_edited=&#8221;on|phone&#8221; module_id=&#8221;ancho-completo&#8221; module_class=&#8221; et_pb_row_fullwidth&#8221; _builder_version=&#8221;3.25&#8243; width=&#8221;89%&#8221; width_tablet=&#8221;80%&#8221; width_phone=&#8221;&#8221; width_last_edited=&#8221;on|desktop&#8221; max_width=&#8221;89%&#8221; max_width_tablet=&#8221;80%&#8221; max_width_phone=&#8221;&#8221; max_width_last_edited=&#8221;on|desktop&#8221; custom_margin=&#8221;0px|0px||0px&#8221; custom_margin_tablet=&#8221;&#8221; custom_margin_phone=&#8221;&#8221; custom_margin_last_edited=&#8221;on|desktop&#8221; custom_padding=&#8221;|0px||0px&#8221; custom_padding_tablet=&#8221;&#8221; custom_padding_phone=&#8221;&#8221; make_fullwidth=&#8221;on&#8221;][et_pb_column type=&#8221;4_4&#8243; _builder_version=&#8221;3.25&#8243; custom_padding=&#8221;|0px||0px&#8221; custom_padding__hover=&#8221;|||&#8221;][et_pb_image src=&#8221;http:\/\/cristinasaura.com\/wp-content\/uploads\/2018\/01\/PAGINA_SOBRE_CRISTINA_SAURA_sala_ventas_pagina_sobre_cristina_saura.jpg&#8221; alt=&#8221;Detail of the interior of the haute couture wedding dress shop in Barcelona by CRISTINA SAURA.&#8221; title_text=&#8221;Haute Couture Wedding Dresses Shop in Barcelona by CRISTINA SAURA.&#8221; url=&#8221;https:\/\/cristinasaura.com\/en\/designer-dress-shop\/&#8221; force_fullwidth=&#8221;on&#8221; align_tablet=&#8221;center&#8221; align_phone=&#8221;&#8221; align_last_edited=&#8221;on|desktop&#8221; admin_label=&#8221;Imagen texto encima&#8221; _builder_version=&#8221;3.23&#8243; custom_margin=&#8221;0px||0px|&#8221; custom_margin_tablet=&#8221;&#8221; custom_margin_phone=&#8221;&#8221; custom_margin_last_edited=&#8221;on|phone&#8221; custom_padding=&#8221;0px||0px|&#8221; custom_padding_tablet=&#8221;&#8221; custom_padding_phone=&#8221;&#8221; custom_padding_last_edited=&#8221;on|tablet&#8221;][\/et_pb_image][et_pb_text admin_label=&#8221;Texto sobre imagen 2L&#8221; module_class=&#8221;no-seleccionable&#8221; _builder_version=&#8221;3.27.4&#8243; text_font=&#8221;Raleway|300|||||||&#8221; text_font_size=&#8221;31px&#8221; text_line_height=&#8221;1.1em&#8221; text_orientation=&#8221;center&#8221; background_layout=&#8221;dark&#8221; custom_margin=&#8221;-110px||0px|&#8221; custom_padding=&#8221;||0px|&#8221;]Visit our shop in Barcelona<br \/>\n[\/et_pb_text][et_pb_divider show_divider=&#8221;off&#8221; admin_label=&#8221;Separador &#8211; 60&#8243; _builder_version=&#8221;3.2&#8243; max_width=&#8221;40px&#8221; module_alignment=&#8221;center&#8221; height=&#8221;20px&#8221; custom_margin=&#8221;0px||60px|&#8221; custom_padding=&#8221;0px|||&#8221;][\/et_pb_divider][\/et_pb_column][\/et_pb_row][\/et_pb_section]<\/p>\n","protected":false},"excerpt":{"rendered":"<p>&lt;div class=&#8221;et_pb_module et-waypoint et_pb_nextend_smart_slider_3_fullwidth_1 et_pb_animation_off&#8221;&gt;&lt;iframe class=&#8221;n2-ss-slider-frame&#8221; style=&#8221;width: 100%; display: block; border: 0;&#8221; src=&#8221;https:\/\/cristinasaura.com?n2prerender=1&amp;n2app=smartslider&amp;n2controller=slider&amp;n2action=iframe&amp;sliderid=12&amp;hash=f5740924f381b64f1b061be4ef911a3f&#8221; width=&#8221;300&#8243; height=&#8221;150&#8243; frameborder=&#8221;0&#8243;&gt;&lt;\/iframe&gt;&lt;\/div&gt; W &nbsp; With a solid background as a fashion designer, Cristina Saura is among the few creative directors, and designers of wedding dresses, able to design, cut, assemble, test and sew with their own hands from a strict male [&hellip;]<\/p>\n","protected":false},"author":3,"featured_media":0,"parent":0,"menu_order":0,"comment_status":"closed","ping_status":"closed","template":"","meta":{"_et_pb_use_builder":"on","_et_pb_old_content":"","_et_gb_content_width":"","footnotes":""},"class_list":["post-6861","page","type-page","status-publish","hentry"],"yoast_head":"<!-- This site is optimized with the Yoast SEO plugin v26.9 - https:\/\/yoast.com\/product\/yoast-seo-wordpress\/ -->\n<title>Haute Couture Designer - Cristina Saura<\/title>\n<meta name=\"description\" content=\"Cristina Saura is a haute couture designer specialising in personalisation. Since 1998 she has been creating bespoke dresses for unforgettable brides with her own hands.\" \/>\n<meta name=\"robots\" content=\"index, follow, max-snippet:-1, max-image-preview:large, max-video-preview:-1\" \/>\n<link rel=\"canonical\" href=\"https:\/\/cristinasaura.com\/en\/cristina-saura-designer-of-wedding-dresses-2\/\" \/>\n<meta property=\"og:locale\" content=\"en_US\" \/>\n<meta property=\"og:type\" content=\"article\" \/>\n<meta property=\"og:title\" content=\"Haute Couture Designer - Cristina Saura\" \/>\n<meta property=\"og:description\" content=\"Cristina Saura is a haute couture designer specialising in personalisation. Since 1998 she has been creating bespoke dresses for unforgettable brides with her own hands.\" \/>\n<meta property=\"og:url\" content=\"https:\/\/cristinasaura.com\/en\/cristina-saura-designer-of-wedding-dresses-2\/\" \/>\n<meta property=\"og:site_name\" content=\"Cristina Saura\" \/>\n<meta property=\"article:publisher\" content=\"https:\/\/www.facebook.com\/cristinasaurabarcelona\/\" \/>\n<meta property=\"article:modified_time\" content=\"2023-09-21T11:31:59+00:00\" \/>\n<meta name=\"twitter:card\" content=\"summary_large_image\" \/>\n<meta name=\"twitter:site\" content=\"@cristinasabcn\" \/>\n<meta name=\"twitter:label1\" content=\"Est. reading time\" \/>\n\t<meta name=\"twitter:data1\" content=\"3 minutes\" \/>\n<script type=\"application\/ld+json\" class=\"yoast-schema-graph\">{\"@context\":\"https:\/\/schema.org\",\"@graph\":[{\"@type\":\"WebPage\",\"@id\":\"https:\/\/cristinasaura.com\/en\/cristina-saura-designer-of-wedding-dresses-2\/\",\"url\":\"https:\/\/cristinasaura.com\/en\/cristina-saura-designer-of-wedding-dresses-2\/\",\"name\":\"Haute Couture Designer - Cristina Saura\",\"isPartOf\":{\"@id\":\"https:\/\/cristinasaura.com\/#website\"},\"datePublished\":\"2017-08-16T06:14:17+00:00\",\"dateModified\":\"2023-09-21T11:31:59+00:00\",\"description\":\"Cristina Saura is a haute couture designer specialising in personalisation. Since 1998 she has been creating bespoke dresses for unforgettable brides with her own hands.\",\"breadcrumb\":{\"@id\":\"https:\/\/cristinasaura.com\/en\/cristina-saura-designer-of-wedding-dresses-2\/#breadcrumb\"},\"inLanguage\":\"en-US\",\"potentialAction\":[{\"@type\":\"ReadAction\",\"target\":[\"https:\/\/cristinasaura.com\/en\/cristina-saura-designer-of-wedding-dresses-2\/\"]}]},{\"@type\":\"BreadcrumbList\",\"@id\":\"https:\/\/cristinasaura.com\/en\/cristina-saura-designer-of-wedding-dresses-2\/#breadcrumb\",\"itemListElement\":[{\"@type\":\"ListItem\",\"position\":1,\"name\":\"Portada\",\"item\":\"https:\/\/cristinasaura.com\/en\/\"},{\"@type\":\"ListItem\",\"position\":2,\"name\":\"Cristina Saura \/ Designer of wedding dresses\"}]},{\"@type\":\"WebSite\",\"@id\":\"https:\/\/cristinasaura.com\/#website\",\"url\":\"https:\/\/cristinasaura.com\/\",\"name\":\"Cristina Saura\",\"description\":\"Dise\u00f1adora de vestidos de Alta Costura para Novias en Barcelona\",\"publisher\":{\"@id\":\"https:\/\/cristinasaura.com\/#organization\"},\"potentialAction\":[{\"@type\":\"SearchAction\",\"target\":{\"@type\":\"EntryPoint\",\"urlTemplate\":\"https:\/\/cristinasaura.com\/?s={search_term_string}\"},\"query-input\":{\"@type\":\"PropertyValueSpecification\",\"valueRequired\":true,\"valueName\":\"search_term_string\"}}],\"inLanguage\":\"en-US\"},{\"@type\":\"Organization\",\"@id\":\"https:\/\/cristinasaura.com\/#organization\",\"name\":\"CRISTINA SAURA\",\"url\":\"https:\/\/cristinasaura.com\/\",\"logo\":{\"@type\":\"ImageObject\",\"inLanguage\":\"en-US\",\"@id\":\"https:\/\/cristinasaura.com\/#\/schema\/logo\/image\/\",\"url\":\"http:\/\/cristinasaura.com\/wp-content\/uploads\/2017\/12\/cristina-saura-logo.png\",\"contentUrl\":\"http:\/\/cristinasaura.com\/wp-content\/uploads\/2017\/12\/cristina-saura-logo.png\",\"width\":687,\"height\":293,\"caption\":\"CRISTINA SAURA\"},\"image\":{\"@id\":\"https:\/\/cristinasaura.com\/#\/schema\/logo\/image\/\"},\"sameAs\":[\"https:\/\/www.facebook.com\/cristinasaurabarcelona\/\",\"https:\/\/x.com\/cristinasabcn\",\"https:\/\/www.instagram.com\/cristinasaurabcn\/\",\"https:\/\/www.pinterest.es\/designercsaura\/\"]}]}<\/script>\n<!-- \/ Yoast SEO plugin. -->","yoast_head_json":{"title":"Haute Couture Designer - Cristina Saura","description":"Cristina Saura is a haute couture designer specialising in personalisation. Since 1998 she has been creating bespoke dresses for unforgettable brides with her own hands.","robots":{"index":"index","follow":"follow","max-snippet":"max-snippet:-1","max-image-preview":"max-image-preview:large","max-video-preview":"max-video-preview:-1"},"canonical":"https:\/\/cristinasaura.com\/en\/cristina-saura-designer-of-wedding-dresses-2\/","og_locale":"en_US","og_type":"article","og_title":"Haute Couture Designer - Cristina Saura","og_description":"Cristina Saura is a haute couture designer specialising in personalisation. Since 1998 she has been creating bespoke dresses for unforgettable brides with her own hands.","og_url":"https:\/\/cristinasaura.com\/en\/cristina-saura-designer-of-wedding-dresses-2\/","og_site_name":"Cristina Saura","article_publisher":"https:\/\/www.facebook.com\/cristinasaurabarcelona\/","article_modified_time":"2023-09-21T11:31:59+00:00","twitter_card":"summary_large_image","twitter_site":"@cristinasabcn","twitter_misc":{"Est. reading time":"3 minutes"},"schema":{"@context":"https:\/\/schema.org","@graph":[{"@type":"WebPage","@id":"https:\/\/cristinasaura.com\/en\/cristina-saura-designer-of-wedding-dresses-2\/","url":"https:\/\/cristinasaura.com\/en\/cristina-saura-designer-of-wedding-dresses-2\/","name":"Haute Couture Designer - Cristina Saura","isPartOf":{"@id":"https:\/\/cristinasaura.com\/#website"},"datePublished":"2017-08-16T06:14:17+00:00","dateModified":"2023-09-21T11:31:59+00:00","description":"Cristina Saura is a haute couture designer specialising in personalisation. Since 1998 she has been creating bespoke dresses for unforgettable brides with her own hands.","breadcrumb":{"@id":"https:\/\/cristinasaura.com\/en\/cristina-saura-designer-of-wedding-dresses-2\/#breadcrumb"},"inLanguage":"en-US","potentialAction":[{"@type":"ReadAction","target":["https:\/\/cristinasaura.com\/en\/cristina-saura-designer-of-wedding-dresses-2\/"]}]},{"@type":"BreadcrumbList","@id":"https:\/\/cristinasaura.com\/en\/cristina-saura-designer-of-wedding-dresses-2\/#breadcrumb","itemListElement":[{"@type":"ListItem","position":1,"name":"Portada","item":"https:\/\/cristinasaura.com\/en\/"},{"@type":"ListItem","position":2,"name":"Cristina Saura \/ Designer of wedding dresses"}]},{"@type":"WebSite","@id":"https:\/\/cristinasaura.com\/#website","url":"https:\/\/cristinasaura.com\/","name":"Cristina Saura","description":"Dise\u00f1adora de vestidos de Alta Costura para Novias en Barcelona","publisher":{"@id":"https:\/\/cristinasaura.com\/#organization"},"potentialAction":[{"@type":"SearchAction","target":{"@type":"EntryPoint","urlTemplate":"https:\/\/cristinasaura.com\/?s={search_term_string}"},"query-input":{"@type":"PropertyValueSpecification","valueRequired":true,"valueName":"search_term_string"}}],"inLanguage":"en-US"},{"@type":"Organization","@id":"https:\/\/cristinasaura.com\/#organization","name":"CRISTINA SAURA","url":"https:\/\/cristinasaura.com\/","logo":{"@type":"ImageObject","inLanguage":"en-US","@id":"https:\/\/cristinasaura.com\/#\/schema\/logo\/image\/","url":"http:\/\/cristinasaura.com\/wp-content\/uploads\/2017\/12\/cristina-saura-logo.png","contentUrl":"http:\/\/cristinasaura.com\/wp-content\/uploads\/2017\/12\/cristina-saura-logo.png","width":687,"height":293,"caption":"CRISTINA SAURA"},"image":{"@id":"https:\/\/cristinasaura.com\/#\/schema\/logo\/image\/"},"sameAs":["https:\/\/www.facebook.com\/cristinasaurabarcelona\/","https:\/\/x.com\/cristinasabcn","https:\/\/www.instagram.com\/cristinasaurabcn\/","https:\/\/www.pinterest.es\/designercsaura\/"]}]}},"_links":{"self":[{"href":"https:\/\/cristinasaura.com\/en\/wp-json\/wp\/v2\/pages\/6861","targetHints":{"allow":["GET"]}}],"collection":[{"href":"https:\/\/cristinasaura.com\/en\/wp-json\/wp\/v2\/pages"}],"about":[{"href":"https:\/\/cristinasaura.com\/en\/wp-json\/wp\/v2\/types\/page"}],"author":[{"embeddable":true,"href":"https:\/\/cristinasaura.com\/en\/wp-json\/wp\/v2\/users\/3"}],"replies":[{"embeddable":true,"href":"https:\/\/cristinasaura.com\/en\/wp-json\/wp\/v2\/comments?post=6861"}],"version-history":[{"count":0,"href":"https:\/\/cristinasaura.com\/en\/wp-json\/wp\/v2\/pages\/6861\/revisions"}],"wp:attachment":[{"href":"https:\/\/cristinasaura.com\/en\/wp-json\/wp\/v2\/media?parent=6861"}],"curies":[{"name":"wp","href":"https:\/\/api.w.org\/{rel}","templated":true}]}}