{"id":6860,"date":"2018-01-25T15:28:10","date_gmt":"2018-01-25T14:28:10","guid":{"rendered":"https:\/\/cristinasaura.com\/?page_id=6860"},"modified":"2023-09-21T14:06:42","modified_gmt":"2023-09-21T12:06:42","slug":"carina-party-set","status":"publish","type":"page","link":"https:\/\/cristinasaura.com\/en\/carina-party-set\/","title":{"rendered":"Carina party set"},"content":{"rendered":"<p>[et_pb_section bb_built=&#8221;1&#8243; module_id=&#8221;empezar&#8221; _builder_version=&#8221;3.0.98&#8243; custom_margin=&#8221;0px|0px||0px&#8221; custom_padding=&#8221;0px|0px|5px|0px&#8221; next_background_color=&#8221;#000000&#8243;][et_pb_row use_custom_gutter=&#8221;on&#8221; gutter_width=&#8221;1&#8243; custom_padding=&#8221;0px|0px||0px&#8221; custom_margin=&#8221;0px|0px||0px&#8221; padding_top_1=&#8221;0px&#8221; padding_right_1=&#8221;0px&#8221; padding_left_1=&#8221;0px&#8221; padding_top_2=&#8221;0px&#8221; padding_right_2=&#8221;80px&#8221; padding_left_2=&#8221;80px&#8221; _builder_version=&#8221;3.0.98&#8243; background_size=&#8221;initial&#8221; background_position=&#8221;top_left&#8221; background_repeat=&#8221;repeat&#8221; padding_2_last_edited=&#8221;on|desktop&#8221; padding_2_phone=&#8221;60px|60px||60px&#8221; module_class_2=&#8221;fijo&#8221; make_fullwidth=&#8221;on&#8221; make_equal=&#8221;on&#8221; custom_margin_last_edited=&#8221;on|phone&#8221; padding_1_last_edited=&#8221;on|phone&#8221;][et_pb_column type=&#8221;1_2&#8243;][et_pb_image src=&#8221;http:\/\/cristinasaura.com\/wp-content\/uploads\/2018\/01\/carina1.jpg&#8221; title_text=&#8221;Designer dresses that bring modernity to your image and attractiveness to your figure.&#8221; force_fullwidth=&#8221;on&#8221; _builder_version=&#8221;3.14&#8243; custom_margin=&#8221;|0px||0px&#8221; custom_padding=&#8221;|0px||0px&#8221; alt=&#8221;The cut of the designer dresses of CRISTINA SAURA is expert and essentially unique.&#8221; \/][et_pb_image src=&#8221;http:\/\/cristinasaura.com\/wp-content\/uploads\/2018\/01\/carina3.jpg&#8221; title_text=&#8221;Vestidos de dise\u00f1ador. Desc\u00fabrelos en Carrer del Comer\u00e7 1 de Barcelona. CRISTINA S A U R A.&#8221; force_fullwidth=&#8221;on&#8221; _builder_version=&#8221;3.4.1&#8243; custom_margin=&#8221;|0px||0px&#8221; custom_padding=&#8221;|0px||0px&#8221; alt=&#8221;Vestidos de dise\u00f1ador. La dise\u00f1adora Cristina Saura conoce y domina los elementos del dise\u00f1o, y los orquesta en cada diferente contexto. Con\u00f3cela en Carrer del Comer\u00e7 1 de Barcelona.&#8221; \/][et_pb_image src=&#8221;http:\/\/cristinasaura.com\/wp-content\/uploads\/2018\/01\/carina2.jpg&#8221; title_text=&#8221;CRISTINA SAURA . Vestidos de dise\u00f1ador en Barcelona.&#8221; force_fullwidth=&#8221;on&#8221; _builder_version=&#8221;3.4.1&#8243; custom_margin=&#8221;|0px||0px&#8221; custom_padding=&#8221;|0px||0px&#8221; alt=&#8221;CRISTINA SAURA o cuando el dise\u00f1o sigue a la funci\u00f3n. Vestidos de dise\u00f1ador en Barcelona.&#8221; \/][\/et_pb_column][et_pb_column type=&#8221;1_2&#8243;][et_pb_text admin_label=&#8221;linea y letra capital mas texto&#8221; _builder_version=&#8221;3.14&#8243; text_font=&#8221;|300|||||||&#8221; header_font=&#8221;|300||on|||||&#8221; header_2_font=&#8221;|300|||||||&#8221; header_3_font=&#8221;|300|||||||&#8221; header_4_font=&#8221;|300|||||||&#8221; header_5_font=&#8221;|300|||||||&#8221; header_6_font=&#8221;|300|||||||&#8221; custom_margin_last_edited=&#8221;off|phone&#8221; custom_padding_last_edited=&#8221;off|desktop&#8221; header_font_size=&#8221;28px&#8221; module_class=&#8221;todo-fijo&#8221; saved_tabs=&#8221;all&#8221;]<\/p>\n<div>\n<p class=\"filete\"><span><\/span><\/p>\n<\/div>\n<div class=\"capital\">\n<p>C<\/p>\n<\/div>\n<div class=\"bloque-capital\">\n<h1>Carina<\/h1>\n<p style=\"text-align: center;\">Carina is an elegant and comfortable ensemble made up of a Japanese blouse and skirt. Manufactured in crepe, it shows all its finishes by hand.<\/p>\n<\/div>\n<p>[\/et_pb_text][\/et_pb_column][\/et_pb_row][\/et_pb_section][et_pb_section bb_built=&#8221;1&#8243; custom_padding_last_edited=&#8221;off|phone&#8221; _builder_version=&#8221;3.0.106&#8243; max_width_tablet=&#8221;70%&#8221; max_width_phone=&#8221;90%&#8221; max_width_last_edited=&#8221;off|phone&#8221; custom_margin=&#8221;0px|||&#8221; custom_padding=&#8221;0px|||&#8221; prev_background_color=&#8221;#000000&#8243;][et_pb_row use_custom_width=&#8221;on&#8221; custom_width_px=&#8221;780px&#8221; custom_padding=&#8221;57px|||&#8221; disabled_on=&#8221;off|off|off&#8221; _builder_version=&#8221;3.0.101&#8243;][et_pb_column type=&#8221;4_4&#8243;][et_pb_divider admin_label=&#8221;Linea Capital &#8211; 82 \/ 4&#8243; color=&#8221;#000000&#8243; show_divider=&#8221;on&#8221; divider_position=&#8221;center&#8221; divider_weight=&#8221;4&#8243; height=&#8221;20px&#8221; _builder_version=&#8221;3.9&#8243; max_width=&#8221;50px&#8221; module_alignment=&#8221;left&#8221; custom_margin_last_edited=&#8221;on|desktop&#8221; custom_padding_last_edited=&#8221;on|desktop&#8221; \/][et_pb_text admin_label=&#8221;texto capital&#8221; _builder_version=&#8221;3.14&#8243; text_font=&#8221;|300|||||||&#8221; header_2_font=&#8221;|300|||||||&#8221; header_3_font=&#8221;|300|||||||&#8221; header_4_font=&#8221;|300|||||||&#8221; header_5_font=&#8221;|300|||||||&#8221; header_6_font=&#8221;|300|||||||&#8221; custom_margin_last_edited=&#8221;on|desktop&#8221; custom_padding_last_edited=&#8221;on|desktop&#8221;]<\/p>\n<h2>DESIGNER DRESSES<\/h2>\n<p style=\"text-align: center;\">Carina is a sophisticated set of two pieces in carmine tone elaborated with heavy crepe.<br \/>\nThe elegant and unusual interpretation of the Japanese line on her blouse, with boat neckline and neck in strap, catches his attention.<br \/>\nThe bottom that accompanies, is a skirt design pants, which brings informality and freshness to the look, since it is a garment, forgotten by the way, whose origin is as functional as riding a bicycle.<br \/>\nThe attractive appearance of the look is due not only to its architecture but, in large part, to the respectful manipulation of the piece in its artisan production process.<br \/>\nIt is an appropriate set for both an informal meeting and a more serious event, taking care to coordinate some complements or others in each case.<br \/>\nThe Carina model will bring <strong>modernity <\/strong> to your image and <strong>attractive to your figure <\/strong>.<\/p>\n<p>[\/et_pb_text][\/et_pb_column][\/et_pb_row][\/et_pb_section]<\/p>\n","protected":false},"excerpt":{"rendered":"<p>C Carina Carina is an elegant and comfortable ensemble made up of a Japanese blouse and skirt. Manufactured in crepe, it shows all its finishes by hand. DESIGNER DRESSES Carina is a sophisticated set of two pieces in carmine tone elaborated with heavy crepe. The elegant and unusual interpretation of the Japanese line on her [&hellip;]<\/p>\n","protected":false},"author":3,"featured_media":0,"parent":0,"menu_order":0,"comment_status":"closed","ping_status":"closed","template":"page-product.php","meta":{"_et_pb_use_builder":"on","_et_pb_old_content":"","_et_gb_content_width":"","footnotes":""},"class_list":["post-6860","page","type-page","status-publish","hentry"],"yoast_head":"<!-- This site is optimized with the Yoast SEO plugin v26.9 - https:\/\/yoast.com\/product\/yoast-seo-wordpress\/ -->\n<title>Design Carina Haute Couture gown - Cristina Saura<\/title>\n<meta name=\"description\" content=\"The Carina Haute Couture set is an elegant and comfortable look consisting of a Japanese blouse and a trouser skirt.\" \/>\n<meta name=\"robots\" content=\"index, follow, max-snippet:-1, max-image-preview:large, max-video-preview:-1\" \/>\n<link rel=\"canonical\" href=\"https:\/\/cristinasaura.com\/en\/carina-party-set\/\" \/>\n<meta property=\"og:locale\" content=\"en_US\" \/>\n<meta property=\"og:type\" content=\"article\" \/>\n<meta property=\"og:title\" content=\"Design Carina Haute Couture gown - Cristina Saura\" \/>\n<meta property=\"og:description\" content=\"The Carina Haute Couture set is an elegant and comfortable look consisting of a Japanese blouse and a trouser skirt.\" \/>\n<meta property=\"og:url\" content=\"https:\/\/cristinasaura.com\/en\/carina-party-set\/\" \/>\n<meta property=\"og:site_name\" content=\"Cristina Saura\" \/>\n<meta property=\"article:publisher\" content=\"https:\/\/www.facebook.com\/cristinasaurabarcelona\/\" \/>\n<meta property=\"article:modified_time\" content=\"2023-09-21T12:06:42+00:00\" \/>\n<meta name=\"twitter:card\" content=\"summary_large_image\" \/>\n<meta name=\"twitter:site\" content=\"@cristinasabcn\" \/>\n<meta name=\"twitter:label1\" content=\"Est. reading time\" \/>\n\t<meta name=\"twitter:data1\" content=\"2 minutes\" \/>\n<script type=\"application\/ld+json\" class=\"yoast-schema-graph\">{\"@context\":\"https:\/\/schema.org\",\"@graph\":[{\"@type\":\"WebPage\",\"@id\":\"https:\/\/cristinasaura.com\/en\/carina-party-set\/\",\"url\":\"https:\/\/cristinasaura.com\/en\/carina-party-set\/\",\"name\":\"Design Carina Haute Couture gown - Cristina Saura\",\"isPartOf\":{\"@id\":\"https:\/\/cristinasaura.com\/#website\"},\"datePublished\":\"2018-01-25T14:28:10+00:00\",\"dateModified\":\"2023-09-21T12:06:42+00:00\",\"description\":\"The Carina Haute Couture set is an elegant and comfortable look consisting of a Japanese blouse and a trouser skirt.\",\"breadcrumb\":{\"@id\":\"https:\/\/cristinasaura.com\/en\/carina-party-set\/#breadcrumb\"},\"inLanguage\":\"en-US\",\"potentialAction\":[{\"@type\":\"ReadAction\",\"target\":[\"https:\/\/cristinasaura.com\/en\/carina-party-set\/\"]}]},{\"@type\":\"BreadcrumbList\",\"@id\":\"https:\/\/cristinasaura.com\/en\/carina-party-set\/#breadcrumb\",\"itemListElement\":[{\"@type\":\"ListItem\",\"position\":1,\"name\":\"Portada\",\"item\":\"https:\/\/cristinasaura.com\/en\/\"},{\"@type\":\"ListItem\",\"position\":2,\"name\":\"Carina party set\"}]},{\"@type\":\"WebSite\",\"@id\":\"https:\/\/cristinasaura.com\/#website\",\"url\":\"https:\/\/cristinasaura.com\/\",\"name\":\"Cristina Saura\",\"description\":\"Dise\u00f1adora de vestidos de Alta Costura para Novias en Barcelona\",\"publisher\":{\"@id\":\"https:\/\/cristinasaura.com\/#organization\"},\"potentialAction\":[{\"@type\":\"SearchAction\",\"target\":{\"@type\":\"EntryPoint\",\"urlTemplate\":\"https:\/\/cristinasaura.com\/?s={search_term_string}\"},\"query-input\":{\"@type\":\"PropertyValueSpecification\",\"valueRequired\":true,\"valueName\":\"search_term_string\"}}],\"inLanguage\":\"en-US\"},{\"@type\":\"Organization\",\"@id\":\"https:\/\/cristinasaura.com\/#organization\",\"name\":\"CRISTINA SAURA\",\"url\":\"https:\/\/cristinasaura.com\/\",\"logo\":{\"@type\":\"ImageObject\",\"inLanguage\":\"en-US\",\"@id\":\"https:\/\/cristinasaura.com\/#\/schema\/logo\/image\/\",\"url\":\"http:\/\/cristinasaura.com\/wp-content\/uploads\/2017\/12\/cristina-saura-logo.png\",\"contentUrl\":\"http:\/\/cristinasaura.com\/wp-content\/uploads\/2017\/12\/cristina-saura-logo.png\",\"width\":687,\"height\":293,\"caption\":\"CRISTINA SAURA\"},\"image\":{\"@id\":\"https:\/\/cristinasaura.com\/#\/schema\/logo\/image\/\"},\"sameAs\":[\"https:\/\/www.facebook.com\/cristinasaurabarcelona\/\",\"https:\/\/x.com\/cristinasabcn\",\"https:\/\/www.instagram.com\/cristinasaurabcn\/\",\"https:\/\/www.pinterest.es\/designercsaura\/\"]}]}<\/script>\n<!-- \/ Yoast SEO plugin. -->","yoast_head_json":{"title":"Design Carina Haute Couture gown - Cristina Saura","description":"The Carina Haute Couture set is an elegant and comfortable look consisting of a Japanese blouse and a trouser skirt.","robots":{"index":"index","follow":"follow","max-snippet":"max-snippet:-1","max-image-preview":"max-image-preview:large","max-video-preview":"max-video-preview:-1"},"canonical":"https:\/\/cristinasaura.com\/en\/carina-party-set\/","og_locale":"en_US","og_type":"article","og_title":"Design Carina Haute Couture gown - Cristina Saura","og_description":"The Carina Haute Couture set is an elegant and comfortable look consisting of a Japanese blouse and a trouser skirt.","og_url":"https:\/\/cristinasaura.com\/en\/carina-party-set\/","og_site_name":"Cristina Saura","article_publisher":"https:\/\/www.facebook.com\/cristinasaurabarcelona\/","article_modified_time":"2023-09-21T12:06:42+00:00","twitter_card":"summary_large_image","twitter_site":"@cristinasabcn","twitter_misc":{"Est. reading time":"2 minutes"},"schema":{"@context":"https:\/\/schema.org","@graph":[{"@type":"WebPage","@id":"https:\/\/cristinasaura.com\/en\/carina-party-set\/","url":"https:\/\/cristinasaura.com\/en\/carina-party-set\/","name":"Design Carina Haute Couture gown - Cristina Saura","isPartOf":{"@id":"https:\/\/cristinasaura.com\/#website"},"datePublished":"2018-01-25T14:28:10+00:00","dateModified":"2023-09-21T12:06:42+00:00","description":"The Carina Haute Couture set is an elegant and comfortable look consisting of a Japanese blouse and a trouser skirt.","breadcrumb":{"@id":"https:\/\/cristinasaura.com\/en\/carina-party-set\/#breadcrumb"},"inLanguage":"en-US","potentialAction":[{"@type":"ReadAction","target":["https:\/\/cristinasaura.com\/en\/carina-party-set\/"]}]},{"@type":"BreadcrumbList","@id":"https:\/\/cristinasaura.com\/en\/carina-party-set\/#breadcrumb","itemListElement":[{"@type":"ListItem","position":1,"name":"Portada","item":"https:\/\/cristinasaura.com\/en\/"},{"@type":"ListItem","position":2,"name":"Carina party set"}]},{"@type":"WebSite","@id":"https:\/\/cristinasaura.com\/#website","url":"https:\/\/cristinasaura.com\/","name":"Cristina Saura","description":"Dise\u00f1adora de vestidos de Alta Costura para Novias en Barcelona","publisher":{"@id":"https:\/\/cristinasaura.com\/#organization"},"potentialAction":[{"@type":"SearchAction","target":{"@type":"EntryPoint","urlTemplate":"https:\/\/cristinasaura.com\/?s={search_term_string}"},"query-input":{"@type":"PropertyValueSpecification","valueRequired":true,"valueName":"search_term_string"}}],"inLanguage":"en-US"},{"@type":"Organization","@id":"https:\/\/cristinasaura.com\/#organization","name":"CRISTINA SAURA","url":"https:\/\/cristinasaura.com\/","logo":{"@type":"ImageObject","inLanguage":"en-US","@id":"https:\/\/cristinasaura.com\/#\/schema\/logo\/image\/","url":"http:\/\/cristinasaura.com\/wp-content\/uploads\/2017\/12\/cristina-saura-logo.png","contentUrl":"http:\/\/cristinasaura.com\/wp-content\/uploads\/2017\/12\/cristina-saura-logo.png","width":687,"height":293,"caption":"CRISTINA SAURA"},"image":{"@id":"https:\/\/cristinasaura.com\/#\/schema\/logo\/image\/"},"sameAs":["https:\/\/www.facebook.com\/cristinasaurabarcelona\/","https:\/\/x.com\/cristinasabcn","https:\/\/www.instagram.com\/cristinasaurabcn\/","https:\/\/www.pinterest.es\/designercsaura\/"]}]}},"_links":{"self":[{"href":"https:\/\/cristinasaura.com\/en\/wp-json\/wp\/v2\/pages\/6860","targetHints":{"allow":["GET"]}}],"collection":[{"href":"https:\/\/cristinasaura.com\/en\/wp-json\/wp\/v2\/pages"}],"about":[{"href":"https:\/\/cristinasaura.com\/en\/wp-json\/wp\/v2\/types\/page"}],"author":[{"embeddable":true,"href":"https:\/\/cristinasaura.com\/en\/wp-json\/wp\/v2\/users\/3"}],"replies":[{"embeddable":true,"href":"https:\/\/cristinasaura.com\/en\/wp-json\/wp\/v2\/comments?post=6860"}],"version-history":[{"count":0,"href":"https:\/\/cristinasaura.com\/en\/wp-json\/wp\/v2\/pages\/6860\/revisions"}],"wp:attachment":[{"href":"https:\/\/cristinasaura.com\/en\/wp-json\/wp\/v2\/media?parent=6860"}],"curies":[{"name":"wp","href":"https:\/\/api.w.org\/{rel}","templated":true}]}}