{"id":7797,"date":"2018-09-26T19:15:33","date_gmt":"2018-09-26T17:15:33","guid":{"rendered":"https:\/\/cristinasaura.com\/?page_id=7797"},"modified":"2023-09-21T10:28:24","modified_gmt":"2023-09-21T08:28:24","slug":"fedra-alta-costura","status":"publish","type":"page","link":"https:\/\/cristinasaura.com\/ca\/fedra-alta-costura\/","title":{"rendered":"Fedra Alta Costura"},"content":{"rendered":"<p>[et_pb_section bb_built=&#8221;1&#8243; module_id=&#8221;empezar&#8221; _builder_version=&#8221;3.0.98&#8243; custom_margin=&#8221;0px|0px||0px&#8221; custom_padding=&#8221;0px|0px|5px|0px&#8221; inner_width=&#8221;auto&#8221; inner_max_width=&#8221;none&#8221; next_background_color=&#8221;#000000&#8243;][et_pb_row use_custom_gutter=&#8221;on&#8221; gutter_width=&#8221;1&#8243; custom_padding=&#8221;0px|0px||0px&#8221; custom_margin=&#8221;0px|0px||0px&#8221; padding_top_1=&#8221;0px&#8221; padding_right_1=&#8221;0px&#8221; padding_left_1=&#8221;0px&#8221; padding_top_2=&#8221;0px&#8221; padding_right_2=&#8221;80px&#8221; padding_left_2=&#8221;80px&#8221; _builder_version=&#8221;3.0.98&#8243; background_size=&#8221;initial&#8221; background_position=&#8221;top_left&#8221; background_repeat=&#8221;repeat&#8221; padding_2_last_edited=&#8221;on|desktop&#8221; padding_2_phone=&#8221;60px|60px||60px&#8221; module_class_2=&#8221;fijo&#8221; make_fullwidth=&#8221;on&#8221; make_equal=&#8221;on&#8221; custom_margin_last_edited=&#8221;on|phone&#8221; padding_1_last_edited=&#8221;on|phone&#8221; module_class=&#8221; et_pb_row_fullwidth&#8221; width=&#8221;100%&#8221; width_tablet=&#8221;100%&#8221; width_last_edited=&#8221;on|desktop&#8221; max_width=&#8221;100%&#8221; max_width_tablet=&#8221;100%&#8221; max_width_last_edited=&#8221;on|desktop&#8221;][et_pb_column type=&#8221;1_2&#8243;][et_pb_image admin_label=&#8221;FEDRA GAZAR&#8221; src=&#8221;http:\/\/cristinasaura.com\/wp-content\/uploads\/2018\/09\/carismatica-fedra.jpg&#8221; title_text=&#8221;Titulo de la imagen&#8221; force_fullwidth=&#8221;on&#8221; _builder_version=&#8221;3.15&#8243; custom_margin=&#8221;|0px||0px&#8221; custom_padding=&#8221;|0px||0px&#8221; alt=&#8221;El cuerpo del vestido de Alta Costura, de corte cl\u00e1sico, acompa\u00f1a el trazado de la falda dando continuidad a cada pliegue con una costura.&#8221; \/][et_pb_image admin_label=&#8221;CINTIA&#8221; src=&#8221;http:\/\/cristinasaura.com\/wp-content\/uploads\/2018\/01\/cintia3.jpg&#8221; title_text=&#8221;Titulo de la imagen&#8221; force_fullwidth=&#8221;on&#8221; _builder_version=&#8221;3.15&#8243; custom_margin=&#8221;|0px||0px&#8221; custom_padding=&#8221;|0px||0px&#8221; show_in_lightbox=&#8221;off&#8221; url_new_window=&#8221;off&#8221; use_overlay=&#8221;off&#8221; always_center_on_mobile=&#8221;on&#8221; show_bottom_space=&#8221;on&#8221; disabled_on=&#8221;on|on|on&#8221; disabled=&#8221;on&#8221; \/][et_pb_image src=&#8221;http:\/\/cristinasaura.com\/wp-content\/uploads\/2018\/01\/gracia1.jpg&#8221; title_text=&#8221;Titulo de la imagen&#8221; force_fullwidth=&#8221;on&#8221; _builder_version=&#8221;3.0.96&#8243; custom_margin=&#8221;|0px||0px&#8221; custom_padding=&#8221;|0px||0px&#8221; show_in_lightbox=&#8221;off&#8221; url_new_window=&#8221;off&#8221; use_overlay=&#8221;off&#8221; always_center_on_mobile=&#8221;on&#8221; show_bottom_space=&#8221;on&#8221; module_class=&#8221;suau&#8221; disabled_on=&#8221;on|on|on&#8221; disabled=&#8221;on&#8221; \/][\/et_pb_column][et_pb_column type=&#8221;1_2&#8243;][et_pb_divider admin_label=&#8221;Linea Capital &#8211; Fijo&#8221; _builder_version=&#8221;3.0.98&#8243; show_divider=&#8221;on&#8221; divider_weight=&#8221;4&#8243; height=&#8221;20px&#8221; color=&#8221;#000000&#8243; max_width=&#8221;50px&#8221; module_alignment=&#8221;left&#8221; custom_margin=&#8221;0px|0px|10px|0px&#8221; custom_padding=&#8221;0px|0px|0px|80px&#8221; custom_padding_phone=&#8221;0px|0px|0px|0px&#8221; custom_padding_last_edited=&#8221;on|desktop&#8221; divider_position=&#8221;center&#8221; custom_margin_last_edited=&#8221;on|phone&#8221; disabled_on=&#8221;on|on|on&#8221; disabled=&#8221;on&#8221; \/][et_pb_text admin_label=&#8221;Letra Capital &#8211; Fijo&#8221; _builder_version=&#8221;3.15&#8243; text_font=&#8221;|300||on|||||&#8221; text_font_size=&#8221;80px&#8221; text_line_height=&#8221;1em&#8221; custom_margin=&#8221;0px|0px|0px|0px&#8221; custom_padding=&#8221;0px|0px|0px|0px&#8221; border_color_all=&#8221;#ffffff&#8221; border_style_all=&#8221;none&#8221; custom_margin_phone=&#8221;-10px|0px|50px|0px&#8221; custom_margin_last_edited=&#8221;on|desktop&#8221; custom_padding_last_edited=&#8221;on|desktop&#8221; header_font_size=&#8221;32px&#8221; disabled_on=&#8221;on|on|on&#8221; disabled=&#8221;on&#8221;]<\/p>\n<p>F<\/p>\n<p>[\/et_pb_text][et_pb_text admin_label=&#8221;Titulo y texto &#8211; Fijo&#8221; _builder_version=&#8221;3.22.7&#8243; text_font=&#8221;|300|||||||&#8221; header_font=&#8221;|300||on|||||&#8221; header_2_font=&#8221;|300|||||||&#8221; header_3_font=&#8221;|300|||||||&#8221; header_4_font=&#8221;|300|||||||&#8221; header_5_font=&#8221;|300|||||||&#8221; header_6_font=&#8221;|300|||||||&#8221; custom_margin=&#8221;0px|0px|0px|0px&#8221; custom_padding=&#8221;0px|0px|0px|80px&#8221; custom_margin_last_edited=&#8221;on|phone&#8221; custom_padding_phone=&#8221;0px|0px|0px|0px&#8221; custom_padding_last_edited=&#8221;on|phone&#8221; header_font_size=&#8221;28px&#8221; disabled_on=&#8221;on|on|on&#8221; disabled=&#8221;on&#8221;]<\/p>\n<h1>Fedra<\/h1>\n<p style=\"text-align: center;\">Fedra \u00e9s un vestit de tall cl\u00e0ssic, elaborat en gazar de seda. La l\u00ednia del cos acompanya el tra\u00e7at de la faldilla donant continu\u00eftat a cada plec amb una costura. Tants plecs com t\u00e9 la faldilla t\u00e9 de peces el cos, que s\u00f3n 12.<\/p>\n<p>[\/et_pb_text][et_pb_text admin_label=&#8221;linea y letra capital mas texto&#8221; _builder_version=&#8221;3.22.7&#8243; text_font=&#8221;|300|||||||&#8221; header_font=&#8221;|300||on|||||&#8221; header_2_font=&#8221;|300|||||||&#8221; header_3_font=&#8221;|300|||||||&#8221; header_4_font=&#8221;|300|||||||&#8221; header_5_font=&#8221;|300|||||||&#8221; header_6_font=&#8221;|300|||||||&#8221; custom_margin_last_edited=&#8221;off|phone&#8221; custom_padding_last_edited=&#8221;off|desktop&#8221; header_font_size=&#8221;28px&#8221; module_class=&#8221;todo-fijo&#8221; saved_tabs=&#8221;all&#8221; text_text_shadow_horizontal_length=&#8221;text_text_shadow_style,%91object Object%93&#8243; text_text_shadow_vertical_length=&#8221;text_text_shadow_style,%91object Object%93&#8243; text_text_shadow_blur_strength=&#8221;text_text_shadow_style,%91object Object%93&#8243; link_text_shadow_horizontal_length=&#8221;link_text_shadow_style,%91object Object%93&#8243; link_text_shadow_vertical_length=&#8221;link_text_shadow_style,%91object Object%93&#8243; link_text_shadow_blur_strength=&#8221;link_text_shadow_style,%91object Object%93&#8243; ul_text_shadow_horizontal_length=&#8221;ul_text_shadow_style,%91object Object%93&#8243; ul_text_shadow_vertical_length=&#8221;ul_text_shadow_style,%91object Object%93&#8243; ul_text_shadow_blur_strength=&#8221;ul_text_shadow_style,%91object Object%93&#8243; ol_text_shadow_horizontal_length=&#8221;ol_text_shadow_style,%91object Object%93&#8243; ol_text_shadow_vertical_length=&#8221;ol_text_shadow_style,%91object Object%93&#8243; ol_text_shadow_blur_strength=&#8221;ol_text_shadow_style,%91object Object%93&#8243; quote_text_shadow_horizontal_length=&#8221;quote_text_shadow_style,%91object Object%93&#8243; quote_text_shadow_vertical_length=&#8221;quote_text_shadow_style,%91object Object%93&#8243; quote_text_shadow_blur_strength=&#8221;quote_text_shadow_style,%91object Object%93&#8243; header_text_shadow_horizontal_length=&#8221;header_text_shadow_style,%91object Object%93&#8243; header_text_shadow_vertical_length=&#8221;header_text_shadow_style,%91object Object%93&#8243; header_text_shadow_blur_strength=&#8221;header_text_shadow_style,%91object Object%93&#8243; header_2_text_shadow_horizontal_length=&#8221;header_2_text_shadow_style,%91object Object%93&#8243; header_2_text_shadow_vertical_length=&#8221;header_2_text_shadow_style,%91object Object%93&#8243; header_2_text_shadow_blur_strength=&#8221;header_2_text_shadow_style,%91object Object%93&#8243; header_3_text_shadow_horizontal_length=&#8221;header_3_text_shadow_style,%91object Object%93&#8243; header_3_text_shadow_vertical_length=&#8221;header_3_text_shadow_style,%91object Object%93&#8243; header_3_text_shadow_blur_strength=&#8221;header_3_text_shadow_style,%91object Object%93&#8243; header_4_text_shadow_horizontal_length=&#8221;header_4_text_shadow_style,%91object Object%93&#8243; header_4_text_shadow_vertical_length=&#8221;header_4_text_shadow_style,%91object Object%93&#8243; header_4_text_shadow_blur_strength=&#8221;header_4_text_shadow_style,%91object Object%93&#8243; header_5_text_shadow_horizontal_length=&#8221;header_5_text_shadow_style,%91object Object%93&#8243; header_5_text_shadow_vertical_length=&#8221;header_5_text_shadow_style,%91object Object%93&#8243; header_5_text_shadow_blur_strength=&#8221;header_5_text_shadow_style,%91object Object%93&#8243; header_6_text_shadow_horizontal_length=&#8221;header_6_text_shadow_style,%91object Object%93&#8243; header_6_text_shadow_vertical_length=&#8221;header_6_text_shadow_style,%91object Object%93&#8243; header_6_text_shadow_blur_strength=&#8221;header_6_text_shadow_style,%91object Object%93&#8243; z_index_tablet=&#8221;500&#8243;]<\/p>\n<div>\n<p class=\"filete\">\n<\/div>\n<div class=\"capital\">\n<p>F<\/p>\n<\/div>\n<div class=\"bloque-capital\">\n<h1>Fedra<\/h1>\n<p style=\"text-align: center;\">Fedra \u00e9s un vestit de tall cl\u00e0ssic, elaborat en gazar de seda. La l\u00ednia del cos acompanya el tra\u00e7at de la faldilla donant continu\u00eftat a cada plec amb una costura. Tants plecs com t\u00e9 la faldilla t\u00e9 de peces el cos, que s\u00f3n 12.<\/p>\n<\/div>\n<p>[\/et_pb_text][\/et_pb_column][\/et_pb_row][\/et_pb_section][et_pb_section bb_built=&#8221;1&#8243; custom_padding_last_edited=&#8221;off|phone&#8221; _builder_version=&#8221;3.0.106&#8243; max_width_tablet=&#8221;70%&#8221; max_width_phone=&#8221;90%&#8221; max_width_last_edited=&#8221;off|phone&#8221; custom_margin=&#8221;0px|||&#8221; custom_padding=&#8221;0px|||&#8221; prev_background_color=&#8221;#000000&#8243; inner_width=&#8221;auto&#8221; inner_max_width=&#8221;none&#8221;][et_pb_row use_custom_width=&#8221;on&#8221; custom_width_px=&#8221;780px&#8221; custom_padding=&#8221;57px|||&#8221; disabled_on=&#8221;off|off|off&#8221; _builder_version=&#8221;3.0.101&#8243; width=&#8221;80%&#8221; max_width=&#8221;780px&#8221;][et_pb_column type=&#8221;4_4&#8243;][et_pb_divider admin_label=&#8221;Linea Capital &#8211; 82 \/ 4&#8243; color=&#8221;#000000&#8243; show_divider=&#8221;on&#8221; divider_position=&#8221;center&#8221; divider_weight=&#8221;4&#8243; height=&#8221;20px&#8221; _builder_version=&#8221;3.0.106&#8243; max_width=&#8221;50px&#8221; module_alignment=&#8221;left&#8221; custom_margin_last_edited=&#8221;on|desktop&#8221; custom_padding_last_edited=&#8221;on|desktop&#8221; \/][et_pb_text admin_label=&#8221;texto capital&#8221; _builder_version=&#8221;3.22.7&#8243; text_font=&#8221;|300|||||||&#8221; text_line_height=&#8221;1.6em&#8221; header_2_font=&#8221;|300|||||||&#8221; header_3_font=&#8221;|300|||||||&#8221; header_4_font=&#8221;|300|||||||&#8221; header_5_font=&#8221;|300|||||||&#8221; header_6_font=&#8221;|300|||||||&#8221; custom_margin_last_edited=&#8221;on|desktop&#8221; custom_padding_last_edited=&#8221;on|desktop&#8221; text_text_shadow_horizontal_length=&#8221;text_text_shadow_style,%91object Object%93&#8243; text_text_shadow_vertical_length=&#8221;text_text_shadow_style,%91object Object%93&#8243; text_text_shadow_blur_strength=&#8221;text_text_shadow_style,%91object Object%93&#8243; link_text_shadow_horizontal_length=&#8221;link_text_shadow_style,%91object Object%93&#8243; link_text_shadow_vertical_length=&#8221;link_text_shadow_style,%91object Object%93&#8243; link_text_shadow_blur_strength=&#8221;link_text_shadow_style,%91object Object%93&#8243; ul_text_shadow_horizontal_length=&#8221;ul_text_shadow_style,%91object Object%93&#8243; ul_text_shadow_vertical_length=&#8221;ul_text_shadow_style,%91object Object%93&#8243; ul_text_shadow_blur_strength=&#8221;ul_text_shadow_style,%91object Object%93&#8243; ol_text_shadow_horizontal_length=&#8221;ol_text_shadow_style,%91object Object%93&#8243; ol_text_shadow_vertical_length=&#8221;ol_text_shadow_style,%91object Object%93&#8243; ol_text_shadow_blur_strength=&#8221;ol_text_shadow_style,%91object Object%93&#8243; quote_text_shadow_horizontal_length=&#8221;quote_text_shadow_style,%91object Object%93&#8243; quote_text_shadow_vertical_length=&#8221;quote_text_shadow_style,%91object Object%93&#8243; quote_text_shadow_blur_strength=&#8221;quote_text_shadow_style,%91object Object%93&#8243; header_text_shadow_horizontal_length=&#8221;header_text_shadow_style,%91object Object%93&#8243; header_text_shadow_vertical_length=&#8221;header_text_shadow_style,%91object Object%93&#8243; header_text_shadow_blur_strength=&#8221;header_text_shadow_style,%91object Object%93&#8243; header_2_text_shadow_horizontal_length=&#8221;header_2_text_shadow_style,%91object Object%93&#8243; header_2_text_shadow_vertical_length=&#8221;header_2_text_shadow_style,%91object Object%93&#8243; header_2_text_shadow_blur_strength=&#8221;header_2_text_shadow_style,%91object Object%93&#8243; header_3_text_shadow_horizontal_length=&#8221;header_3_text_shadow_style,%91object Object%93&#8243; header_3_text_shadow_vertical_length=&#8221;header_3_text_shadow_style,%91object Object%93&#8243; header_3_text_shadow_blur_strength=&#8221;header_3_text_shadow_style,%91object Object%93&#8243; header_4_text_shadow_horizontal_length=&#8221;header_4_text_shadow_style,%91object Object%93&#8243; header_4_text_shadow_vertical_length=&#8221;header_4_text_shadow_style,%91object Object%93&#8243; header_4_text_shadow_blur_strength=&#8221;header_4_text_shadow_style,%91object Object%93&#8243; header_5_text_shadow_horizontal_length=&#8221;header_5_text_shadow_style,%91object Object%93&#8243; header_5_text_shadow_vertical_length=&#8221;header_5_text_shadow_style,%91object Object%93&#8243; header_5_text_shadow_blur_strength=&#8221;header_5_text_shadow_style,%91object Object%93&#8243; header_6_text_shadow_horizontal_length=&#8221;header_6_text_shadow_style,%91object Object%93&#8243; header_6_text_shadow_vertical_length=&#8221;header_6_text_shadow_style,%91object Object%93&#8243; header_6_text_shadow_blur_strength=&#8221;header_6_text_shadow_style,%91object Object%93&#8243; z_index_tablet=&#8221;500&#8243;]<\/p>\n<p style=\"text-align: center;\">Si artesania \u00e9s el desig de realitzar b\u00e9 una tasca, sense m\u00e9s, nom\u00e9s per fer-la b\u00e9 (Sennett 2009), Alta Costura \u00e9s una conversa entre l&#8217;artes\u00e0 i la mat\u00e8ria.<\/p>\n<p style=\"text-align: center;\">\nLa principal caracter\u00edstica de Fedra \u00e9s com s&#8217;ha resolt el patr\u00f3 de capa de la seva faldilla de 7 metres de vol, que inclou en el seu tra\u00e7at plecs que en tancar a 24 cent\u00edmetres de la cintura dibuixen una suggerent l\u00ednia que la dibuixa, recorrent el maluc en cerca de la cuixa.<\/p>\n<p style=\"text-align: center;\">\nEl cos del vestit, que \u00e9s de tall cl\u00e0ssic acompanya el tra\u00e7at de la faldilla donant continu\u00eftat a cada plec amb una costura, perfilant amb detall la figura femenina. Tantes taules com t\u00e9 la faldilla t\u00e9 de peces de costadillo el cos, que s\u00f3n 12.<\/p>\n<p style=\"text-align: center;\">\nCada costura \u00e9s una oportunitat per definir el bust de la dona; en el davant, l&#8217;esquerda que precedeix l&#8217;alt del pit, la corba convexa que segueix, el contorn del t\u00f2rax sota el pit fins arribar a la cintura, ia l&#8217;esquena el subtil arc que s&#8217;endevina des de la base del coll i esc\u00e0pula fins la zona lumbar.<\/p>\n<p style=\"text-align: center;\">\nA la recerca d&#8217;una l\u00ednia tradicional Fedra projecta una espatlla recte, net i una estudiada sisa que alberga una aut\u00e8ntica m\u00e0niga sastre reproduint la semiflexi\u00f3 natural del bra\u00e7.<\/p>\n<p>Un pronunciat escot en &#8220;V&#8221; al davanter sobrepassant l&#8217;alt del pit culmina el disseny del femen\u00ed i minimal cos capa\u00e7 de fer brillar a una impressionant n\u00favia.<\/p>\n<p style=\"text-align: center;\">\nFedra Alta Costura est\u00e0 constru\u00efda amb gazar de seda, el teixit representatiu del mestre Cristobal Balenciaga pel seu aspecte regi i semitransparent, tacte uniforme i el diminut relleu del seu entramat.<\/p>\n<p>[\/et_pb_text][\/et_pb_column][\/et_pb_row][\/et_pb_section]<\/p>\n","protected":false},"excerpt":{"rendered":"<p>F Fedra Fedra \u00e9s un vestit de tall cl\u00e0ssic, elaborat en gazar de seda. La l\u00ednia del cos acompanya el tra\u00e7at de la faldilla donant continu\u00eftat a cada plec amb una costura. Tants plecs com t\u00e9 la faldilla t\u00e9 de peces el cos, que s\u00f3n 12. F Fedra Fedra \u00e9s un vestit de tall cl\u00e0ssic, [&hellip;]<\/p>\n","protected":false},"author":1,"featured_media":0,"parent":0,"menu_order":0,"comment_status":"closed","ping_status":"closed","template":"page-product.php","meta":{"_et_pb_use_builder":"on","_et_pb_old_content":"","_et_gb_content_width":"","footnotes":""},"class_list":["post-7797","page","type-page","status-publish","hentry"],"yoast_head":"<!-- This site is optimized with the Yoast SEO plugin v26.9 - https:\/\/yoast.com\/product\/yoast-seo-wordpress\/ -->\n<title>Vestit de n\u00favia d&#039;Alta Costura disseny Fedra - Cristina Saura<\/title>\n<meta name=\"description\" content=\"Vestit de n\u00favia d\u00b4Alta Costura disseny Fedra. D&#039;aspecte regi i tacte uniforme el vestit es realitza en gazar de seda, el teixit representatiu del mestre Crist\u00f3bal Balenciaga.\" \/>\n<meta name=\"robots\" content=\"index, follow, max-snippet:-1, max-image-preview:large, max-video-preview:-1\" \/>\n<link rel=\"canonical\" href=\"https:\/\/cristinasaura.com\/ca\/fedra-alta-costura\/\" \/>\n<meta property=\"og:locale\" content=\"ca_ES\" \/>\n<meta property=\"og:type\" content=\"article\" \/>\n<meta property=\"og:title\" content=\"Vestit de n\u00favia d&#039;Alta Costura disseny Fedra - Cristina Saura\" \/>\n<meta property=\"og:description\" content=\"Vestit de n\u00favia d\u00b4Alta Costura disseny Fedra. D&#039;aspecte regi i tacte uniforme el vestit es realitza en gazar de seda, el teixit representatiu del mestre Crist\u00f3bal Balenciaga.\" \/>\n<meta property=\"og:url\" content=\"https:\/\/cristinasaura.com\/ca\/fedra-alta-costura\/\" \/>\n<meta property=\"og:site_name\" content=\"Cristina Saura\" \/>\n<meta property=\"article:publisher\" content=\"https:\/\/www.facebook.com\/cristinasaurabarcelona\/\" \/>\n<meta property=\"article:modified_time\" content=\"2023-09-21T08:28:24+00:00\" \/>\n<meta name=\"twitter:card\" content=\"summary_large_image\" \/>\n<meta name=\"twitter:site\" content=\"@cristinasabcn\" \/>\n<meta name=\"twitter:label1\" content=\"Temps estimat de lectura\" \/>\n\t<meta name=\"twitter:data1\" content=\"4 minuts\" \/>\n<script type=\"application\/ld+json\" class=\"yoast-schema-graph\">{\"@context\":\"https:\/\/schema.org\",\"@graph\":[{\"@type\":\"WebPage\",\"@id\":\"https:\/\/cristinasaura.com\/ca\/fedra-alta-costura\/\",\"url\":\"https:\/\/cristinasaura.com\/ca\/fedra-alta-costura\/\",\"name\":\"Vestit de n\u00favia d'Alta Costura disseny Fedra - Cristina Saura\",\"isPartOf\":{\"@id\":\"https:\/\/cristinasaura.com\/#website\"},\"datePublished\":\"2018-09-26T17:15:33+00:00\",\"dateModified\":\"2023-09-21T08:28:24+00:00\",\"description\":\"Vestit de n\u00favia d\u00b4Alta Costura disseny Fedra. D'aspecte regi i tacte uniforme el vestit es realitza en gazar de seda, el teixit representatiu del mestre Crist\u00f3bal Balenciaga.\",\"breadcrumb\":{\"@id\":\"https:\/\/cristinasaura.com\/ca\/fedra-alta-costura\/#breadcrumb\"},\"inLanguage\":\"ca\",\"potentialAction\":[{\"@type\":\"ReadAction\",\"target\":[\"https:\/\/cristinasaura.com\/ca\/fedra-alta-costura\/\"]}]},{\"@type\":\"BreadcrumbList\",\"@id\":\"https:\/\/cristinasaura.com\/ca\/fedra-alta-costura\/#breadcrumb\",\"itemListElement\":[{\"@type\":\"ListItem\",\"position\":1,\"name\":\"Portada\",\"item\":\"https:\/\/cristinasaura.com\/ca\/\"},{\"@type\":\"ListItem\",\"position\":2,\"name\":\"Fedra Alta Costura\"}]},{\"@type\":\"WebSite\",\"@id\":\"https:\/\/cristinasaura.com\/#website\",\"url\":\"https:\/\/cristinasaura.com\/\",\"name\":\"Cristina Saura\",\"description\":\"Dise\u00f1adora de vestidos de novia y fiesta de Alta Costura en Barcelona\",\"publisher\":{\"@id\":\"https:\/\/cristinasaura.com\/#organization\"},\"potentialAction\":[{\"@type\":\"SearchAction\",\"target\":{\"@type\":\"EntryPoint\",\"urlTemplate\":\"https:\/\/cristinasaura.com\/?s={search_term_string}\"},\"query-input\":{\"@type\":\"PropertyValueSpecification\",\"valueRequired\":true,\"valueName\":\"search_term_string\"}}],\"inLanguage\":\"ca\"},{\"@type\":\"Organization\",\"@id\":\"https:\/\/cristinasaura.com\/#organization\",\"name\":\"CRISTINA SAURA\",\"url\":\"https:\/\/cristinasaura.com\/\",\"logo\":{\"@type\":\"ImageObject\",\"inLanguage\":\"ca\",\"@id\":\"https:\/\/cristinasaura.com\/#\/schema\/logo\/image\/\",\"url\":\"http:\/\/cristinasaura.com\/wp-content\/uploads\/2017\/12\/cristina-saura-logo.png\",\"contentUrl\":\"http:\/\/cristinasaura.com\/wp-content\/uploads\/2017\/12\/cristina-saura-logo.png\",\"width\":687,\"height\":293,\"caption\":\"CRISTINA SAURA\"},\"image\":{\"@id\":\"https:\/\/cristinasaura.com\/#\/schema\/logo\/image\/\"},\"sameAs\":[\"https:\/\/www.facebook.com\/cristinasaurabarcelona\/\",\"https:\/\/x.com\/cristinasabcn\",\"https:\/\/www.instagram.com\/cristinasaurabcn\/\",\"https:\/\/www.pinterest.es\/designercsaura\/\"]}]}<\/script>\n<!-- \/ Yoast SEO plugin. -->","yoast_head_json":{"title":"Vestit de n\u00favia d'Alta Costura disseny Fedra - Cristina Saura","description":"Vestit de n\u00favia d\u00b4Alta Costura disseny Fedra. D'aspecte regi i tacte uniforme el vestit es realitza en gazar de seda, el teixit representatiu del mestre Crist\u00f3bal Balenciaga.","robots":{"index":"index","follow":"follow","max-snippet":"max-snippet:-1","max-image-preview":"max-image-preview:large","max-video-preview":"max-video-preview:-1"},"canonical":"https:\/\/cristinasaura.com\/ca\/fedra-alta-costura\/","og_locale":"ca_ES","og_type":"article","og_title":"Vestit de n\u00favia d'Alta Costura disseny Fedra - Cristina Saura","og_description":"Vestit de n\u00favia d\u00b4Alta Costura disseny Fedra. D'aspecte regi i tacte uniforme el vestit es realitza en gazar de seda, el teixit representatiu del mestre Crist\u00f3bal Balenciaga.","og_url":"https:\/\/cristinasaura.com\/ca\/fedra-alta-costura\/","og_site_name":"Cristina Saura","article_publisher":"https:\/\/www.facebook.com\/cristinasaurabarcelona\/","article_modified_time":"2023-09-21T08:28:24+00:00","twitter_card":"summary_large_image","twitter_site":"@cristinasabcn","twitter_misc":{"Temps estimat de lectura":"4 minuts"},"schema":{"@context":"https:\/\/schema.org","@graph":[{"@type":"WebPage","@id":"https:\/\/cristinasaura.com\/ca\/fedra-alta-costura\/","url":"https:\/\/cristinasaura.com\/ca\/fedra-alta-costura\/","name":"Vestit de n\u00favia d'Alta Costura disseny Fedra - Cristina Saura","isPartOf":{"@id":"https:\/\/cristinasaura.com\/#website"},"datePublished":"2018-09-26T17:15:33+00:00","dateModified":"2023-09-21T08:28:24+00:00","description":"Vestit de n\u00favia d\u00b4Alta Costura disseny Fedra. D'aspecte regi i tacte uniforme el vestit es realitza en gazar de seda, el teixit representatiu del mestre Crist\u00f3bal Balenciaga.","breadcrumb":{"@id":"https:\/\/cristinasaura.com\/ca\/fedra-alta-costura\/#breadcrumb"},"inLanguage":"ca","potentialAction":[{"@type":"ReadAction","target":["https:\/\/cristinasaura.com\/ca\/fedra-alta-costura\/"]}]},{"@type":"BreadcrumbList","@id":"https:\/\/cristinasaura.com\/ca\/fedra-alta-costura\/#breadcrumb","itemListElement":[{"@type":"ListItem","position":1,"name":"Portada","item":"https:\/\/cristinasaura.com\/ca\/"},{"@type":"ListItem","position":2,"name":"Fedra Alta Costura"}]},{"@type":"WebSite","@id":"https:\/\/cristinasaura.com\/#website","url":"https:\/\/cristinasaura.com\/","name":"Cristina Saura","description":"Dise\u00f1adora de vestidos de novia y fiesta de Alta Costura en Barcelona","publisher":{"@id":"https:\/\/cristinasaura.com\/#organization"},"potentialAction":[{"@type":"SearchAction","target":{"@type":"EntryPoint","urlTemplate":"https:\/\/cristinasaura.com\/?s={search_term_string}"},"query-input":{"@type":"PropertyValueSpecification","valueRequired":true,"valueName":"search_term_string"}}],"inLanguage":"ca"},{"@type":"Organization","@id":"https:\/\/cristinasaura.com\/#organization","name":"CRISTINA SAURA","url":"https:\/\/cristinasaura.com\/","logo":{"@type":"ImageObject","inLanguage":"ca","@id":"https:\/\/cristinasaura.com\/#\/schema\/logo\/image\/","url":"http:\/\/cristinasaura.com\/wp-content\/uploads\/2017\/12\/cristina-saura-logo.png","contentUrl":"http:\/\/cristinasaura.com\/wp-content\/uploads\/2017\/12\/cristina-saura-logo.png","width":687,"height":293,"caption":"CRISTINA SAURA"},"image":{"@id":"https:\/\/cristinasaura.com\/#\/schema\/logo\/image\/"},"sameAs":["https:\/\/www.facebook.com\/cristinasaurabarcelona\/","https:\/\/x.com\/cristinasabcn","https:\/\/www.instagram.com\/cristinasaurabcn\/","https:\/\/www.pinterest.es\/designercsaura\/"]}]}},"_links":{"self":[{"href":"https:\/\/cristinasaura.com\/ca\/wp-json\/wp\/v2\/pages\/7797","targetHints":{"allow":["GET"]}}],"collection":[{"href":"https:\/\/cristinasaura.com\/ca\/wp-json\/wp\/v2\/pages"}],"about":[{"href":"https:\/\/cristinasaura.com\/ca\/wp-json\/wp\/v2\/types\/page"}],"author":[{"embeddable":true,"href":"https:\/\/cristinasaura.com\/ca\/wp-json\/wp\/v2\/users\/1"}],"replies":[{"embeddable":true,"href":"https:\/\/cristinasaura.com\/ca\/wp-json\/wp\/v2\/comments?post=7797"}],"version-history":[{"count":0,"href":"https:\/\/cristinasaura.com\/ca\/wp-json\/wp\/v2\/pages\/7797\/revisions"}],"wp:attachment":[{"href":"https:\/\/cristinasaura.com\/ca\/wp-json\/wp\/v2\/media?parent=7797"}],"curies":[{"name":"wp","href":"https:\/\/api.w.org\/{rel}","templated":true}]}}