{"id":6864,"date":"2018-01-17T13:29:56","date_gmt":"2018-01-17T12:29:56","guid":{"rendered":"https:\/\/cristinasaura.com\/?page_id=6864"},"modified":"2018-09-11T18:09:24","modified_gmt":"2018-09-11T18:09:24","slug":"legal","status":"publish","type":"page","link":"https:\/\/cristinasaura.com\/ca\/legal\/","title":{"rendered":"Legal"},"content":{"rendered":"<p>[et_pb_section bb_built=&#8221;1&#8243; background_color=&#8221;#f9f9f9&#8243; custom_padding_last_edited=&#8221;on|phone&#8221; _builder_version=&#8221;3.0.96&#8243; max_width_tablet=&#8221;70%&#8221; max_width_phone=&#8221;90%&#8221; max_width_last_edited=&#8221;off|phone&#8221; custom_margin=&#8221;||0px|&#8221; custom_padding=&#8221;|0px|102px|0px&#8221;][et_pb_row use_custom_width=&#8221;on&#8221; custom_width_px=&#8221;711px&#8221; custom_margin=&#8221;40px|||&#8221; _builder_version=&#8221;3.0.96&#8243;][et_pb_column type=&#8221;4_4&#8243;][et_pb_divider admin_label=&#8221;Linea Capital &#8211; 82 \/ 4&#8243; color=&#8221;#000000&#8243; show_divider=&#8221;on&#8221; divider_position=&#8221;center&#8221; divider_weight=&#8221;4&#8243; height=&#8221;20px&#8221; _builder_version=&#8221;3.0.96&#8243; max_width=&#8221;50px&#8221; module_alignment=&#8221;left&#8221; custom_margin=&#8221;0px|0px|10px|0px&#8221; custom_margin_last_edited=&#8221;on|desktop&#8221; custom_padding=&#8221;0px|0px|0px|80px&#8221; custom_padding_phone=&#8221;0px|0px|0px|0px&#8221; custom_padding_last_edited=&#8221;on|desktop&#8221; \/][et_pb_text admin_label=&#8221;Letra Capital&#8221; _builder_version=&#8221;3.14&#8243; text_font=&#8221;|300||on|||||&#8221; text_font_size=&#8221;85px&#8221; text_line_height=&#8221;1em&#8221; border_color_all=&#8221;#ffffff&#8221; border_style_all=&#8221;none&#8221; custom_margin=&#8221;-30px|0px|0px|0px&#8221; custom_margin_phone=&#8221;-10px|0px|50px|0px&#8221; custom_margin_last_edited=&#8221;on|phone&#8221; custom_padding=&#8221;0px|0px|0px|0px&#8221; background_layout=&#8221;light&#8221;]<\/p>\n<p>A<\/p>\n<p>[\/et_pb_text][et_pb_text admin_label=&#8221;Titulo Capital&#8221; _builder_version=&#8221;3.14&#8243; text_font=&#8221;|300||on|||||&#8221; header_font=&#8221;|300||on|||||&#8221; header_2_font=&#8221;|300|||||||&#8221; header_3_font=&#8221;|300|||||||&#8221; header_4_font=&#8221;|300|||||||&#8221; header_5_font=&#8221;|300|||||||&#8221; header_6_font=&#8221;|300|||||||&#8221; custom_margin=&#8221;-50px|0px|0px|0px&#8221; custom_margin_last_edited=&#8221;on|desktop&#8221; custom_padding=&#8221;0px|0px|0px|80px&#8221; custom_padding_phone=&#8221;0px|0px|0px|0px&#8221; custom_padding_last_edited=&#8221;on|desktop&#8221;]<\/p>\n<h1>AV\u00cdS LEGAL<\/h1>\n<p>[\/et_pb_text][et_pb_text admin_label=&#8221;Texto Capital&#8221; _builder_version=&#8221;3.14&#8243; text_font=&#8221;|300|||||||&#8221; custom_margin=&#8221;0px|0px|0px|0px&#8221; custom_margin_last_edited=&#8221;on|phone&#8221; custom_padding=&#8221;0px|0px|0px|80px&#8221; custom_padding_phone=&#8221;0px|0px|0px|0px&#8221; custom_padding_last_edited=&#8221;on|desktop&#8221;]<\/p>\n<p>INFORMACI\u00d3 GENERAL<br \/>\nDe conformitat amb l&#8217;Art. 10 de la Llei 34\/2002 de Serveis de la Societat de la Informaci\u00f3, la titularitat del present lloc web correspon a CRISTINA S A U R A, a la direcci\u00f3 Carrer del Comer\u00e7 1, 08003 de Barcelona &#8211; Espanya.<\/p>\n<p>AV\u00cdS DE COPYRIGHT<br \/>\nTota la informaci\u00f3 continguda en aquest lloc web: textos, imatges, gr\u00e0fics i el seu disseny s\u00f3n propietat de CRISTINA SAURA, que es troba protegida per la normativa espanyola i internacional sobre propietat intel\u00b7lectual, industrial i drets d&#8217;imatge, quedant prohibida la seva reproducci\u00f3 parcial o total sense expressa autoritzaci\u00f3 del titular dels drets d&#8217;autor.<br \/>\nPOL\u00cdTICA DE PRIVACITAT<br \/>\nCRISTINA S A U R A garanteix la confidencialitat de les dades personals i de qualsevol altre tipus que proporcionin els clients o visitants del lloc web. D&#8217;acord amb el que disposa la Llei de Serveis de la Informaci\u00f3 i de Comer\u00e7 Electr\u00f2nic (LSSICE), i de la Llei Org\u00e0nica de la Protecci\u00f3 de Dades de Car\u00e0cter Personal (LOPD), aix\u00ed com del Reial Decret 1720\/2007 pel qual s&#8217;aprova el Reglament de Desenvolupament de la Llei Org\u00e0nica 15\/1999 de 13 de desembre de protecci\u00f3 de dades de car\u00e0cter personal, informem que el seu nom, tel\u00e8fon, adre\u00e7a de correu electr\u00f2nic i altres dades personals que pugui proporcionar, formaran part de la base de dades de CRISTINA SAURA, sent la finalitat de la recollida i tractament d&#8217;aquestes dades, el manteniment de la relaci\u00f3 professional. Els usuaris poden exercir els drets d&#8217;acc\u00e9s, rectificaci\u00f3, cancel\u00b7laci\u00f3 i oposici\u00f3, enviant un correu a l&#8217;adre\u00e7a info@cristinasaura.com.emfasi.site<\/p>\n<p>EXEMPCI\u00d3 DE RESPONSABILITAT PER L&#8217;\u00daS DEL LLOC WEB<br \/>\nCRISTINA S A U R A no es fa responsable dels danys ocasionats en els sistemes inform\u00e0tics dels usuaris d&#8217;aquest lloc web per causes alienes a la seva voluntat, ni d&#8217;aquells danys que siguin produ\u00efts per l&#8217;exist\u00e8ncia de virus inform\u00e0tics a Internet.<\/p>\n<p>ALTRES CONSIDERACIONS<br \/>\nAquest Av\u00eds Legal podr\u00e0 ser modificat per CRISTINA S A U R A en qualsevol moment i sense previ av\u00eds a l&#8217;usuari, de manera que ha de consultar aquesta Pol\u00edtica de privacitat regularment. En continuar utilitzant el lloc web, accepta la versi\u00f3 de la Pol\u00edtica de privacitat vigent en el moment del seu \u00fas.<\/p>\n<p>[\/et_pb_text][\/et_pb_column][\/et_pb_row][\/et_pb_section]<\/p>\n","protected":false},"excerpt":{"rendered":"<p>A AV\u00cdS LEGAL INFORMACI\u00d3 GENERAL De conformitat amb l&#8217;Art. 10 de la Llei 34\/2002 de Serveis de la Societat de la Informaci\u00f3, la titularitat del present lloc web correspon a CRISTINA S A U R A, a la direcci\u00f3 Carrer del Comer\u00e7 1, 08003 de Barcelona &#8211; Espanya. AV\u00cdS DE COPYRIGHT Tota la informaci\u00f3 continguda [&hellip;]<\/p>\n","protected":false},"author":3,"featured_media":0,"parent":0,"menu_order":0,"comment_status":"closed","ping_status":"closed","template":"","meta":{"_et_pb_use_builder":"on","_et_pb_old_content":"","_et_gb_content_width":"","footnotes":""},"class_list":["post-6864","page","type-page","status-publish","hentry"],"yoast_head":"<!-- This site is optimized with the Yoast SEO plugin v26.9 - https:\/\/yoast.com\/product\/yoast-seo-wordpress\/ -->\n<title>Legal - Cristina Saura<\/title>\n<meta name=\"robots\" content=\"noindex, nofollow\" \/>\n<meta property=\"og:locale\" content=\"ca_ES\" \/>\n<meta property=\"og:type\" content=\"article\" \/>\n<meta property=\"og:title\" content=\"Legal - Cristina Saura\" \/>\n<meta property=\"og:description\" content=\"A AV\u00cdS LEGAL INFORMACI\u00d3 GENERAL De conformitat amb l&#039;Art. 10 de la Llei 34\/2002 de Serveis de la Societat de la Informaci\u00f3, la titularitat del present lloc web correspon a CRISTINA S A U R A, a la direcci\u00f3 Carrer del Comer\u00e7 1, 08003 de Barcelona - Espanya. AV\u00cdS DE COPYRIGHT Tota la informaci\u00f3 continguda [&hellip;]\" \/>\n<meta property=\"og:url\" content=\"https:\/\/cristinasaura.com\/ca\/legal\/\" \/>\n<meta property=\"og:site_name\" content=\"Cristina Saura\" \/>\n<meta property=\"article:publisher\" content=\"https:\/\/www.facebook.com\/cristinasaurabarcelona\/\" \/>\n<meta property=\"article:modified_time\" content=\"2018-09-11T18:09:24+00:00\" \/>\n<meta name=\"twitter:card\" content=\"summary_large_image\" \/>\n<meta name=\"twitter:site\" content=\"@cristinasabcn\" \/>\n<meta name=\"twitter:label1\" content=\"Temps estimat de lectura\" \/>\n\t<meta name=\"twitter:data1\" content=\"3 minuts\" \/>\n<script type=\"application\/ld+json\" class=\"yoast-schema-graph\">{\"@context\":\"https:\/\/schema.org\",\"@graph\":[{\"@type\":\"WebPage\",\"@id\":\"https:\/\/cristinasaura.com\/ca\/legal\/\",\"url\":\"https:\/\/cristinasaura.com\/ca\/legal\/\",\"name\":\"Legal - Cristina Saura\",\"isPartOf\":{\"@id\":\"https:\/\/cristinasaura.com\/#website\"},\"datePublished\":\"2018-01-17T12:29:56+00:00\",\"dateModified\":\"2018-09-11T18:09:24+00:00\",\"breadcrumb\":{\"@id\":\"https:\/\/cristinasaura.com\/ca\/legal\/#breadcrumb\"},\"inLanguage\":\"ca\",\"potentialAction\":[{\"@type\":\"ReadAction\",\"target\":[\"https:\/\/cristinasaura.com\/ca\/legal\/\"]}]},{\"@type\":\"BreadcrumbList\",\"@id\":\"https:\/\/cristinasaura.com\/ca\/legal\/#breadcrumb\",\"itemListElement\":[{\"@type\":\"ListItem\",\"position\":1,\"name\":\"Portada\",\"item\":\"https:\/\/cristinasaura.com\/ca\/\"},{\"@type\":\"ListItem\",\"position\":2,\"name\":\"Legal\"}]},{\"@type\":\"WebSite\",\"@id\":\"https:\/\/cristinasaura.com\/#website\",\"url\":\"https:\/\/cristinasaura.com\/\",\"name\":\"Cristina Saura\",\"description\":\"Dise\u00f1adora de vestidos de novia y fiesta de Alta Costura en Barcelona\",\"publisher\":{\"@id\":\"https:\/\/cristinasaura.com\/#organization\"},\"potentialAction\":[{\"@type\":\"SearchAction\",\"target\":{\"@type\":\"EntryPoint\",\"urlTemplate\":\"https:\/\/cristinasaura.com\/?s={search_term_string}\"},\"query-input\":{\"@type\":\"PropertyValueSpecification\",\"valueRequired\":true,\"valueName\":\"search_term_string\"}}],\"inLanguage\":\"ca\"},{\"@type\":\"Organization\",\"@id\":\"https:\/\/cristinasaura.com\/#organization\",\"name\":\"CRISTINA SAURA\",\"url\":\"https:\/\/cristinasaura.com\/\",\"logo\":{\"@type\":\"ImageObject\",\"inLanguage\":\"ca\",\"@id\":\"https:\/\/cristinasaura.com\/#\/schema\/logo\/image\/\",\"url\":\"http:\/\/cristinasaura.com\/wp-content\/uploads\/2017\/12\/cristina-saura-logo.png\",\"contentUrl\":\"http:\/\/cristinasaura.com\/wp-content\/uploads\/2017\/12\/cristina-saura-logo.png\",\"width\":687,\"height\":293,\"caption\":\"CRISTINA SAURA\"},\"image\":{\"@id\":\"https:\/\/cristinasaura.com\/#\/schema\/logo\/image\/\"},\"sameAs\":[\"https:\/\/www.facebook.com\/cristinasaurabarcelona\/\",\"https:\/\/x.com\/cristinasabcn\",\"https:\/\/www.instagram.com\/cristinasaurabcn\/\",\"https:\/\/www.pinterest.es\/designercsaura\/\"]}]}<\/script>\n<!-- \/ Yoast SEO plugin. -->","yoast_head_json":{"title":"Legal - Cristina Saura","robots":{"index":"noindex","follow":"nofollow"},"og_locale":"ca_ES","og_type":"article","og_title":"Legal - Cristina Saura","og_description":"A AV\u00cdS LEGAL INFORMACI\u00d3 GENERAL De conformitat amb l'Art. 10 de la Llei 34\/2002 de Serveis de la Societat de la Informaci\u00f3, la titularitat del present lloc web correspon a CRISTINA S A U R A, a la direcci\u00f3 Carrer del Comer\u00e7 1, 08003 de Barcelona - Espanya. AV\u00cdS DE COPYRIGHT Tota la informaci\u00f3 continguda [&hellip;]","og_url":"https:\/\/cristinasaura.com\/ca\/legal\/","og_site_name":"Cristina Saura","article_publisher":"https:\/\/www.facebook.com\/cristinasaurabarcelona\/","article_modified_time":"2018-09-11T18:09:24+00:00","twitter_card":"summary_large_image","twitter_site":"@cristinasabcn","twitter_misc":{"Temps estimat de lectura":"3 minuts"},"schema":{"@context":"https:\/\/schema.org","@graph":[{"@type":"WebPage","@id":"https:\/\/cristinasaura.com\/ca\/legal\/","url":"https:\/\/cristinasaura.com\/ca\/legal\/","name":"Legal - Cristina Saura","isPartOf":{"@id":"https:\/\/cristinasaura.com\/#website"},"datePublished":"2018-01-17T12:29:56+00:00","dateModified":"2018-09-11T18:09:24+00:00","breadcrumb":{"@id":"https:\/\/cristinasaura.com\/ca\/legal\/#breadcrumb"},"inLanguage":"ca","potentialAction":[{"@type":"ReadAction","target":["https:\/\/cristinasaura.com\/ca\/legal\/"]}]},{"@type":"BreadcrumbList","@id":"https:\/\/cristinasaura.com\/ca\/legal\/#breadcrumb","itemListElement":[{"@type":"ListItem","position":1,"name":"Portada","item":"https:\/\/cristinasaura.com\/ca\/"},{"@type":"ListItem","position":2,"name":"Legal"}]},{"@type":"WebSite","@id":"https:\/\/cristinasaura.com\/#website","url":"https:\/\/cristinasaura.com\/","name":"Cristina Saura","description":"Dise\u00f1adora de vestidos de novia y fiesta de Alta Costura en Barcelona","publisher":{"@id":"https:\/\/cristinasaura.com\/#organization"},"potentialAction":[{"@type":"SearchAction","target":{"@type":"EntryPoint","urlTemplate":"https:\/\/cristinasaura.com\/?s={search_term_string}"},"query-input":{"@type":"PropertyValueSpecification","valueRequired":true,"valueName":"search_term_string"}}],"inLanguage":"ca"},{"@type":"Organization","@id":"https:\/\/cristinasaura.com\/#organization","name":"CRISTINA SAURA","url":"https:\/\/cristinasaura.com\/","logo":{"@type":"ImageObject","inLanguage":"ca","@id":"https:\/\/cristinasaura.com\/#\/schema\/logo\/image\/","url":"http:\/\/cristinasaura.com\/wp-content\/uploads\/2017\/12\/cristina-saura-logo.png","contentUrl":"http:\/\/cristinasaura.com\/wp-content\/uploads\/2017\/12\/cristina-saura-logo.png","width":687,"height":293,"caption":"CRISTINA SAURA"},"image":{"@id":"https:\/\/cristinasaura.com\/#\/schema\/logo\/image\/"},"sameAs":["https:\/\/www.facebook.com\/cristinasaurabarcelona\/","https:\/\/x.com\/cristinasabcn","https:\/\/www.instagram.com\/cristinasaurabcn\/","https:\/\/www.pinterest.es\/designercsaura\/"]}]}},"_links":{"self":[{"href":"https:\/\/cristinasaura.com\/ca\/wp-json\/wp\/v2\/pages\/6864","targetHints":{"allow":["GET"]}}],"collection":[{"href":"https:\/\/cristinasaura.com\/ca\/wp-json\/wp\/v2\/pages"}],"about":[{"href":"https:\/\/cristinasaura.com\/ca\/wp-json\/wp\/v2\/types\/page"}],"author":[{"embeddable":true,"href":"https:\/\/cristinasaura.com\/ca\/wp-json\/wp\/v2\/users\/3"}],"replies":[{"embeddable":true,"href":"https:\/\/cristinasaura.com\/ca\/wp-json\/wp\/v2\/comments?post=6864"}],"version-history":[{"count":0,"href":"https:\/\/cristinasaura.com\/ca\/wp-json\/wp\/v2\/pages\/6864\/revisions"}],"wp:attachment":[{"href":"https:\/\/cristinasaura.com\/ca\/wp-json\/wp\/v2\/media?parent=6864"}],"curies":[{"name":"wp","href":"https:\/\/api.w.org\/{rel}","templated":true}]}}