{"id":6766,"date":"2017-08-16T08:14:17","date_gmt":"2017-08-16T06:14:17","guid":{"rendered":"https:\/\/cristinasaura.com\/?page_id=6766"},"modified":"2023-09-21T10:20:06","modified_gmt":"2023-09-21T08:20:06","slug":"cristina-saura-dissenyadora-de-vestits-de-nuvia-2","status":"publish","type":"page","link":"https:\/\/cristinasaura.com\/ca\/cristina-saura-dissenyadora-de-vestits-de-nuvia-2\/","title":{"rendered":"Cristina Saura \/ Dissenyadora de vestits de n\u00favia"},"content":{"rendered":"<p>[et_pb_section fb_built=&#8221;1&#8243; fullwidth=&#8221;on&#8221; _builder_version=&#8221;3.22&#8243; collapsed=&#8221;on&#8221;][et_pb_nextend_smart_slider_3_fullwidth slider=&#8221;45&#8243; _builder_version=&#8221;3.14&#8243;]&lt;div class=&#8221;et_pb_module et-waypoint et_pb_nextend_smart_slider_3_fullwidth_1 et_pb_animation_off&#8221;&gt;&lt;iframe class=&#8221;n2-ss-slider-frame&#8221; style=&#8221;width: 100%; display: block; border: 0;&#8221; src=&#8221;https:\/\/cristinasaura.com?n2prerender=1&amp;n2app=smartslider&amp;n2controller=slider&amp;n2action=iframe&amp;sliderid=12&amp;hash=f5740924f381b64f1b061be4ef911a3f&#8221; width=&#8221;300&#8243; height=&#8221;150&#8243; frameborder=&#8221;0&#8243;&gt;&lt;\/iframe&gt;&lt;\/div&gt;<br \/>\n[\/et_pb_nextend_smart_slider_3_fullwidth][\/et_pb_section][et_pb_section fb_built=&#8221;1&#8243; custom_padding_last_edited=&#8221;on|phone&#8221; _builder_version=&#8221;3.22&#8243; background_color=&#8221;#f7f7f7&#8243; max_width_tablet=&#8221;70%&#8221; max_width_phone=&#8221;90%&#8221; max_width_last_edited=&#8221;off|phone&#8221; custom_margin=&#8221;||0px|&#8221; custom_padding=&#8221;|0px|57px|0px&#8221; custom_padding_tablet=&#8221;&#8221; custom_padding_phone=&#8221;&#8221;][et_pb_row column_structure=&#8221;1_4,1_2,1_4&#8243; _builder_version=&#8221;3.25&#8243; background_size=&#8221;%22initial%22&#8243; background_position=&#8221;%22top_left%22&#8243; background_repeat=&#8221;%22repeat%22&#8243; custom_padding=&#8221;5px|0px|4px|0px&#8221;][et_pb_column type=&#8221;1_4&#8243; _builder_version=&#8221;3.25&#8243; custom_padding=&#8221;|||&#8221; custom_padding__hover=&#8221;|||&#8221;][\/et_pb_column][et_pb_column type=&#8221;1_2&#8243; _builder_version=&#8221;3.25&#8243; custom_padding=&#8221;|||&#8221; custom_padding__hover=&#8221;|||&#8221;][et_pb_image src=&#8221;http:\/\/cristinasaura.com\/wp-content\/uploads\/2018\/01\/cristina_escaparate_picasso_4_nueva-1.jpg&#8221; alt=&#8221;La dissenyadora d&#8217;alta costura, Cristina Saura en un dels aparadors de la seva botiga, al passeig Picasso 4 de Barcelona.&#8221; title_text=&#8221;Dissenyadora Vestits de N\u00favia d&#8217;Alta Costura&#8221; url=&#8221;https:\/\/cristinasaura.com\/blog-vestidos-alta-costura\/&#8221; align=&#8221;center&#8221; align_tablet=&#8221;center&#8221; align_phone=&#8221;&#8221; align_last_edited=&#8221;on|desktop&#8221; _builder_version=&#8221;3.23&#8243; max_width=&#8221;85%&#8221;][\/et_pb_image][\/et_pb_column][et_pb_column type=&#8221;1_4&#8243; _builder_version=&#8221;3.25&#8243; custom_padding=&#8221;|||&#8221; custom_padding__hover=&#8221;|||&#8221;][\/et_pb_column][\/et_pb_row][et_pb_row disabled_on=&#8221;off|off|off&#8221; _builder_version=&#8221;3.25&#8243; max_width=&#8221;780px&#8221; custom_padding=&#8221;57px|||&#8221; use_custom_width=&#8221;on&#8221; custom_width_px=&#8221;780px&#8221;][et_pb_column type=&#8221;4_4&#8243; _builder_version=&#8221;3.25&#8243; custom_padding=&#8221;|||&#8221; custom_padding__hover=&#8221;|||&#8221;][et_pb_divider color=&#8221;#000000&#8243; divider_position=&#8221;center&#8221; divider_weight=&#8221;4&#8243; admin_label=&#8221;Linea Capital &#8211; 82 \/ 4&#8243; _builder_version=&#8221;3.14&#8243; max_width=&#8221;50px&#8221; module_alignment=&#8221;left&#8221; height=&#8221;20px&#8221; custom_margin=&#8221;0px|0px|0px|0px&#8221; custom_margin_tablet=&#8221;&#8221; custom_margin_phone=&#8221;0px|0px|10px|0px&#8221; custom_margin_last_edited=&#8221;on|phone&#8221; custom_padding=&#8221;0px|0px|0px|80px&#8221; custom_padding_tablet=&#8221;&#8221; custom_padding_phone=&#8221;0px|0px|0px|0px&#8221; custom_padding_last_edited=&#8221;on|phone&#8221;][\/et_pb_divider][et_pb_text admin_label=&#8221;Letra Capital&#8221; module_class=&#8221;letra-capital&#8221; _builder_version=&#8221;4.0.9&#8243; text_font=&#8221;|300||on|||||&#8221; text_font_size=&#8221;80px&#8221; text_line_height=&#8221;1em&#8221; custom_margin=&#8221;-20px|0px|0px|0px&#8221; custom_margin_tablet=&#8221;&#8221; custom_margin_phone=&#8221;-10px|0px|5px|0px&#8221; custom_margin_last_edited=&#8221;on|phone&#8221; custom_padding=&#8221;0px|0px|0px|0px&#8221; custom_padding_tablet=&#8221;&#8221; custom_padding_phone=&#8221;&#8221; custom_padding_last_edited=&#8221;on|phone&#8221; hover_enabled=&#8221;0&#8243; border_color_all=&#8221;#ffffff&#8221; border_style_all=&#8221;none&#8221;]<\/p>\n<p>E<\/p>\n<p>[\/et_pb_text][et_pb_text admin_label=&#8221;pretendo cambiar t\u00edtulo capital por texto&#8221; _builder_version=&#8221;4.0.7&#8243; text_font=&#8221;|300|||||||&#8221; text_line_height=&#8221;1.6em&#8221; header_2_font=&#8221;|300|||||||&#8221; header_3_font=&#8221;|300|||||||&#8221; header_4_font=&#8221;|300|||||||&#8221; header_5_font=&#8221;|300|||||||&#8221; header_6_font=&#8221;|300|||||||&#8221; custom_margin=&#8221;-50px|0px|0px|0px&#8221; custom_margin_tablet=&#8221;&#8221; custom_margin_phone=&#8221;&#8221; custom_margin_last_edited=&#8221;on|desktop&#8221; custom_padding=&#8221;0px|0px|0px|80px&#8221; custom_padding_tablet=&#8221;&#8221; custom_padding_phone=&#8221;0px|0px|0px|0px&#8221; custom_padding_last_edited=&#8221;on|desktop&#8221;]<\/p>\n<div class=\"text-wrap tlid-copy-target\">\n<div class=\"result-shield-container tlid-copy-target\" style=\"text-align: center;\" tabindex=\"0\">\n<p><span class=\"tlid-translation translation\" lang=\"ca\">Em dic Cristina Saura Saura i s\u00f3c <strong>dissenyadora de moda especialitzada en Alta Costura i personalitzaci\u00f3 amb m\u00e9s de 20 anys d&#8217;experi\u00e8ncia<\/strong>.<br \/>Dirigeixo un petit negoci de moda consolidat dedicat a el disseny innovador i construcci\u00f3 artesanal \/ a mida de vestits de <a href=\"https:\/\/cristinasaura.com\/ca\/vestits-de-nuvia-alta-costura\/\">n\u00favia<\/a> \/ <a href=\"https:\/\/cristinasaura.com\/ca\/vestits-festa-alta-costura\/\">festa<\/a> amb botiga pr\u00f2pia a Carrer de l&#8217;Comer\u00e7 1 de Barcelona.<\/span><\/p>\n<p>Entre les meves compet\u00e8ncies destaco ser <strong>capa\u00e7 de dissenyar, tallar, muntar, provar i cosir amb les meves pr\u00f2pies mans des d&#8217;un estricte sastre mascul\u00ed a un sofisticat vestit de n\u00favia<\/strong> sense la intervenci\u00f3 de cap altra persona.<\/p>\n<p>Natural d&#8217;una petita localitat de Castell\u00f3, vaig cr\u00e9ixer en un entorn familiar on la pr\u00e0ctica i l&#8217;ofici de la costura es remunta generacions enrere.<\/p>\n<p>Em vaig formar com a dissenyadora de moda a l&#8217;Escola Superior de Disseny de Barcelona IDEP encara que mai he deixat de sumar coneixement al meu bagatge de forma autodidacta pel m\u00e8tode assaig-error.<\/p>\n<p>Vaig comer\u00e7ar la meva carrera treballant per a cases de moda de reconegut prestigi internacional com Antonio Mir\u00f3 i Margarita Nuez, referents de la indument\u00e0ria masculina d&#8217;avantguarda i l&#8217;Alta Costura.<br \/>Al seu costat em vaig consolidar com a experta en l&#8217;ofici de la sastreria i les t\u00e8cniques de modelatge damunt d\u00b4un cos.<\/p>\n<p>Conec en profunditat el sector industrial ja que posteriorment vaig col\u00b7laborar durant anys, com a professional externa, en el disseny de col\u00b7leccions de moda, modelatge i patronatge amb una \u00e0mplia llista d&#8217;empreses t\u00e8xtils de diversa naturalesa entre les que es troben reputades marques de peces de sastreria, camiseria, streetwear, esport de competici\u00f3, pelleteria i sector nupcial.<\/p>\n<p>La meva passi\u00f3 per la creaci\u00f3 i la valuosa experi\u00e8ncia laboral pr\u00e8via m&#8217;animen a fundar la meva marca de moda hom\u00f2nima al 2008.<\/p>\n<p><strong>Una visi\u00f3 comtempor\u00e0nia de la moda nupcial conjuntament amb el corte expert, l&#8217;artesania en la construcci\u00f3, la meva vocaci\u00f3 de servei i l\u00b4alt nivell d&#8217;exig\u00e8ncia en el treball<\/strong> s\u00f3n els factors que han construbuit a refermar <a href=\"https:\/\/cristinasaura.com\/\">el projecte<\/a> que lidero.<\/p>\n<\/div>\n<\/div>\n<div class=\"tlid-result-transliteration-container result-transliteration-container transliteration-container\" style=\"text-align: center;\">\n<div class=\"tlid-transliteration-content transliteration-content full\">\u00a0<\/div>\n<\/div>\n<div class=\"result-footer source-or-target-footer tlid-copy-target\" style=\"text-align: center;\">\u00a0<\/div>\n<p>[\/et_pb_text][\/et_pb_column][\/et_pb_row][\/et_pb_section][et_pb_section fb_built=&#8221;1&#8243; _builder_version=&#8221;3.22&#8243; custom_margin=&#8221;0px|0px||0px&#8221; custom_margin_tablet=&#8221;&#8221; custom_margin_phone=&#8221;0px|0px|0px|0px&#8221; custom_margin_last_edited=&#8221;on|phone&#8221; custom_padding=&#8221;0px|0px|0px|0px&#8221;][et_pb_row custom_padding_last_edited=&#8221;on|phone&#8221; module_id=&#8221;ancho-completo&#8221; module_class=&#8221; et_pb_row_fullwidth&#8221; _builder_version=&#8221;3.25&#8243; width=&#8221;89%&#8221; width_tablet=&#8221;80%&#8221; width_phone=&#8221;&#8221; width_last_edited=&#8221;on|desktop&#8221; max_width=&#8221;89%&#8221; max_width_tablet=&#8221;80%&#8221; max_width_phone=&#8221;&#8221; max_width_last_edited=&#8221;on|desktop&#8221; custom_margin=&#8221;0px|0px||0px&#8221; custom_margin_tablet=&#8221;&#8221; custom_margin_phone=&#8221;&#8221; custom_margin_last_edited=&#8221;on|desktop&#8221; custom_padding=&#8221;|0px||0px&#8221; custom_padding_tablet=&#8221;&#8221; custom_padding_phone=&#8221;&#8221; make_fullwidth=&#8221;on&#8221;][et_pb_column type=&#8221;4_4&#8243; _builder_version=&#8221;3.25&#8243; custom_padding=&#8221;|0px||0px&#8221; custom_padding__hover=&#8221;|||&#8221;][et_pb_image src=&#8221;http:\/\/cristinasaura.com\/wp-content\/uploads\/2018\/01\/PAGINA_SOBRE_CRISTINA_SAURA_sala_ventas_pagina_sobre_cristina_saura.jpg&#8221; alt=&#8221;Detall de l&#8217;interior de la botiga de vestits de n\u00favia alta costura a barcelona de CRISTINA SAURA.&#8221; title_text=&#8221;Botiga de Vestits de N\u00favia d&#8217;Alta Costura a Barcelona de CRISTINA SAURA.&#8221; url=&#8221;https:\/\/cristinasaura.com\/ca\/botiga-de-vestits-de-dissenyador\/&#8221; url_new_window=&#8221;on&#8221; force_fullwidth=&#8221;on&#8221; align_tablet=&#8221;center&#8221; align_phone=&#8221;&#8221; align_last_edited=&#8221;on|desktop&#8221; admin_label=&#8221;Imagen texto encima&#8221; _builder_version=&#8221;3.23&#8243; custom_margin=&#8221;0px||0px|&#8221; custom_margin_tablet=&#8221;&#8221; custom_margin_phone=&#8221;&#8221; custom_margin_last_edited=&#8221;on|phone&#8221; custom_padding=&#8221;0px||0px|&#8221; custom_padding_tablet=&#8221;&#8221; custom_padding_phone=&#8221;&#8221; custom_padding_last_edited=&#8221;on|tablet&#8221;][\/et_pb_image][et_pb_text admin_label=&#8221;Texto sobre imagen 2L&#8221; module_class=&#8221;no-seleccionable&#8221; _builder_version=&#8221;3.27.4&#8243; text_font=&#8221;Raleway|300|||||||&#8221; text_font_size=&#8221;31px&#8221; text_line_height=&#8221;1.1em&#8221; text_orientation=&#8221;center&#8221; background_layout=&#8221;dark&#8221; custom_margin=&#8221;-110px||0px|&#8221; custom_padding=&#8221;||0px|&#8221;]Visita la nostra botiga a Barcelona<br \/>\n[\/et_pb_text][et_pb_divider show_divider=&#8221;off&#8221; admin_label=&#8221;Separador &#8211; 60&#8243; _builder_version=&#8221;3.2&#8243; max_width=&#8221;40px&#8221; module_alignment=&#8221;center&#8221; height=&#8221;20px&#8221; custom_margin=&#8221;0px||60px|&#8221; custom_padding=&#8221;0px|||&#8221;][\/et_pb_divider][\/et_pb_column][\/et_pb_row][\/et_pb_section]<\/p>\n","protected":false},"excerpt":{"rendered":"<p>&lt;div class=&#8221;et_pb_module et-waypoint et_pb_nextend_smart_slider_3_fullwidth_1 et_pb_animation_off&#8221;&gt;&lt;iframe class=&#8221;n2-ss-slider-frame&#8221; style=&#8221;width: 100%; display: block; border: 0;&#8221; src=&#8221;https:\/\/cristinasaura.com?n2prerender=1&amp;n2app=smartslider&amp;n2controller=slider&amp;n2action=iframe&amp;sliderid=12&amp;hash=f5740924f381b64f1b061be4ef911a3f&#8221; width=&#8221;300&#8243; height=&#8221;150&#8243; frameborder=&#8221;0&#8243;&gt;&lt;\/iframe&gt;&lt;\/div&gt; E Em dic Cristina Saura Saura i s\u00f3c dissenyadora de moda especialitzada en Alta Costura i personalitzaci\u00f3 amb m\u00e9s de 20 anys d&#8217;experi\u00e8ncia.Dirigeixo un petit negoci de moda consolidat dedicat a el disseny innovador i construcci\u00f3 artesanal \/ a [&hellip;]<\/p>\n","protected":false},"author":3,"featured_media":0,"parent":0,"menu_order":0,"comment_status":"closed","ping_status":"closed","template":"","meta":{"_et_pb_use_builder":"on","_et_pb_old_content":"","_et_gb_content_width":"","footnotes":""},"class_list":["post-6766","page","type-page","status-publish","hentry"],"yoast_head":"<!-- This site is optimized with the Yoast SEO plugin v26.9 - https:\/\/yoast.com\/product\/yoast-seo-wordpress\/ -->\n<title>Cristina Saura \/ Dissenyadora de vestits de n\u00favia - Cristina Saura - Alta Costura<\/title>\n<meta name=\"description\" content=\"Cristina Saura \u00e9s dissenyadora d\u00b4Alta Costura especialista en personalizaci\u00f3. De sde 1998 crea a mida, amb les seves propies mans, vestits per a n\u00favies memorables.\" \/>\n<meta name=\"robots\" content=\"index, follow, max-snippet:-1, max-image-preview:large, max-video-preview:-1\" \/>\n<link rel=\"canonical\" href=\"https:\/\/cristinasaura.com\/ca\/cristina-saura-dissenyadora-de-vestits-de-nuvia-2\/\" \/>\n<meta property=\"og:locale\" content=\"ca_ES\" \/>\n<meta property=\"og:type\" content=\"article\" \/>\n<meta property=\"og:title\" content=\"Cristina Saura \/ Dissenyadora de vestits de n\u00favia - Cristina Saura - Alta Costura\" \/>\n<meta property=\"og:description\" content=\"Cristina Saura \u00e9s dissenyadora d\u00b4Alta Costura especialista en personalizaci\u00f3. De sde 1998 crea a mida, amb les seves propies mans, vestits per a n\u00favies memorables.\" \/>\n<meta property=\"og:url\" content=\"https:\/\/cristinasaura.com\/ca\/cristina-saura-dissenyadora-de-vestits-de-nuvia-2\/\" \/>\n<meta property=\"og:site_name\" content=\"Cristina Saura\" \/>\n<meta property=\"article:publisher\" content=\"https:\/\/www.facebook.com\/cristinasaurabarcelona\/\" \/>\n<meta property=\"article:modified_time\" content=\"2023-09-21T08:20:06+00:00\" \/>\n<meta name=\"twitter:card\" content=\"summary_large_image\" \/>\n<meta name=\"twitter:site\" content=\"@cristinasabcn\" \/>\n<meta name=\"twitter:label1\" content=\"Temps estimat de lectura\" \/>\n\t<meta name=\"twitter:data1\" content=\"3 minuts\" \/>\n<script type=\"application\/ld+json\" class=\"yoast-schema-graph\">{\"@context\":\"https:\/\/schema.org\",\"@graph\":[{\"@type\":\"WebPage\",\"@id\":\"https:\/\/cristinasaura.com\/ca\/cristina-saura-dissenyadora-de-vestits-de-nuvia-2\/\",\"url\":\"https:\/\/cristinasaura.com\/ca\/cristina-saura-dissenyadora-de-vestits-de-nuvia-2\/\",\"name\":\"Cristina Saura \/ Dissenyadora de vestits de n\u00favia - Cristina Saura - Alta Costura\",\"isPartOf\":{\"@id\":\"https:\/\/cristinasaura.com\/#website\"},\"datePublished\":\"2017-08-16T06:14:17+00:00\",\"dateModified\":\"2023-09-21T08:20:06+00:00\",\"description\":\"Cristina Saura \u00e9s dissenyadora d\u00b4Alta Costura especialista en personalizaci\u00f3. De sde 1998 crea a mida, amb les seves propies mans, vestits per a n\u00favies memorables.\",\"breadcrumb\":{\"@id\":\"https:\/\/cristinasaura.com\/ca\/cristina-saura-dissenyadora-de-vestits-de-nuvia-2\/#breadcrumb\"},\"inLanguage\":\"ca\",\"potentialAction\":[{\"@type\":\"ReadAction\",\"target\":[\"https:\/\/cristinasaura.com\/ca\/cristina-saura-dissenyadora-de-vestits-de-nuvia-2\/\"]}]},{\"@type\":\"BreadcrumbList\",\"@id\":\"https:\/\/cristinasaura.com\/ca\/cristina-saura-dissenyadora-de-vestits-de-nuvia-2\/#breadcrumb\",\"itemListElement\":[{\"@type\":\"ListItem\",\"position\":1,\"name\":\"Portada\",\"item\":\"https:\/\/cristinasaura.com\/ca\/\"},{\"@type\":\"ListItem\",\"position\":2,\"name\":\"Cristina Saura \/ Dissenyadora de vestits de n\u00favia\"}]},{\"@type\":\"WebSite\",\"@id\":\"https:\/\/cristinasaura.com\/#website\",\"url\":\"https:\/\/cristinasaura.com\/\",\"name\":\"Cristina Saura\",\"description\":\"Dise\u00f1adora de vestidos de novia y fiesta de Alta Costura en Barcelona\",\"publisher\":{\"@id\":\"https:\/\/cristinasaura.com\/#organization\"},\"potentialAction\":[{\"@type\":\"SearchAction\",\"target\":{\"@type\":\"EntryPoint\",\"urlTemplate\":\"https:\/\/cristinasaura.com\/?s={search_term_string}\"},\"query-input\":{\"@type\":\"PropertyValueSpecification\",\"valueRequired\":true,\"valueName\":\"search_term_string\"}}],\"inLanguage\":\"ca\"},{\"@type\":\"Organization\",\"@id\":\"https:\/\/cristinasaura.com\/#organization\",\"name\":\"CRISTINA SAURA\",\"url\":\"https:\/\/cristinasaura.com\/\",\"logo\":{\"@type\":\"ImageObject\",\"inLanguage\":\"ca\",\"@id\":\"https:\/\/cristinasaura.com\/#\/schema\/logo\/image\/\",\"url\":\"http:\/\/cristinasaura.com\/wp-content\/uploads\/2017\/12\/cristina-saura-logo.png\",\"contentUrl\":\"http:\/\/cristinasaura.com\/wp-content\/uploads\/2017\/12\/cristina-saura-logo.png\",\"width\":687,\"height\":293,\"caption\":\"CRISTINA SAURA\"},\"image\":{\"@id\":\"https:\/\/cristinasaura.com\/#\/schema\/logo\/image\/\"},\"sameAs\":[\"https:\/\/www.facebook.com\/cristinasaurabarcelona\/\",\"https:\/\/x.com\/cristinasabcn\",\"https:\/\/www.instagram.com\/cristinasaurabcn\/\",\"https:\/\/www.pinterest.es\/designercsaura\/\"]}]}<\/script>\n<!-- \/ Yoast SEO plugin. -->","yoast_head_json":{"title":"Cristina Saura \/ Dissenyadora de vestits de n\u00favia - Cristina Saura - Alta Costura","description":"Cristina Saura \u00e9s dissenyadora d\u00b4Alta Costura especialista en personalizaci\u00f3. De sde 1998 crea a mida, amb les seves propies mans, vestits per a n\u00favies memorables.","robots":{"index":"index","follow":"follow","max-snippet":"max-snippet:-1","max-image-preview":"max-image-preview:large","max-video-preview":"max-video-preview:-1"},"canonical":"https:\/\/cristinasaura.com\/ca\/cristina-saura-dissenyadora-de-vestits-de-nuvia-2\/","og_locale":"ca_ES","og_type":"article","og_title":"Cristina Saura \/ Dissenyadora de vestits de n\u00favia - Cristina Saura - Alta Costura","og_description":"Cristina Saura \u00e9s dissenyadora d\u00b4Alta Costura especialista en personalizaci\u00f3. De sde 1998 crea a mida, amb les seves propies mans, vestits per a n\u00favies memorables.","og_url":"https:\/\/cristinasaura.com\/ca\/cristina-saura-dissenyadora-de-vestits-de-nuvia-2\/","og_site_name":"Cristina Saura","article_publisher":"https:\/\/www.facebook.com\/cristinasaurabarcelona\/","article_modified_time":"2023-09-21T08:20:06+00:00","twitter_card":"summary_large_image","twitter_site":"@cristinasabcn","twitter_misc":{"Temps estimat de lectura":"3 minuts"},"schema":{"@context":"https:\/\/schema.org","@graph":[{"@type":"WebPage","@id":"https:\/\/cristinasaura.com\/ca\/cristina-saura-dissenyadora-de-vestits-de-nuvia-2\/","url":"https:\/\/cristinasaura.com\/ca\/cristina-saura-dissenyadora-de-vestits-de-nuvia-2\/","name":"Cristina Saura \/ Dissenyadora de vestits de n\u00favia - Cristina Saura - Alta Costura","isPartOf":{"@id":"https:\/\/cristinasaura.com\/#website"},"datePublished":"2017-08-16T06:14:17+00:00","dateModified":"2023-09-21T08:20:06+00:00","description":"Cristina Saura \u00e9s dissenyadora d\u00b4Alta Costura especialista en personalizaci\u00f3. De sde 1998 crea a mida, amb les seves propies mans, vestits per a n\u00favies memorables.","breadcrumb":{"@id":"https:\/\/cristinasaura.com\/ca\/cristina-saura-dissenyadora-de-vestits-de-nuvia-2\/#breadcrumb"},"inLanguage":"ca","potentialAction":[{"@type":"ReadAction","target":["https:\/\/cristinasaura.com\/ca\/cristina-saura-dissenyadora-de-vestits-de-nuvia-2\/"]}]},{"@type":"BreadcrumbList","@id":"https:\/\/cristinasaura.com\/ca\/cristina-saura-dissenyadora-de-vestits-de-nuvia-2\/#breadcrumb","itemListElement":[{"@type":"ListItem","position":1,"name":"Portada","item":"https:\/\/cristinasaura.com\/ca\/"},{"@type":"ListItem","position":2,"name":"Cristina Saura \/ Dissenyadora de vestits de n\u00favia"}]},{"@type":"WebSite","@id":"https:\/\/cristinasaura.com\/#website","url":"https:\/\/cristinasaura.com\/","name":"Cristina Saura","description":"Dise\u00f1adora de vestidos de novia y fiesta de Alta Costura en Barcelona","publisher":{"@id":"https:\/\/cristinasaura.com\/#organization"},"potentialAction":[{"@type":"SearchAction","target":{"@type":"EntryPoint","urlTemplate":"https:\/\/cristinasaura.com\/?s={search_term_string}"},"query-input":{"@type":"PropertyValueSpecification","valueRequired":true,"valueName":"search_term_string"}}],"inLanguage":"ca"},{"@type":"Organization","@id":"https:\/\/cristinasaura.com\/#organization","name":"CRISTINA SAURA","url":"https:\/\/cristinasaura.com\/","logo":{"@type":"ImageObject","inLanguage":"ca","@id":"https:\/\/cristinasaura.com\/#\/schema\/logo\/image\/","url":"http:\/\/cristinasaura.com\/wp-content\/uploads\/2017\/12\/cristina-saura-logo.png","contentUrl":"http:\/\/cristinasaura.com\/wp-content\/uploads\/2017\/12\/cristina-saura-logo.png","width":687,"height":293,"caption":"CRISTINA SAURA"},"image":{"@id":"https:\/\/cristinasaura.com\/#\/schema\/logo\/image\/"},"sameAs":["https:\/\/www.facebook.com\/cristinasaurabarcelona\/","https:\/\/x.com\/cristinasabcn","https:\/\/www.instagram.com\/cristinasaurabcn\/","https:\/\/www.pinterest.es\/designercsaura\/"]}]}},"_links":{"self":[{"href":"https:\/\/cristinasaura.com\/ca\/wp-json\/wp\/v2\/pages\/6766","targetHints":{"allow":["GET"]}}],"collection":[{"href":"https:\/\/cristinasaura.com\/ca\/wp-json\/wp\/v2\/pages"}],"about":[{"href":"https:\/\/cristinasaura.com\/ca\/wp-json\/wp\/v2\/types\/page"}],"author":[{"embeddable":true,"href":"https:\/\/cristinasaura.com\/ca\/wp-json\/wp\/v2\/users\/3"}],"replies":[{"embeddable":true,"href":"https:\/\/cristinasaura.com\/ca\/wp-json\/wp\/v2\/comments?post=6766"}],"version-history":[{"count":0,"href":"https:\/\/cristinasaura.com\/ca\/wp-json\/wp\/v2\/pages\/6766\/revisions"}],"wp:attachment":[{"href":"https:\/\/cristinasaura.com\/ca\/wp-json\/wp\/v2\/media?parent=6766"}],"curies":[{"name":"wp","href":"https:\/\/api.w.org\/{rel}","templated":true}]}}