{"id":6539,"date":"2018-01-23T18:08:12","date_gmt":"2018-01-23T17:08:12","guid":{"rendered":"https:\/\/cristinasaura.com\/?page_id=6539"},"modified":"2023-09-21T10:37:42","modified_gmt":"2023-09-21T08:37:42","slug":"vestit-de-nuvia-de-alta-costura-de-chifon-seda","status":"publish","type":"page","link":"https:\/\/cristinasaura.com\/ca\/vestit-de-nuvia-de-alta-costura-de-chifon-seda\/","title":{"rendered":"Vestit de n\u00favia Gr\u00e0cia"},"content":{"rendered":"<p>[et_pb_section bb_built=&#8221;1&#8243; module_id=&#8221;empezar&#8221; _builder_version=&#8221;3.0.98&#8243; custom_margin=&#8221;0px|0px||0px&#8221; custom_padding=&#8221;0px|0px|5px|0px&#8221; next_background_color=&#8221;#000000&#8243;][et_pb_row use_custom_gutter=&#8221;on&#8221; gutter_width=&#8221;1&#8243; custom_padding=&#8221;0px|0px||0px&#8221; custom_margin=&#8221;0px|0px||0px&#8221; padding_top_1=&#8221;0px&#8221; padding_right_1=&#8221;0px&#8221; padding_left_1=&#8221;0px&#8221; padding_top_2=&#8221;0px&#8221; padding_right_2=&#8221;80px&#8221; padding_left_2=&#8221;80px&#8221; _builder_version=&#8221;3.0.98&#8243; background_size=&#8221;initial&#8221; background_position=&#8221;top_left&#8221; background_repeat=&#8221;repeat&#8221; padding_2_last_edited=&#8221;on|desktop&#8221; padding_2_phone=&#8221;60px|60px||60px&#8221; module_class_2=&#8221;fijo&#8221; make_fullwidth=&#8221;on&#8221; make_equal=&#8221;on&#8221; custom_margin_last_edited=&#8221;on|phone&#8221; padding_1_last_edited=&#8221;on|phone&#8221;][et_pb_column type=&#8221;1_2&#8243;][et_pb_image title_text=&#8221;Titulo de la imagen&#8221; force_fullwidth=&#8221;on&#8221; _builder_version=&#8221;3.14&#8243; custom_margin=&#8221;|0px||0px&#8221; custom_padding=&#8221;|0px||0px&#8221; show_in_lightbox=&#8221;off&#8221; url_new_window=&#8221;off&#8221; use_overlay=&#8221;off&#8221; always_center_on_mobile=&#8221;on&#8221; show_bottom_space=&#8221;on&#8221; src=&#8221;http:\/\/cristinasaura.com\/wp-content\/uploads\/2018\/01\/gracia1-1.jpg&#8221; \/][et_pb_image src=&#8221;http:\/\/cristinasaura.com\/wp-content\/uploads\/2018\/01\/gracia2CORREGIDA.jpg&#8221; title_text=&#8221;Titulo de la imagen&#8221; force_fullwidth=&#8221;on&#8221; _builder_version=&#8221;3.0.98&#8243; custom_margin=&#8221;|0px||0px&#8221; custom_padding=&#8221;|0px||0px&#8221; show_in_lightbox=&#8221;off&#8221; url_new_window=&#8221;off&#8221; use_overlay=&#8221;off&#8221; always_center_on_mobile=&#8221;on&#8221; show_bottom_space=&#8221;on&#8221; \/][et_pb_image src=&#8221;http:\/\/cristinasaura.com\/wp-content\/uploads\/2018\/01\/gracia1.jpg&#8221; title_text=&#8221;Titulo de la imagen&#8221; force_fullwidth=&#8221;on&#8221; _builder_version=&#8221;3.0.96&#8243; custom_margin=&#8221;|0px||0px&#8221; custom_padding=&#8221;|0px||0px&#8221; show_in_lightbox=&#8221;off&#8221; url_new_window=&#8221;off&#8221; use_overlay=&#8221;off&#8221; always_center_on_mobile=&#8221;on&#8221; show_bottom_space=&#8221;on&#8221; module_class=&#8221;suau&#8221; disabled_on=&#8221;on|on|on&#8221; disabled=&#8221;on&#8221; \/][\/et_pb_column][et_pb_column type=&#8221;1_2&#8243;][et_pb_divider admin_label=&#8221;Linea Capital &#8211; Fijo&#8221; _builder_version=&#8221;3.7&#8243; show_divider=&#8221;on&#8221; divider_weight=&#8221;4&#8243; height=&#8221;20px&#8221; color=&#8221;#000000&#8243; max_width=&#8221;50px&#8221; module_alignment=&#8221;left&#8221; custom_margin=&#8221;0px|0px|10px|0px&#8221; custom_padding=&#8221;0px|0px|0px|80px&#8221; custom_padding_phone=&#8221;0px|0px|0px|0px&#8221; custom_padding_last_edited=&#8221;on|desktop&#8221; divider_position=&#8221;center&#8221; custom_margin_last_edited=&#8221;on|phone&#8221; disabled_on=&#8221;on|on|on&#8221; disabled=&#8221;on&#8221; \/][et_pb_text admin_label=&#8221;Letra Capital &#8211; Fijo&#8221; _builder_version=&#8221;3.0.98&#8243; background_layout=&#8221;light&#8221; text_font=&#8221;|300||on|||||&#8221; text_font_size=&#8221;80px&#8221; text_line_height=&#8221;1em&#8221; custom_margin=&#8221;0px|0px|0px|0px&#8221; custom_padding=&#8221;0px|0px|0px|0px&#8221; border_color_all=&#8221;#ffffff&#8221; border_style_all=&#8221;none&#8221; custom_margin_phone=&#8221;-10px|0px|50px|0px&#8221; custom_margin_last_edited=&#8221;on|desktop&#8221; custom_padding_last_edited=&#8221;on|desktop&#8221; header_font_size=&#8221;32px&#8221; disabled_on=&#8221;on|on|on&#8221; disabled=&#8221;on&#8221;]<\/p>\n<p>G<\/p>\n<p>[\/et_pb_text][et_pb_text admin_label=&#8221;Titulo y texto &#8211; Fijo&#8221; _builder_version=&#8221;3.7&#8243; text_font=&#8221;|300|||||||&#8221; header_font=&#8221;|300||on|||||&#8221; header_2_font=&#8221;|300|||||||&#8221; header_3_font=&#8221;|300|||||||&#8221; header_4_font=&#8221;|300|||||||&#8221; header_5_font=&#8221;|300|||||||&#8221; header_6_font=&#8221;|300|||||||&#8221; custom_margin=&#8221;0px|0px|0px|0px&#8221; custom_padding=&#8221;0px|0px|0px|80px&#8221; background_layout=&#8221;light&#8221; custom_margin_last_edited=&#8221;on|phone&#8221; custom_padding_phone=&#8221;0px|0px|0px|0px&#8221; custom_padding_last_edited=&#8221;on|phone&#8221; header_font_size=&#8221;28px&#8221; disabled_on=&#8221;on|on|on&#8221; disabled=&#8221;on&#8221;]<\/p>\n<h1>Gracia<\/h1>\n<p style=\"text-align: center;\">Gracia es un dise\u00f1o de estilo fluido con escote halter en su delantero y falda cruzada con volumen. El vestido est\u00e1 construido con chif\u00f3n de seda y muestra todos sus acabados, as\u00ed como los ojales de la botonadura, hechos a mano.<\/p>\n<p>[\/et_pb_text][et_pb_text admin_label=&#8221;linea y letra capital mas texto&#8221; _builder_version=&#8221;3.14&#8243; text_font=&#8221;|300|||||||&#8221; header_font=&#8221;|300||on|||||&#8221; header_2_font=&#8221;|300|||||||&#8221; header_3_font=&#8221;|300|||||||&#8221; header_4_font=&#8221;|300|||||||&#8221; header_5_font=&#8221;|300|||||||&#8221; header_6_font=&#8221;|300|||||||&#8221; custom_margin_last_edited=&#8221;off|phone&#8221; custom_padding_last_edited=&#8221;off|desktop&#8221; header_font_size=&#8221;28px&#8221; module_class=&#8221;todo-fijo&#8221; saved_tabs=&#8221;all&#8221;]<\/p>\n<div>\n<p class=\"filete\">\n<\/div>\n<div class=\"capital\">\n<p>G<\/p>\n<\/div>\n<div class=\"bloque-capital\">\n<h1>Gracia<\/h1>\n<p style=\"text-align: center;\">Gr\u00e0cia \u00e9s un vestit de n\u00favia d&#8217;alta costura de chif\u00f3n de seda, d&#8217;estil fluid, amb escot halter en el seu davanter i faldilla creuada amb volum. La pe\u00e7a mostra tots els seus acabats, aix\u00ed com els traus de la botonada, fets a m\u00e0.<\/p>\n<\/div>\n<p>[\/et_pb_text][\/et_pb_column][\/et_pb_row][\/et_pb_section][et_pb_section bb_built=&#8221;1&#8243; custom_padding_last_edited=&#8221;off|phone&#8221; _builder_version=&#8221;3.0.106&#8243; max_width_tablet=&#8221;70%&#8221; max_width_phone=&#8221;90%&#8221; max_width_last_edited=&#8221;off|phone&#8221; custom_margin=&#8221;0px|||&#8221; custom_padding=&#8221;0px|||&#8221; prev_background_color=&#8221;#000000&#8243;][et_pb_row use_custom_width=&#8221;on&#8221; custom_width_px=&#8221;780px&#8221; custom_padding=&#8221;57px|||&#8221; disabled_on=&#8221;off|off|off&#8221; _builder_version=&#8221;3.0.101&#8243;][et_pb_column type=&#8221;4_4&#8243;][et_pb_divider admin_label=&#8221;Linea Capital &#8211; 82 \/ 4&#8243; color=&#8221;#000000&#8243; show_divider=&#8221;on&#8221; divider_position=&#8221;center&#8221; divider_weight=&#8221;4&#8243; height=&#8221;20px&#8221; _builder_version=&#8221;3.7&#8243; max_width=&#8221;50px&#8221; module_alignment=&#8221;left&#8221; custom_margin_last_edited=&#8221;on|desktop&#8221; custom_padding_last_edited=&#8221;on|desktop&#8221; \/][et_pb_text admin_label=&#8221;texto capital&#8221; _builder_version=&#8221;3.14&#8243; text_font=&#8221;|300|||||||&#8221; header_2_font=&#8221;|300|||||||&#8221; header_3_font=&#8221;|300|||||||&#8221; header_4_font=&#8221;|300|||||||&#8221; header_5_font=&#8221;|300|||||||&#8221; header_6_font=&#8221;|300|||||||&#8221; custom_margin_last_edited=&#8221;on|desktop&#8221; custom_padding_last_edited=&#8221;on|desktop&#8221; header_2_line_height=&#8221;1.2em&#8221;]<\/p>\n<h2>VESTIT DE N\u00daVIA D&#8217;ALTA COSTURA DE CHIF\u00d3N DE SEDA<\/h2>\n<p style=\"text-align: center;\">Gl\u00f2ria i la seva parella celebren un casament \u00edntim en uns mesos, acompanyats dels 2 nadons de tots dos i del nucli m\u00e9s proper dels seus familiars i amics.<br \/>\nBuscava un vestit de n\u00favia que no fos &#8220;el t\u00edpic vestit de n\u00favia&#8221;, confessava haver-se provat uns quants i no es reconeixia, no era ella, a m\u00e9s de irritar haver de posar-se a dieta per aprimar 6 o 7 quilos i quedar &#8220;passable&#8221;, enfundada en un d&#8217;ells.<br \/>\nGr\u00e0cia li va encantar. Va semblar dissenyat especialment per a ella.<\/p>\n<p style=\"text-align: center;\">Recordo els primers gargots i tenir en ment una idea de vestit fresc, alegre, vital, dol\u00e7 i sexy.<\/p>\n<p style=\"text-align: center;\">Les principals caracter\u00edstiques d&#8217;aquest disseny s\u00f3n:<\/p>\n<p>\u2022 L&#8217;aspecte empolsat del seu teixit principal, chif\u00f3n de seda, amb tots els seus acabats delicadament a m\u00e0.<br \/>\n\u2022 La l\u00ednia sense esquena del cos amb frunzit a la tireta de l&#8217;escot que cau en cascada sobre el pit i maluc.<br \/>\n\u2022 La superposici\u00f3 d&#8217;escots halter i banyera a l&#8217;esquena del cos.<br \/>\n\u2022 El moviment que aporta la seva faldilla creuada amb cua, on es solapa una exterior de gasa de seda sobre una altra de crep set\u00ed.<br \/>\n\u2022 Les botonadures artesanals del lateral i coll, de biaix del mateix teixit principal.<\/p>\n<p>[\/et_pb_text][\/et_pb_column][\/et_pb_row][\/et_pb_section]<\/p>\n","protected":false},"excerpt":{"rendered":"<p>Gloria y su pareja celebran una boda \u00edntima en unos meses, acompa\u00f1ados de los 2 beb\u00e9s de ambos y del n\u00facleo m\u00e1s cercano de sus familiares y amigos. Recuerdo los primeros garabatos y tener en mente una idea de vestido fresco, alegre, vital, dulce y sexy. <\/p>\n","protected":false},"author":3,"featured_media":0,"parent":0,"menu_order":0,"comment_status":"closed","ping_status":"closed","template":"page-product.php","meta":{"_et_pb_use_builder":"on","_et_pb_old_content":"","_et_gb_content_width":"","footnotes":""},"class_list":["post-6539","page","type-page","status-publish","hentry"],"yoast_head":"<!-- This site is optimized with the Yoast SEO plugin v26.9 - https:\/\/yoast.com\/product\/yoast-seo-wordpress\/ -->\n<title>Vestit de n\u00favia d&#039;Alta Costura disseny Gr\u00e0cia - Cristina Saura<\/title>\n<meta name=\"description\" content=\"Vestit de n\u00favia d\u00b4Alta Costura disseny Gr\u00e0cia. El model de l\u00ednia avantguardista i estil rom\u00e0ntic encaixa a la perfecci\u00f3 amb n\u00favies poc convencionals que valoren vestir amb comoditat.\" \/>\n<meta name=\"robots\" content=\"index, follow, max-snippet:-1, max-image-preview:large, max-video-preview:-1\" \/>\n<link rel=\"canonical\" href=\"https:\/\/cristinasaura.com\/ca\/vestit-de-nuvia-de-alta-costura-de-chifon-seda\/\" \/>\n<meta property=\"og:locale\" content=\"ca_ES\" \/>\n<meta property=\"og:type\" content=\"article\" \/>\n<meta property=\"og:title\" content=\"Vestit de n\u00favia d&#039;Alta Costura disseny Gr\u00e0cia - Cristina Saura\" \/>\n<meta property=\"og:description\" content=\"Vestit de n\u00favia d\u00b4Alta Costura disseny Gr\u00e0cia. El model de l\u00ednia avantguardista i estil rom\u00e0ntic encaixa a la perfecci\u00f3 amb n\u00favies poc convencionals que valoren vestir amb comoditat.\" \/>\n<meta property=\"og:url\" content=\"https:\/\/cristinasaura.com\/ca\/vestit-de-nuvia-de-alta-costura-de-chifon-seda\/\" \/>\n<meta property=\"og:site_name\" content=\"Cristina Saura\" \/>\n<meta property=\"article:publisher\" content=\"https:\/\/www.facebook.com\/cristinasaurabarcelona\/\" \/>\n<meta property=\"article:modified_time\" content=\"2023-09-21T08:37:42+00:00\" \/>\n<meta name=\"twitter:card\" content=\"summary_large_image\" \/>\n<meta name=\"twitter:site\" content=\"@cristinasabcn\" \/>\n<meta name=\"twitter:label1\" content=\"Temps estimat de lectura\" \/>\n\t<meta name=\"twitter:data1\" content=\"3 minuts\" \/>\n<script type=\"application\/ld+json\" class=\"yoast-schema-graph\">{\"@context\":\"https:\/\/schema.org\",\"@graph\":[{\"@type\":\"WebPage\",\"@id\":\"https:\/\/cristinasaura.com\/ca\/vestit-de-nuvia-de-alta-costura-de-chifon-seda\/\",\"url\":\"https:\/\/cristinasaura.com\/ca\/vestit-de-nuvia-de-alta-costura-de-chifon-seda\/\",\"name\":\"Vestit de n\u00favia d'Alta Costura disseny Gr\u00e0cia - Cristina Saura\",\"isPartOf\":{\"@id\":\"https:\/\/cristinasaura.com\/#website\"},\"datePublished\":\"2018-01-23T17:08:12+00:00\",\"dateModified\":\"2023-09-21T08:37:42+00:00\",\"description\":\"Vestit de n\u00favia d\u00b4Alta Costura disseny Gr\u00e0cia. El model de l\u00ednia avantguardista i estil rom\u00e0ntic encaixa a la perfecci\u00f3 amb n\u00favies poc convencionals que valoren vestir amb comoditat.\",\"breadcrumb\":{\"@id\":\"https:\/\/cristinasaura.com\/ca\/vestit-de-nuvia-de-alta-costura-de-chifon-seda\/#breadcrumb\"},\"inLanguage\":\"ca\",\"potentialAction\":[{\"@type\":\"ReadAction\",\"target\":[\"https:\/\/cristinasaura.com\/ca\/vestit-de-nuvia-de-alta-costura-de-chifon-seda\/\"]}]},{\"@type\":\"BreadcrumbList\",\"@id\":\"https:\/\/cristinasaura.com\/ca\/vestit-de-nuvia-de-alta-costura-de-chifon-seda\/#breadcrumb\",\"itemListElement\":[{\"@type\":\"ListItem\",\"position\":1,\"name\":\"Portada\",\"item\":\"https:\/\/cristinasaura.com\/ca\/\"},{\"@type\":\"ListItem\",\"position\":2,\"name\":\"Vestit de n\u00favia Gr\u00e0cia\"}]},{\"@type\":\"WebSite\",\"@id\":\"https:\/\/cristinasaura.com\/#website\",\"url\":\"https:\/\/cristinasaura.com\/\",\"name\":\"Cristina Saura\",\"description\":\"Dise\u00f1adora de vestidos de novia y fiesta de Alta Costura en Barcelona\",\"publisher\":{\"@id\":\"https:\/\/cristinasaura.com\/#organization\"},\"potentialAction\":[{\"@type\":\"SearchAction\",\"target\":{\"@type\":\"EntryPoint\",\"urlTemplate\":\"https:\/\/cristinasaura.com\/?s={search_term_string}\"},\"query-input\":{\"@type\":\"PropertyValueSpecification\",\"valueRequired\":true,\"valueName\":\"search_term_string\"}}],\"inLanguage\":\"ca\"},{\"@type\":\"Organization\",\"@id\":\"https:\/\/cristinasaura.com\/#organization\",\"name\":\"CRISTINA SAURA\",\"url\":\"https:\/\/cristinasaura.com\/\",\"logo\":{\"@type\":\"ImageObject\",\"inLanguage\":\"ca\",\"@id\":\"https:\/\/cristinasaura.com\/#\/schema\/logo\/image\/\",\"url\":\"http:\/\/cristinasaura.com\/wp-content\/uploads\/2017\/12\/cristina-saura-logo.png\",\"contentUrl\":\"http:\/\/cristinasaura.com\/wp-content\/uploads\/2017\/12\/cristina-saura-logo.png\",\"width\":687,\"height\":293,\"caption\":\"CRISTINA SAURA\"},\"image\":{\"@id\":\"https:\/\/cristinasaura.com\/#\/schema\/logo\/image\/\"},\"sameAs\":[\"https:\/\/www.facebook.com\/cristinasaurabarcelona\/\",\"https:\/\/x.com\/cristinasabcn\",\"https:\/\/www.instagram.com\/cristinasaurabcn\/\",\"https:\/\/www.pinterest.es\/designercsaura\/\"]}]}<\/script>\n<!-- \/ Yoast SEO plugin. -->","yoast_head_json":{"title":"Vestit de n\u00favia d'Alta Costura disseny Gr\u00e0cia - Cristina Saura","description":"Vestit de n\u00favia d\u00b4Alta Costura disseny Gr\u00e0cia. El model de l\u00ednia avantguardista i estil rom\u00e0ntic encaixa a la perfecci\u00f3 amb n\u00favies poc convencionals que valoren vestir amb comoditat.","robots":{"index":"index","follow":"follow","max-snippet":"max-snippet:-1","max-image-preview":"max-image-preview:large","max-video-preview":"max-video-preview:-1"},"canonical":"https:\/\/cristinasaura.com\/ca\/vestit-de-nuvia-de-alta-costura-de-chifon-seda\/","og_locale":"ca_ES","og_type":"article","og_title":"Vestit de n\u00favia d'Alta Costura disseny Gr\u00e0cia - Cristina Saura","og_description":"Vestit de n\u00favia d\u00b4Alta Costura disseny Gr\u00e0cia. El model de l\u00ednia avantguardista i estil rom\u00e0ntic encaixa a la perfecci\u00f3 amb n\u00favies poc convencionals que valoren vestir amb comoditat.","og_url":"https:\/\/cristinasaura.com\/ca\/vestit-de-nuvia-de-alta-costura-de-chifon-seda\/","og_site_name":"Cristina Saura","article_publisher":"https:\/\/www.facebook.com\/cristinasaurabarcelona\/","article_modified_time":"2023-09-21T08:37:42+00:00","twitter_card":"summary_large_image","twitter_site":"@cristinasabcn","twitter_misc":{"Temps estimat de lectura":"3 minuts"},"schema":{"@context":"https:\/\/schema.org","@graph":[{"@type":"WebPage","@id":"https:\/\/cristinasaura.com\/ca\/vestit-de-nuvia-de-alta-costura-de-chifon-seda\/","url":"https:\/\/cristinasaura.com\/ca\/vestit-de-nuvia-de-alta-costura-de-chifon-seda\/","name":"Vestit de n\u00favia d'Alta Costura disseny Gr\u00e0cia - Cristina Saura","isPartOf":{"@id":"https:\/\/cristinasaura.com\/#website"},"datePublished":"2018-01-23T17:08:12+00:00","dateModified":"2023-09-21T08:37:42+00:00","description":"Vestit de n\u00favia d\u00b4Alta Costura disseny Gr\u00e0cia. El model de l\u00ednia avantguardista i estil rom\u00e0ntic encaixa a la perfecci\u00f3 amb n\u00favies poc convencionals que valoren vestir amb comoditat.","breadcrumb":{"@id":"https:\/\/cristinasaura.com\/ca\/vestit-de-nuvia-de-alta-costura-de-chifon-seda\/#breadcrumb"},"inLanguage":"ca","potentialAction":[{"@type":"ReadAction","target":["https:\/\/cristinasaura.com\/ca\/vestit-de-nuvia-de-alta-costura-de-chifon-seda\/"]}]},{"@type":"BreadcrumbList","@id":"https:\/\/cristinasaura.com\/ca\/vestit-de-nuvia-de-alta-costura-de-chifon-seda\/#breadcrumb","itemListElement":[{"@type":"ListItem","position":1,"name":"Portada","item":"https:\/\/cristinasaura.com\/ca\/"},{"@type":"ListItem","position":2,"name":"Vestit de n\u00favia Gr\u00e0cia"}]},{"@type":"WebSite","@id":"https:\/\/cristinasaura.com\/#website","url":"https:\/\/cristinasaura.com\/","name":"Cristina Saura","description":"Dise\u00f1adora de vestidos de novia y fiesta de Alta Costura en Barcelona","publisher":{"@id":"https:\/\/cristinasaura.com\/#organization"},"potentialAction":[{"@type":"SearchAction","target":{"@type":"EntryPoint","urlTemplate":"https:\/\/cristinasaura.com\/?s={search_term_string}"},"query-input":{"@type":"PropertyValueSpecification","valueRequired":true,"valueName":"search_term_string"}}],"inLanguage":"ca"},{"@type":"Organization","@id":"https:\/\/cristinasaura.com\/#organization","name":"CRISTINA SAURA","url":"https:\/\/cristinasaura.com\/","logo":{"@type":"ImageObject","inLanguage":"ca","@id":"https:\/\/cristinasaura.com\/#\/schema\/logo\/image\/","url":"http:\/\/cristinasaura.com\/wp-content\/uploads\/2017\/12\/cristina-saura-logo.png","contentUrl":"http:\/\/cristinasaura.com\/wp-content\/uploads\/2017\/12\/cristina-saura-logo.png","width":687,"height":293,"caption":"CRISTINA SAURA"},"image":{"@id":"https:\/\/cristinasaura.com\/#\/schema\/logo\/image\/"},"sameAs":["https:\/\/www.facebook.com\/cristinasaurabarcelona\/","https:\/\/x.com\/cristinasabcn","https:\/\/www.instagram.com\/cristinasaurabcn\/","https:\/\/www.pinterest.es\/designercsaura\/"]}]}},"_links":{"self":[{"href":"https:\/\/cristinasaura.com\/ca\/wp-json\/wp\/v2\/pages\/6539","targetHints":{"allow":["GET"]}}],"collection":[{"href":"https:\/\/cristinasaura.com\/ca\/wp-json\/wp\/v2\/pages"}],"about":[{"href":"https:\/\/cristinasaura.com\/ca\/wp-json\/wp\/v2\/types\/page"}],"author":[{"embeddable":true,"href":"https:\/\/cristinasaura.com\/ca\/wp-json\/wp\/v2\/users\/3"}],"replies":[{"embeddable":true,"href":"https:\/\/cristinasaura.com\/ca\/wp-json\/wp\/v2\/comments?post=6539"}],"version-history":[{"count":0,"href":"https:\/\/cristinasaura.com\/ca\/wp-json\/wp\/v2\/pages\/6539\/revisions"}],"wp:attachment":[{"href":"https:\/\/cristinasaura.com\/ca\/wp-json\/wp\/v2\/media?parent=6539"}],"curies":[{"name":"wp","href":"https:\/\/api.w.org\/{rel}","templated":true}]}}