{"id":6515,"date":"2018-01-23T10:38:03","date_gmt":"2018-01-23T09:38:03","guid":{"rendered":"https:\/\/cristinasaura.com\/?page_id=6515"},"modified":"2023-09-21T10:24:43","modified_gmt":"2023-09-21T08:24:43","slug":"vestits-nuvia-curts-2","status":"publish","type":"page","link":"https:\/\/cristinasaura.com\/ca\/vestits-nuvia-curts-2\/","title":{"rendered":"Vestits n\u00favia curts"},"content":{"rendered":"<p>[et_pb_section bb_built=&#8221;1&#8243; module_id=&#8221;empezar&#8221; _builder_version=&#8221;3.0.98&#8243; custom_margin=&#8221;0px|0px||0px&#8221; custom_padding=&#8221;0px|0px|5px|0px&#8221; next_background_color=&#8221;#000000&#8243;][et_pb_row use_custom_gutter=&#8221;on&#8221; gutter_width=&#8221;1&#8243; custom_padding=&#8221;0px|0px||0px&#8221; custom_margin=&#8221;0px|0px||0px&#8221; padding_top_1=&#8221;0px&#8221; padding_right_1=&#8221;0px&#8221; padding_left_1=&#8221;0px&#8221; padding_top_2=&#8221;0px&#8221; padding_right_2=&#8221;80px&#8221; padding_left_2=&#8221;80px&#8221; _builder_version=&#8221;3.0.98&#8243; background_size=&#8221;initial&#8221; background_position=&#8221;top_left&#8221; background_repeat=&#8221;repeat&#8221; padding_2_last_edited=&#8221;on|desktop&#8221; padding_2_phone=&#8221;60px|60px||60px&#8221; module_class_2=&#8221;fijo&#8221; make_fullwidth=&#8221;on&#8221; make_equal=&#8221;on&#8221; custom_margin_last_edited=&#8221;on|phone&#8221; padding_1_last_edited=&#8221;on|phone&#8221;][et_pb_column type=&#8221;1_2&#8243;][et_pb_image admin_label=&#8221;GALA vestido novia corto&#8221; title_text=&#8221;Vestit de n\u00favia curt, de puntes, per casament civil.&#8221; force_fullwidth=&#8221;on&#8221; _builder_version=&#8221;3.14&#8243; custom_margin=&#8221;|0px||0px&#8221; custom_padding=&#8221;|0px||0px&#8221; src=&#8221;http:\/\/cristinasaura.com\/wp-content\/uploads\/2018\/01\/moira1.jpg&#8221; alt=&#8221;Vestits n\u00favia curts per noces civils. Disseny d&#8217;Alta Costura de CRISTINA SAURA. Precisa cotilleria, defineix el cos, i est\u00e0 constru\u00eft amb encaix de tema geom\u00e8tric-floral.&#8221; \/][et_pb_image admin_label=&#8221;Detalle Gala. Vestido de novia corto.&#8221; src=&#8221;http:\/\/cristinasaura.com\/wp-content\/uploads\/2018\/01\/moira2.jpg&#8221; title_text=&#8221;Detall de Gala. Vestits n\u00favia curts d&#8217;Alta Costura de CRISTINA SAURA.&#8221; force_fullwidth=&#8221;on&#8221; _builder_version=&#8221;3.14&#8243; custom_margin=&#8221;|0px||0px&#8221; custom_padding=&#8221;|0px||0px&#8221; alt=&#8221;Perfil del vestits n\u00favia curts disseny GALA de CRISTINA SAURA que permet obervar amb detall la perfecci\u00f3 i la professionalitat en el tall dels patrons de la signatura.&#8221; \/][et_pb_image src=&#8221;http:\/\/cristinasaura.com\/wp-content\/uploads\/2018\/01\/gracia1.jpg&#8221; title_text=&#8221;Titulo de la imagen&#8221; force_fullwidth=&#8221;on&#8221; _builder_version=&#8221;3.0.96&#8243; custom_margin=&#8221;|0px||0px&#8221; custom_padding=&#8221;|0px||0px&#8221; show_in_lightbox=&#8221;off&#8221; url_new_window=&#8221;off&#8221; use_overlay=&#8221;off&#8221; always_center_on_mobile=&#8221;on&#8221; show_bottom_space=&#8221;on&#8221; module_class=&#8221;suau&#8221; disabled_on=&#8221;on|on|on&#8221; disabled=&#8221;on&#8221; \/][\/et_pb_column][et_pb_column type=&#8221;1_2&#8243;][et_pb_text admin_label=&#8221;linea y letra capital mas texto&#8221; _builder_version=&#8221;3.14&#8243; text_font=&#8221;|300|||||||&#8221; header_font=&#8221;|300||on|||||&#8221; header_2_font=&#8221;|300|||||||&#8221; header_3_font=&#8221;|300|||||||&#8221; header_4_font=&#8221;|300|||||||&#8221; header_5_font=&#8221;|300|||||||&#8221; header_6_font=&#8221;|300|||||||&#8221; custom_margin_last_edited=&#8221;off|phone&#8221; custom_padding_last_edited=&#8221;off|desktop&#8221; header_font_size=&#8221;28px&#8221; module_class=&#8221;todo-fijo&#8221; saved_tabs=&#8221;all&#8221;]<\/p>\n<div>\n<p class=\"filete\"><span><\/span><\/p>\n<\/div>\n<div class=\"capital\">\n<p>G<\/p>\n<\/div>\n<div class=\"bloque-capital\">\n<h1>Gala<\/h1>\n<p style=\"text-align: center;\">Gala \u00e9s un vestit amb llarg midi i l\u00ednia &#8220;A&#8221;, d&#8217;estil corsetero. La pe\u00e7a s&#8217;elabora amb encaix en motius geom\u00e8trics i florals.<\/p>\n<\/div>\n<p>[\/et_pb_text][\/et_pb_column][\/et_pb_row][\/et_pb_section][et_pb_section bb_built=&#8221;1&#8243; custom_padding_last_edited=&#8221;off|phone&#8221; _builder_version=&#8221;3.0.106&#8243; max_width_tablet=&#8221;70%&#8221; max_width_phone=&#8221;90%&#8221; max_width_last_edited=&#8221;off|phone&#8221; custom_margin=&#8221;0px|||&#8221; custom_padding=&#8221;0px|||&#8221; prev_background_color=&#8221;#000000&#8243;][et_pb_row use_custom_width=&#8221;on&#8221; custom_width_px=&#8221;780px&#8221; custom_padding=&#8221;57px|||&#8221; disabled_on=&#8221;off|off|off&#8221; _builder_version=&#8221;3.0.101&#8243;][et_pb_column type=&#8221;4_4&#8243;][et_pb_divider admin_label=&#8221;Linea Capital &#8211; 82 \/ 4&#8243; color=&#8221;#000000&#8243; show_divider=&#8221;on&#8221; divider_position=&#8221;center&#8221; divider_weight=&#8221;4&#8243; height=&#8221;20px&#8221; _builder_version=&#8221;3.9&#8243; max_width=&#8221;50px&#8221; module_alignment=&#8221;left&#8221; custom_margin_last_edited=&#8221;on|desktop&#8221; custom_padding_last_edited=&#8221;on|desktop&#8221; \/][et_pb_text admin_label=&#8221;texto capital&#8221; _builder_version=&#8221;3.14&#8243; text_font=&#8221;|300|||||||&#8221; header_2_font=&#8221;|300|||||||&#8221; header_3_font=&#8221;|300|||||||&#8221; header_4_font=&#8221;|300|||||||&#8221; header_5_font=&#8221;|300|||||||&#8221; header_6_font=&#8221;|300|||||||&#8221; custom_margin_last_edited=&#8221;on|desktop&#8221; custom_padding_last_edited=&#8221;on|desktop&#8221; header_font_size=&#8221;28px&#8221; header_2_line_height=&#8221;1.2em&#8221;]<\/p>\n<h2>VESTIDOS NOVIA CORTOS<\/h2>\n<p style=\"text-align: center;\">Els vestits n\u00favia curts s\u00f3n idonis si <a href=\"https:\/\/cristinasaura.com\/ca\/descobreix-el-teu-vestit-de-nuvia-curt-i-les-4-raons-de-perque-es-el-idoni\/\"> teu casament <\/a> \u00e9s una cerim\u00f2nia civil o si senzillament busques un vestit de n\u00favia per anar al jutjat ia menjar despr\u00e9s amb els m\u00e9s propers.<\/p>\n<p style=\"text-align: center;\">Gala \u00e9s un model amb pres\u00e8ncia.<br \/>\nL&#8217;elecci\u00f3 de l&#8217;encaix en un vestit de n\u00favia no \u00e9s una q\u00fcesti\u00f3 menor, i \u00e9s que, la riquesa de la seva entramat pren un protagonisme rellevant en la capacitat expressiva del vestit.<br \/>\nFixa&#8217;t en els motius geom\u00e8trics i florals que reprodueix la seva textura i en com determinen un ambient particular.<\/p>\n<p style=\"text-align: center;\">No cridar\u00e0s l&#8217;atenci\u00f3, per\u00f2 tampoc passar\u00e0s desapercebuda.<br \/>\nLa part superior del vestit reprodueix un seductor tema de cotilleria delimitant el pit i subratllant el t\u00f2rax i la cintura al detall.<br \/>\nEl cos es completa cobrint l&#8217;escot amb encaix en el seu davanter, mentre a l&#8217;esquena \u00fanicament en &#8220;V&#8221;.<br \/>\nLa l\u00ednia de la faldilla \u00e9s moderadament desviada i resulta singularment afavoridora. <\/p>\n<p style=\"text-align: center;\">El disseny de Gala posa l&#8217;accent en definir el pit d&#8217;una manera natural i especialment bell.<\/p>\n<p style=\"text-align: center;\">\u00c9s apropiat tamb\u00e9 si ets alta i vols emfatitzar la teva feminitat.<\/p>\n<p>[\/et_pb_text][\/et_pb_column][\/et_pb_row][\/et_pb_section]<\/p>\n","protected":false},"excerpt":{"rendered":"<p>G Gala Gala \u00e9s un vestit amb llarg midi i l\u00ednia &#8220;A&#8221;, d&#8217;estil corsetero. La pe\u00e7a s&#8217;elabora amb encaix en motius geom\u00e8trics i florals. VESTIDOS NOVIA CORTOS Els vestits n\u00favia curts s\u00f3n idonis si teu casament \u00e9s una cerim\u00f2nia civil o si senzillament busques un vestit de n\u00favia per anar al jutjat ia menjar despr\u00e9s [&hellip;]<\/p>\n","protected":false},"author":3,"featured_media":0,"parent":0,"menu_order":0,"comment_status":"closed","ping_status":"closed","template":"page-product.php","meta":{"_et_pb_use_builder":"on","_et_pb_old_content":"","_et_gb_content_width":"","footnotes":""},"class_list":["post-6515","page","type-page","status-publish","hentry"],"yoast_head":"<!-- This site is optimized with the Yoast SEO plugin v26.9 - https:\/\/yoast.com\/product\/yoast-seo-wordpress\/ -->\n<title>Vestit de n\u00favia d\u00b4Alta Costura disseny Gala - Cristina Saura<\/title>\n<meta name=\"description\" content=\"Vestit de n\u00favia d\u00b4Alta Costura disseny Gala. El model d&#039;estil corseter mostra un llarg midi i l\u00ednia \u201cA\u201d.\" \/>\n<meta name=\"robots\" content=\"index, follow, max-snippet:-1, max-image-preview:large, max-video-preview:-1\" \/>\n<link rel=\"canonical\" href=\"https:\/\/cristinasaura.com\/ca\/vestits-nuvia-curts-2\/\" \/>\n<meta property=\"og:locale\" content=\"ca_ES\" \/>\n<meta property=\"og:type\" content=\"article\" \/>\n<meta property=\"og:title\" content=\"Vestit de n\u00favia d\u00b4Alta Costura disseny Gala - Cristina Saura\" \/>\n<meta property=\"og:description\" content=\"Vestit de n\u00favia d\u00b4Alta Costura disseny Gala. El model d&#039;estil corseter mostra un llarg midi i l\u00ednia \u201cA\u201d.\" \/>\n<meta property=\"og:url\" content=\"https:\/\/cristinasaura.com\/ca\/vestits-nuvia-curts-2\/\" \/>\n<meta property=\"og:site_name\" content=\"Cristina Saura\" \/>\n<meta property=\"article:publisher\" content=\"https:\/\/www.facebook.com\/cristinasaurabarcelona\/\" \/>\n<meta property=\"article:modified_time\" content=\"2023-09-21T08:24:43+00:00\" \/>\n<meta name=\"twitter:card\" content=\"summary_large_image\" \/>\n<meta name=\"twitter:site\" content=\"@cristinasabcn\" \/>\n<meta name=\"twitter:label1\" content=\"Temps estimat de lectura\" \/>\n\t<meta name=\"twitter:data1\" content=\"2 minuts\" \/>\n<script type=\"application\/ld+json\" class=\"yoast-schema-graph\">{\"@context\":\"https:\/\/schema.org\",\"@graph\":[{\"@type\":\"WebPage\",\"@id\":\"https:\/\/cristinasaura.com\/ca\/vestits-nuvia-curts-2\/\",\"url\":\"https:\/\/cristinasaura.com\/ca\/vestits-nuvia-curts-2\/\",\"name\":\"Vestit de n\u00favia d\u00b4Alta Costura disseny Gala - Cristina Saura\",\"isPartOf\":{\"@id\":\"https:\/\/cristinasaura.com\/#website\"},\"datePublished\":\"2018-01-23T09:38:03+00:00\",\"dateModified\":\"2023-09-21T08:24:43+00:00\",\"description\":\"Vestit de n\u00favia d\u00b4Alta Costura disseny Gala. El model d'estil corseter mostra un llarg midi i l\u00ednia \u201cA\u201d.\",\"breadcrumb\":{\"@id\":\"https:\/\/cristinasaura.com\/ca\/vestits-nuvia-curts-2\/#breadcrumb\"},\"inLanguage\":\"ca\",\"potentialAction\":[{\"@type\":\"ReadAction\",\"target\":[\"https:\/\/cristinasaura.com\/ca\/vestits-nuvia-curts-2\/\"]}]},{\"@type\":\"BreadcrumbList\",\"@id\":\"https:\/\/cristinasaura.com\/ca\/vestits-nuvia-curts-2\/#breadcrumb\",\"itemListElement\":[{\"@type\":\"ListItem\",\"position\":1,\"name\":\"Portada\",\"item\":\"https:\/\/cristinasaura.com\/ca\/\"},{\"@type\":\"ListItem\",\"position\":2,\"name\":\"Vestits n\u00favia curts\"}]},{\"@type\":\"WebSite\",\"@id\":\"https:\/\/cristinasaura.com\/#website\",\"url\":\"https:\/\/cristinasaura.com\/\",\"name\":\"Cristina Saura\",\"description\":\"Dise\u00f1adora de vestidos de novia y fiesta de Alta Costura en Barcelona\",\"publisher\":{\"@id\":\"https:\/\/cristinasaura.com\/#organization\"},\"potentialAction\":[{\"@type\":\"SearchAction\",\"target\":{\"@type\":\"EntryPoint\",\"urlTemplate\":\"https:\/\/cristinasaura.com\/?s={search_term_string}\"},\"query-input\":{\"@type\":\"PropertyValueSpecification\",\"valueRequired\":true,\"valueName\":\"search_term_string\"}}],\"inLanguage\":\"ca\"},{\"@type\":\"Organization\",\"@id\":\"https:\/\/cristinasaura.com\/#organization\",\"name\":\"CRISTINA SAURA\",\"url\":\"https:\/\/cristinasaura.com\/\",\"logo\":{\"@type\":\"ImageObject\",\"inLanguage\":\"ca\",\"@id\":\"https:\/\/cristinasaura.com\/#\/schema\/logo\/image\/\",\"url\":\"http:\/\/cristinasaura.com\/wp-content\/uploads\/2017\/12\/cristina-saura-logo.png\",\"contentUrl\":\"http:\/\/cristinasaura.com\/wp-content\/uploads\/2017\/12\/cristina-saura-logo.png\",\"width\":687,\"height\":293,\"caption\":\"CRISTINA SAURA\"},\"image\":{\"@id\":\"https:\/\/cristinasaura.com\/#\/schema\/logo\/image\/\"},\"sameAs\":[\"https:\/\/www.facebook.com\/cristinasaurabarcelona\/\",\"https:\/\/x.com\/cristinasabcn\",\"https:\/\/www.instagram.com\/cristinasaurabcn\/\",\"https:\/\/www.pinterest.es\/designercsaura\/\"]}]}<\/script>\n<!-- \/ Yoast SEO plugin. -->","yoast_head_json":{"title":"Vestit de n\u00favia d\u00b4Alta Costura disseny Gala - Cristina Saura","description":"Vestit de n\u00favia d\u00b4Alta Costura disseny Gala. El model d'estil corseter mostra un llarg midi i l\u00ednia \u201cA\u201d.","robots":{"index":"index","follow":"follow","max-snippet":"max-snippet:-1","max-image-preview":"max-image-preview:large","max-video-preview":"max-video-preview:-1"},"canonical":"https:\/\/cristinasaura.com\/ca\/vestits-nuvia-curts-2\/","og_locale":"ca_ES","og_type":"article","og_title":"Vestit de n\u00favia d\u00b4Alta Costura disseny Gala - Cristina Saura","og_description":"Vestit de n\u00favia d\u00b4Alta Costura disseny Gala. El model d'estil corseter mostra un llarg midi i l\u00ednia \u201cA\u201d.","og_url":"https:\/\/cristinasaura.com\/ca\/vestits-nuvia-curts-2\/","og_site_name":"Cristina Saura","article_publisher":"https:\/\/www.facebook.com\/cristinasaurabarcelona\/","article_modified_time":"2023-09-21T08:24:43+00:00","twitter_card":"summary_large_image","twitter_site":"@cristinasabcn","twitter_misc":{"Temps estimat de lectura":"2 minuts"},"schema":{"@context":"https:\/\/schema.org","@graph":[{"@type":"WebPage","@id":"https:\/\/cristinasaura.com\/ca\/vestits-nuvia-curts-2\/","url":"https:\/\/cristinasaura.com\/ca\/vestits-nuvia-curts-2\/","name":"Vestit de n\u00favia d\u00b4Alta Costura disseny Gala - Cristina Saura","isPartOf":{"@id":"https:\/\/cristinasaura.com\/#website"},"datePublished":"2018-01-23T09:38:03+00:00","dateModified":"2023-09-21T08:24:43+00:00","description":"Vestit de n\u00favia d\u00b4Alta Costura disseny Gala. El model d'estil corseter mostra un llarg midi i l\u00ednia \u201cA\u201d.","breadcrumb":{"@id":"https:\/\/cristinasaura.com\/ca\/vestits-nuvia-curts-2\/#breadcrumb"},"inLanguage":"ca","potentialAction":[{"@type":"ReadAction","target":["https:\/\/cristinasaura.com\/ca\/vestits-nuvia-curts-2\/"]}]},{"@type":"BreadcrumbList","@id":"https:\/\/cristinasaura.com\/ca\/vestits-nuvia-curts-2\/#breadcrumb","itemListElement":[{"@type":"ListItem","position":1,"name":"Portada","item":"https:\/\/cristinasaura.com\/ca\/"},{"@type":"ListItem","position":2,"name":"Vestits n\u00favia curts"}]},{"@type":"WebSite","@id":"https:\/\/cristinasaura.com\/#website","url":"https:\/\/cristinasaura.com\/","name":"Cristina Saura","description":"Dise\u00f1adora de vestidos de novia y fiesta de Alta Costura en Barcelona","publisher":{"@id":"https:\/\/cristinasaura.com\/#organization"},"potentialAction":[{"@type":"SearchAction","target":{"@type":"EntryPoint","urlTemplate":"https:\/\/cristinasaura.com\/?s={search_term_string}"},"query-input":{"@type":"PropertyValueSpecification","valueRequired":true,"valueName":"search_term_string"}}],"inLanguage":"ca"},{"@type":"Organization","@id":"https:\/\/cristinasaura.com\/#organization","name":"CRISTINA SAURA","url":"https:\/\/cristinasaura.com\/","logo":{"@type":"ImageObject","inLanguage":"ca","@id":"https:\/\/cristinasaura.com\/#\/schema\/logo\/image\/","url":"http:\/\/cristinasaura.com\/wp-content\/uploads\/2017\/12\/cristina-saura-logo.png","contentUrl":"http:\/\/cristinasaura.com\/wp-content\/uploads\/2017\/12\/cristina-saura-logo.png","width":687,"height":293,"caption":"CRISTINA SAURA"},"image":{"@id":"https:\/\/cristinasaura.com\/#\/schema\/logo\/image\/"},"sameAs":["https:\/\/www.facebook.com\/cristinasaurabarcelona\/","https:\/\/x.com\/cristinasabcn","https:\/\/www.instagram.com\/cristinasaurabcn\/","https:\/\/www.pinterest.es\/designercsaura\/"]}]}},"_links":{"self":[{"href":"https:\/\/cristinasaura.com\/ca\/wp-json\/wp\/v2\/pages\/6515","targetHints":{"allow":["GET"]}}],"collection":[{"href":"https:\/\/cristinasaura.com\/ca\/wp-json\/wp\/v2\/pages"}],"about":[{"href":"https:\/\/cristinasaura.com\/ca\/wp-json\/wp\/v2\/types\/page"}],"author":[{"embeddable":true,"href":"https:\/\/cristinasaura.com\/ca\/wp-json\/wp\/v2\/users\/3"}],"replies":[{"embeddable":true,"href":"https:\/\/cristinasaura.com\/ca\/wp-json\/wp\/v2\/comments?post=6515"}],"version-history":[{"count":0,"href":"https:\/\/cristinasaura.com\/ca\/wp-json\/wp\/v2\/pages\/6515\/revisions"}],"wp:attachment":[{"href":"https:\/\/cristinasaura.com\/ca\/wp-json\/wp\/v2\/media?parent=6515"}],"curies":[{"name":"wp","href":"https:\/\/api.w.org\/{rel}","templated":true}]}}