{"id":6500,"date":"2018-01-23T10:02:57","date_gmt":"2018-01-23T09:02:57","guid":{"rendered":"https:\/\/cristinasaura.com\/?page_id=6500"},"modified":"2023-09-21T10:52:45","modified_gmt":"2023-09-21T08:52:45","slug":"vestits-casament-cristina-saura","status":"publish","type":"page","link":"https:\/\/cristinasaura.com\/ca\/vestits-casament-cristina-saura\/","title":{"rendered":"Vestits casament CRISTINA SAURA"},"content":{"rendered":"<p>[et_pb_section bb_built=&#8221;1&#8243; module_id=&#8221;empezar&#8221; _builder_version=&#8221;3.0.98&#8243; custom_margin=&#8221;0px|0px||0px&#8221; custom_padding=&#8221;0px|0px|5px|0px&#8221;][et_pb_row use_custom_gutter=&#8221;on&#8221; gutter_width=&#8221;1&#8243; custom_padding=&#8221;0px|0px||0px&#8221; custom_margin=&#8221;0px|0px||0px&#8221; padding_top_1=&#8221;0px&#8221; padding_right_1=&#8221;0px&#8221; padding_left_1=&#8221;0px&#8221; padding_top_2=&#8221;0px&#8221; padding_right_2=&#8221;80px&#8221; padding_left_2=&#8221;80px&#8221; _builder_version=&#8221;3.0.98&#8243; background_size=&#8221;initial&#8221; background_position=&#8221;top_left&#8221; background_repeat=&#8221;repeat&#8221; padding_2_last_edited=&#8221;on|desktop&#8221; padding_2_phone=&#8221;60px|60px||60px&#8221; module_class_2=&#8221;fijo&#8221; make_fullwidth=&#8221;on&#8221; make_equal=&#8221;on&#8221; custom_margin_last_edited=&#8221;on|phone&#8221; padding_1_last_edited=&#8221;on|phone&#8221;][et_pb_column type=&#8221;1_2&#8243;][et_pb_image src=&#8221;http:\/\/cristinasaura.com\/wp-content\/uploads\/2018\/01\/mariana2.jpg&#8221; title_text=&#8221;Titulo de la imagen&#8221; force_fullwidth=&#8221;on&#8221; _builder_version=&#8221;3.14&#8243; custom_margin=&#8221;|0px||0px&#8221; custom_padding=&#8221;|0px||0px&#8221; show_in_lightbox=&#8221;off&#8221; url_new_window=&#8221;off&#8221; use_overlay=&#8221;off&#8221; always_center_on_mobile=&#8221;on&#8221; show_bottom_space=&#8221;on&#8221; \/][et_pb_image src=&#8221;http:\/\/cristinasaura.com\/wp-content\/uploads\/2018\/01\/mariana3.jpg&#8221; title_text=&#8221;Titulo de la imagen&#8221; force_fullwidth=&#8221;on&#8221; _builder_version=&#8221;3.0.98&#8243; custom_margin=&#8221;|0px||0px&#8221; custom_padding=&#8221;|0px||0px&#8221; show_in_lightbox=&#8221;off&#8221; url_new_window=&#8221;off&#8221; use_overlay=&#8221;off&#8221; always_center_on_mobile=&#8221;on&#8221; show_bottom_space=&#8221;on&#8221; \/][et_pb_image src=&#8221;http:\/\/cristinasaura.com\/wp-content\/uploads\/2018\/01\/gracia1.jpg&#8221; title_text=&#8221;Titulo de la imagen&#8221; force_fullwidth=&#8221;on&#8221; _builder_version=&#8221;3.0.96&#8243; custom_margin=&#8221;|0px||0px&#8221; custom_padding=&#8221;|0px||0px&#8221; show_in_lightbox=&#8221;off&#8221; url_new_window=&#8221;off&#8221; use_overlay=&#8221;off&#8221; always_center_on_mobile=&#8221;on&#8221; show_bottom_space=&#8221;on&#8221; module_class=&#8221;suau&#8221; disabled_on=&#8221;on|on|on&#8221; disabled=&#8221;on&#8221; \/][\/et_pb_column][et_pb_column type=&#8221;1_2&#8243;][et_pb_divider admin_label=&#8221;Linea Capital &#8211; Fijo&#8221; _builder_version=&#8221;3.0.98&#8243; show_divider=&#8221;on&#8221; divider_weight=&#8221;4&#8243; height=&#8221;20px&#8221; color=&#8221;#000000&#8243; max_width=&#8221;50px&#8221; module_alignment=&#8221;left&#8221; custom_margin=&#8221;0px|0px|10px|0px&#8221; custom_padding=&#8221;0px|0px|0px|80px&#8221; custom_padding_phone=&#8221;0px|0px|0px|0px&#8221; custom_padding_last_edited=&#8221;on|desktop&#8221; divider_position=&#8221;center&#8221; custom_margin_last_edited=&#8221;on|phone&#8221; \/][et_pb_text admin_label=&#8221;Letra Capital &#8211; Fijo&#8221; _builder_version=&#8221;3.14&#8243; background_layout=&#8221;light&#8221; text_font=&#8221;|300||on|||||&#8221; text_font_size=&#8221;80px&#8221; text_line_height=&#8221;1em&#8221; custom_margin=&#8221;0px|0px|0px|0px&#8221; custom_padding=&#8221;0px|0px|0px|0px&#8221; border_color_all=&#8221;#ffffff&#8221; border_style_all=&#8221;none&#8221; custom_margin_phone=&#8221;-10px|0px|50px|0px&#8221; custom_margin_last_edited=&#8221;on|desktop&#8221; custom_padding_last_edited=&#8221;on|desktop&#8221; header_font_size=&#8221;32px&#8221;]<\/p>\n<p>M<\/p>\n<p>[\/et_pb_text][et_pb_text admin_label=&#8221;Titulo y texto &#8211; Fijo&#8221; _builder_version=&#8221;3.14&#8243; text_font=&#8221;|300|||||||&#8221; header_font=&#8221;|300||on|||||&#8221; header_2_font=&#8221;|300|||||||&#8221; header_3_font=&#8221;|300|||||||&#8221; header_4_font=&#8221;|300|||||||&#8221; header_5_font=&#8221;|300|||||||&#8221; header_6_font=&#8221;|300|||||||&#8221; custom_margin=&#8221;0px|0px|0px|0px&#8221; custom_padding=&#8221;0px|0px|0px|80px&#8221; custom_margin_last_edited=&#8221;on|phone&#8221; custom_padding_phone=&#8221;0px|0px|0px|0px&#8221; custom_padding_last_edited=&#8221;on|phone&#8221; header_font_size=&#8221;28px&#8221;]<\/p>\n<h1>Mariana<\/h1>\n<p style=\"text-align: center;\">Mariana \u00e9s un disseny d&#8217;inspiraci\u00f3 corsetera i l\u00ednia senzilla. Est\u00e0 elaborat amb cloqu\u00e9 de seda en tons ivori.<\/p>\n<p>[\/et_pb_text][\/et_pb_column][\/et_pb_row][\/et_pb_section]<\/p>\n","protected":false},"excerpt":{"rendered":"<p>M Mariana Mariana \u00e9s un disseny d&#8217;inspiraci\u00f3 corsetera i l\u00ednia senzilla. Est\u00e0 elaborat amb cloqu\u00e9 de seda en tons ivori.<\/p>\n","protected":false},"author":3,"featured_media":0,"parent":0,"menu_order":0,"comment_status":"closed","ping_status":"closed","template":"page-product.php","meta":{"_et_pb_use_builder":"on","_et_pb_old_content":"","_et_gb_content_width":"","footnotes":""},"class_list":["post-6500","page","type-page","status-publish","hentry"],"yoast_head":"<!-- This site is optimized with the Yoast SEO plugin v26.9 - https:\/\/yoast.com\/product\/yoast-seo-wordpress\/ -->\n<title>Vestit de n\u00favia d&#039;Alta Costura disseny Mariana - Cristina Saura<\/title>\n<meta name=\"description\" content=\"El vestit de n\u00favia d&#039;Alta Costura disseny Mariana mostra el peculiar estil de la seva creadora unint inspiraci\u00f3 corsetera i senzillesa. El model s&#039;elabora amb cloqu\u00e9 de seda en tons ivori.\" \/>\n<meta name=\"robots\" content=\"index, follow, max-snippet:-1, max-image-preview:large, max-video-preview:-1\" \/>\n<link rel=\"canonical\" href=\"https:\/\/cristinasaura.com\/ca\/vestits-casament-cristina-saura\/\" \/>\n<meta property=\"og:locale\" content=\"ca_ES\" \/>\n<meta property=\"og:type\" content=\"article\" \/>\n<meta property=\"og:title\" content=\"Vestit de n\u00favia d&#039;Alta Costura disseny Mariana - Cristina Saura\" \/>\n<meta property=\"og:description\" content=\"El vestit de n\u00favia d&#039;Alta Costura disseny Mariana mostra el peculiar estil de la seva creadora unint inspiraci\u00f3 corsetera i senzillesa. El model s&#039;elabora amb cloqu\u00e9 de seda en tons ivori.\" \/>\n<meta property=\"og:url\" content=\"https:\/\/cristinasaura.com\/ca\/vestits-casament-cristina-saura\/\" \/>\n<meta property=\"og:site_name\" content=\"Cristina Saura\" \/>\n<meta property=\"article:publisher\" content=\"https:\/\/www.facebook.com\/cristinasaurabarcelona\/\" \/>\n<meta property=\"article:modified_time\" content=\"2023-09-21T08:52:45+00:00\" \/>\n<meta name=\"twitter:card\" content=\"summary_large_image\" \/>\n<meta name=\"twitter:site\" content=\"@cristinasabcn\" \/>\n<meta name=\"twitter:label1\" content=\"Temps estimat de lectura\" \/>\n\t<meta name=\"twitter:data1\" content=\"1 minut\" \/>\n<script type=\"application\/ld+json\" class=\"yoast-schema-graph\">{\"@context\":\"https:\/\/schema.org\",\"@graph\":[{\"@type\":\"WebPage\",\"@id\":\"https:\/\/cristinasaura.com\/ca\/vestits-casament-cristina-saura\/\",\"url\":\"https:\/\/cristinasaura.com\/ca\/vestits-casament-cristina-saura\/\",\"name\":\"Vestit de n\u00favia d'Alta Costura disseny Mariana - Cristina Saura\",\"isPartOf\":{\"@id\":\"https:\/\/cristinasaura.com\/#website\"},\"datePublished\":\"2018-01-23T09:02:57+00:00\",\"dateModified\":\"2023-09-21T08:52:45+00:00\",\"description\":\"El vestit de n\u00favia d'Alta Costura disseny Mariana mostra el peculiar estil de la seva creadora unint inspiraci\u00f3 corsetera i senzillesa. El model s'elabora amb cloqu\u00e9 de seda en tons ivori.\",\"breadcrumb\":{\"@id\":\"https:\/\/cristinasaura.com\/ca\/vestits-casament-cristina-saura\/#breadcrumb\"},\"inLanguage\":\"ca\",\"potentialAction\":[{\"@type\":\"ReadAction\",\"target\":[\"https:\/\/cristinasaura.com\/ca\/vestits-casament-cristina-saura\/\"]}]},{\"@type\":\"BreadcrumbList\",\"@id\":\"https:\/\/cristinasaura.com\/ca\/vestits-casament-cristina-saura\/#breadcrumb\",\"itemListElement\":[{\"@type\":\"ListItem\",\"position\":1,\"name\":\"Portada\",\"item\":\"https:\/\/cristinasaura.com\/ca\/\"},{\"@type\":\"ListItem\",\"position\":2,\"name\":\"Vestits casament CRISTINA SAURA\"}]},{\"@type\":\"WebSite\",\"@id\":\"https:\/\/cristinasaura.com\/#website\",\"url\":\"https:\/\/cristinasaura.com\/\",\"name\":\"Cristina Saura\",\"description\":\"Dise\u00f1adora de vestidos de novia y fiesta de Alta Costura en Barcelona\",\"publisher\":{\"@id\":\"https:\/\/cristinasaura.com\/#organization\"},\"potentialAction\":[{\"@type\":\"SearchAction\",\"target\":{\"@type\":\"EntryPoint\",\"urlTemplate\":\"https:\/\/cristinasaura.com\/?s={search_term_string}\"},\"query-input\":{\"@type\":\"PropertyValueSpecification\",\"valueRequired\":true,\"valueName\":\"search_term_string\"}}],\"inLanguage\":\"ca\"},{\"@type\":\"Organization\",\"@id\":\"https:\/\/cristinasaura.com\/#organization\",\"name\":\"CRISTINA SAURA\",\"url\":\"https:\/\/cristinasaura.com\/\",\"logo\":{\"@type\":\"ImageObject\",\"inLanguage\":\"ca\",\"@id\":\"https:\/\/cristinasaura.com\/#\/schema\/logo\/image\/\",\"url\":\"http:\/\/cristinasaura.com\/wp-content\/uploads\/2017\/12\/cristina-saura-logo.png\",\"contentUrl\":\"http:\/\/cristinasaura.com\/wp-content\/uploads\/2017\/12\/cristina-saura-logo.png\",\"width\":687,\"height\":293,\"caption\":\"CRISTINA SAURA\"},\"image\":{\"@id\":\"https:\/\/cristinasaura.com\/#\/schema\/logo\/image\/\"},\"sameAs\":[\"https:\/\/www.facebook.com\/cristinasaurabarcelona\/\",\"https:\/\/x.com\/cristinasabcn\",\"https:\/\/www.instagram.com\/cristinasaurabcn\/\",\"https:\/\/www.pinterest.es\/designercsaura\/\"]}]}<\/script>\n<!-- \/ Yoast SEO plugin. -->","yoast_head_json":{"title":"Vestit de n\u00favia d'Alta Costura disseny Mariana - Cristina Saura","description":"El vestit de n\u00favia d'Alta Costura disseny Mariana mostra el peculiar estil de la seva creadora unint inspiraci\u00f3 corsetera i senzillesa. El model s'elabora amb cloqu\u00e9 de seda en tons ivori.","robots":{"index":"index","follow":"follow","max-snippet":"max-snippet:-1","max-image-preview":"max-image-preview:large","max-video-preview":"max-video-preview:-1"},"canonical":"https:\/\/cristinasaura.com\/ca\/vestits-casament-cristina-saura\/","og_locale":"ca_ES","og_type":"article","og_title":"Vestit de n\u00favia d'Alta Costura disseny Mariana - Cristina Saura","og_description":"El vestit de n\u00favia d'Alta Costura disseny Mariana mostra el peculiar estil de la seva creadora unint inspiraci\u00f3 corsetera i senzillesa. El model s'elabora amb cloqu\u00e9 de seda en tons ivori.","og_url":"https:\/\/cristinasaura.com\/ca\/vestits-casament-cristina-saura\/","og_site_name":"Cristina Saura","article_publisher":"https:\/\/www.facebook.com\/cristinasaurabarcelona\/","article_modified_time":"2023-09-21T08:52:45+00:00","twitter_card":"summary_large_image","twitter_site":"@cristinasabcn","twitter_misc":{"Temps estimat de lectura":"1 minut"},"schema":{"@context":"https:\/\/schema.org","@graph":[{"@type":"WebPage","@id":"https:\/\/cristinasaura.com\/ca\/vestits-casament-cristina-saura\/","url":"https:\/\/cristinasaura.com\/ca\/vestits-casament-cristina-saura\/","name":"Vestit de n\u00favia d'Alta Costura disseny Mariana - Cristina Saura","isPartOf":{"@id":"https:\/\/cristinasaura.com\/#website"},"datePublished":"2018-01-23T09:02:57+00:00","dateModified":"2023-09-21T08:52:45+00:00","description":"El vestit de n\u00favia d'Alta Costura disseny Mariana mostra el peculiar estil de la seva creadora unint inspiraci\u00f3 corsetera i senzillesa. El model s'elabora amb cloqu\u00e9 de seda en tons ivori.","breadcrumb":{"@id":"https:\/\/cristinasaura.com\/ca\/vestits-casament-cristina-saura\/#breadcrumb"},"inLanguage":"ca","potentialAction":[{"@type":"ReadAction","target":["https:\/\/cristinasaura.com\/ca\/vestits-casament-cristina-saura\/"]}]},{"@type":"BreadcrumbList","@id":"https:\/\/cristinasaura.com\/ca\/vestits-casament-cristina-saura\/#breadcrumb","itemListElement":[{"@type":"ListItem","position":1,"name":"Portada","item":"https:\/\/cristinasaura.com\/ca\/"},{"@type":"ListItem","position":2,"name":"Vestits casament CRISTINA SAURA"}]},{"@type":"WebSite","@id":"https:\/\/cristinasaura.com\/#website","url":"https:\/\/cristinasaura.com\/","name":"Cristina Saura","description":"Dise\u00f1adora de vestidos de novia y fiesta de Alta Costura en Barcelona","publisher":{"@id":"https:\/\/cristinasaura.com\/#organization"},"potentialAction":[{"@type":"SearchAction","target":{"@type":"EntryPoint","urlTemplate":"https:\/\/cristinasaura.com\/?s={search_term_string}"},"query-input":{"@type":"PropertyValueSpecification","valueRequired":true,"valueName":"search_term_string"}}],"inLanguage":"ca"},{"@type":"Organization","@id":"https:\/\/cristinasaura.com\/#organization","name":"CRISTINA SAURA","url":"https:\/\/cristinasaura.com\/","logo":{"@type":"ImageObject","inLanguage":"ca","@id":"https:\/\/cristinasaura.com\/#\/schema\/logo\/image\/","url":"http:\/\/cristinasaura.com\/wp-content\/uploads\/2017\/12\/cristina-saura-logo.png","contentUrl":"http:\/\/cristinasaura.com\/wp-content\/uploads\/2017\/12\/cristina-saura-logo.png","width":687,"height":293,"caption":"CRISTINA SAURA"},"image":{"@id":"https:\/\/cristinasaura.com\/#\/schema\/logo\/image\/"},"sameAs":["https:\/\/www.facebook.com\/cristinasaurabarcelona\/","https:\/\/x.com\/cristinasabcn","https:\/\/www.instagram.com\/cristinasaurabcn\/","https:\/\/www.pinterest.es\/designercsaura\/"]}]}},"_links":{"self":[{"href":"https:\/\/cristinasaura.com\/ca\/wp-json\/wp\/v2\/pages\/6500","targetHints":{"allow":["GET"]}}],"collection":[{"href":"https:\/\/cristinasaura.com\/ca\/wp-json\/wp\/v2\/pages"}],"about":[{"href":"https:\/\/cristinasaura.com\/ca\/wp-json\/wp\/v2\/types\/page"}],"author":[{"embeddable":true,"href":"https:\/\/cristinasaura.com\/ca\/wp-json\/wp\/v2\/users\/3"}],"replies":[{"embeddable":true,"href":"https:\/\/cristinasaura.com\/ca\/wp-json\/wp\/v2\/comments?post=6500"}],"version-history":[{"count":0,"href":"https:\/\/cristinasaura.com\/ca\/wp-json\/wp\/v2\/pages\/6500\/revisions"}],"wp:attachment":[{"href":"https:\/\/cristinasaura.com\/ca\/wp-json\/wp\/v2\/media?parent=6500"}],"curies":[{"name":"wp","href":"https:\/\/api.w.org\/{rel}","templated":true}]}}