{"id":6476,"date":"2018-01-22T21:15:13","date_gmt":"2018-01-22T20:15:13","guid":{"rendered":"https:\/\/cristinasaura.com\/?page_id=6476"},"modified":"2023-09-21T10:22:57","modified_gmt":"2023-09-21T08:22:57","slug":"vestit-de-nuvia-valeria-alta-costura","status":"publish","type":"page","link":"https:\/\/cristinasaura.com\/ca\/vestit-de-nuvia-valeria-alta-costura\/","title":{"rendered":"Vestit de n\u00favia Valeria \/ Alta Costura"},"content":{"rendered":"<p>[et_pb_section bb_built=&#8221;1&#8243; module_id=&#8221;empezar&#8221; _builder_version=&#8221;3.0.98&#8243; custom_margin=&#8221;0px|0px||0px&#8221; custom_padding=&#8221;0px|0px|5px|0px&#8221; next_background_color=&#8221;#000000&#8243; inner_width=&#8221;auto&#8221; inner_max_width=&#8221;none&#8221;][et_pb_row use_custom_gutter=&#8221;on&#8221; gutter_width=&#8221;1&#8243; custom_padding=&#8221;0px|0px||0px&#8221; custom_margin=&#8221;0px|0px||0px&#8221; padding_top_1=&#8221;0px&#8221; padding_right_1=&#8221;0px&#8221; padding_left_1=&#8221;0px&#8221; padding_top_2=&#8221;0px&#8221; padding_right_2=&#8221;80px&#8221; padding_left_2=&#8221;80px&#8221; _builder_version=&#8221;3.0.106&#8243; background_size=&#8221;initial&#8221; background_position=&#8221;top_left&#8221; background_repeat=&#8221;repeat&#8221; padding_2_last_edited=&#8221;on|desktop&#8221; padding_2_phone=&#8221;60px|60px||60px&#8221; module_class_2=&#8221;fijo&#8221; make_fullwidth=&#8221;on&#8221; make_equal=&#8221;on&#8221; custom_margin_last_edited=&#8221;on|phone&#8221; padding_1_last_edited=&#8221;on|phone&#8221; padding_bottom_2=&#8221;80px&#8221; module_class=&#8221; et_pb_row_fullwidth et_pb_row_fullwidth&#8221; width=&#8221;100%&#8221; width_tablet=&#8221;100%&#8221; width_last_edited=&#8221;on|desktop&#8221; max_width=&#8221;100%&#8221; max_width_tablet=&#8221;100%&#8221; max_width_last_edited=&#8221;on|desktop&#8221;][et_pb_column type=&#8221;1_2&#8243;][et_pb_image admin_label=&#8221;perfil valeria&#8221; title_text=&#8221;El vestit de n\u00favia Valeria \u00e9s una creaci\u00f3 d&#8217;Alta Costura de CRISTINA SAURA.&#8221; force_fullwidth=&#8221;on&#8221; _builder_version=&#8221;3.14&#8243; custom_margin=&#8221;|0px||0px&#8221; custom_padding=&#8221;|0px||0px&#8221; src=&#8221;http:\/\/cristinasaura.com\/wp-content\/uploads\/2018\/01\/valeria2-1.jpg&#8221; alt=&#8221;El vestit de n\u00favia Valeria \u00e9s una creaci\u00f3 d&#8217;Alta Costura de CRISTINA SAURA.&#8221; \/][et_pb_image admin_label=&#8221;valeria&#8221; src=&#8221;http:\/\/cristinasaura.com\/wp-content\/uploads\/2018\/01\/valeria1-1.jpg&#8221; title_text=&#8221;Vestit de n\u00favia d&#8217;alta costura dissenyat i constru\u00eft per CRISTINA SAURA i elaborat en tul de seda prisat a m\u00e0.&#8221; force_fullwidth=&#8221;on&#8221; _builder_version=&#8221;3.14&#8243; custom_margin=&#8221;|0px||0px&#8221; custom_padding=&#8221;|0px||0px&#8221; alt=&#8221;Vestit de n\u00favia d&#8217;alta costura dissenyat i constru\u00eft per CRISTINA SAURA i elaborat en tul de seda prisat a m\u00e0.&#8221; \/][\/et_pb_column][et_pb_column type=&#8221;1_2&#8243;][et_pb_text admin_label=&#8221;linea y letra capital mas texto&#8221; _builder_version=&#8221;3.22.7&#8243; text_font=&#8221;|300|||||||&#8221; header_font=&#8221;|300||on|||||&#8221; header_2_font=&#8221;|300|||||||&#8221; header_3_font=&#8221;|300|||||||&#8221; header_4_font=&#8221;|300|||||||&#8221; header_5_font=&#8221;|300|||||||&#8221; header_6_font=&#8221;|300|||||||&#8221; custom_margin_last_edited=&#8221;off|phone&#8221; custom_padding_last_edited=&#8221;off|desktop&#8221; header_font_size=&#8221;28px&#8221; module_class=&#8221;todo-fijo&#8221; saved_tabs=&#8221;all&#8221; disabled_on=&#8221;on|on|on&#8221; disabled=&#8221;on&#8221;]<\/p>\n<div>\n<p class=\"filete\"><span><\/span><\/p>\n<\/div>\n<div class=\"capital\">\n<p>V<\/p>\n<\/div>\n<div class=\"bloque-capital\">\n<h1>Valeria<\/h1>\n<p style=\"text-align: center;\"><a href=\"https:\/\/cristinasaura.com\/ca\/quan-ser-somiadora-intel%C2%B7ligent-creativa-i-dona-no-era-lopcio\/\">Valeria<\/a> \u00e9s un disseny d&#8217;Alta Costura de continguda l\u00ednia &#8220;A&#8221; que conjuga la tradici\u00f3 del drapejat artesanal, de tul de seda, amb la modernitat d&#8217;un tema de tend\u00e8ncia. La l\u00ednia del vestit defineix totalment la cintura, deixant en el esquena un atractiu escot quadrat.<\/p>\n<\/div>\n<p>[\/et_pb_text][et_pb_text admin_label=&#8221;linea y letra capital mas texto&#8221; _builder_version=&#8221;3.22.7&#8243; text_font=&#8221;|300|||||||&#8221; header_font=&#8221;|300||on|||||&#8221; header_2_font=&#8221;|300|||||||&#8221; header_3_font=&#8221;|300|||||||&#8221; header_4_font=&#8221;|300|||||||&#8221; header_5_font=&#8221;|300|||||||&#8221; header_6_font=&#8221;|300|||||||&#8221; custom_margin_last_edited=&#8221;off|phone&#8221; custom_padding_last_edited=&#8221;off|desktop&#8221; header_font_size=&#8221;28px&#8221; saved_tabs=&#8221;all&#8221; text_text_shadow_horizontal_length=&#8221;text_text_shadow_style,%91object Object%93&#8243; text_text_shadow_vertical_length=&#8221;text_text_shadow_style,%91object Object%93&#8243; text_text_shadow_blur_strength=&#8221;text_text_shadow_style,%91object Object%93&#8243; link_text_shadow_horizontal_length=&#8221;link_text_shadow_style,%91object Object%93&#8243; link_text_shadow_vertical_length=&#8221;link_text_shadow_style,%91object Object%93&#8243; link_text_shadow_blur_strength=&#8221;link_text_shadow_style,%91object Object%93&#8243; ul_text_shadow_horizontal_length=&#8221;ul_text_shadow_style,%91object Object%93&#8243; ul_text_shadow_vertical_length=&#8221;ul_text_shadow_style,%91object Object%93&#8243; ul_text_shadow_blur_strength=&#8221;ul_text_shadow_style,%91object Object%93&#8243; ol_text_shadow_horizontal_length=&#8221;ol_text_shadow_style,%91object Object%93&#8243; ol_text_shadow_vertical_length=&#8221;ol_text_shadow_style,%91object Object%93&#8243; ol_text_shadow_blur_strength=&#8221;ol_text_shadow_style,%91object Object%93&#8243; quote_text_shadow_horizontal_length=&#8221;quote_text_shadow_style,%91object Object%93&#8243; quote_text_shadow_vertical_length=&#8221;quote_text_shadow_style,%91object Object%93&#8243; quote_text_shadow_blur_strength=&#8221;quote_text_shadow_style,%91object Object%93&#8243; header_text_shadow_horizontal_length=&#8221;header_text_shadow_style,%91object Object%93&#8243; header_text_shadow_vertical_length=&#8221;header_text_shadow_style,%91object Object%93&#8243; header_text_shadow_blur_strength=&#8221;header_text_shadow_style,%91object Object%93&#8243; header_2_text_shadow_horizontal_length=&#8221;header_2_text_shadow_style,%91object Object%93&#8243; header_2_text_shadow_vertical_length=&#8221;header_2_text_shadow_style,%91object Object%93&#8243; header_2_text_shadow_blur_strength=&#8221;header_2_text_shadow_style,%91object Object%93&#8243; header_3_text_shadow_horizontal_length=&#8221;header_3_text_shadow_style,%91object Object%93&#8243; header_3_text_shadow_vertical_length=&#8221;header_3_text_shadow_style,%91object Object%93&#8243; header_3_text_shadow_blur_strength=&#8221;header_3_text_shadow_style,%91object Object%93&#8243; header_4_text_shadow_horizontal_length=&#8221;header_4_text_shadow_style,%91object Object%93&#8243; header_4_text_shadow_vertical_length=&#8221;header_4_text_shadow_style,%91object Object%93&#8243; header_4_text_shadow_blur_strength=&#8221;header_4_text_shadow_style,%91object Object%93&#8243; header_5_text_shadow_horizontal_length=&#8221;header_5_text_shadow_style,%91object Object%93&#8243; header_5_text_shadow_vertical_length=&#8221;header_5_text_shadow_style,%91object Object%93&#8243; header_5_text_shadow_blur_strength=&#8221;header_5_text_shadow_style,%91object Object%93&#8243; header_6_text_shadow_horizontal_length=&#8221;header_6_text_shadow_style,%91object Object%93&#8243; header_6_text_shadow_vertical_length=&#8221;header_6_text_shadow_style,%91object Object%93&#8243; header_6_text_shadow_blur_strength=&#8221;header_6_text_shadow_style,%91object Object%93&#8243; z_index_tablet=&#8221;500&#8243;]<\/p>\n<div>\n<p class=\"filete\"><span><\/span><\/p>\n<\/div>\n<div class=\"capital\">\n<p>V<\/p>\n<\/div>\n<div class=\"bloque-capital\">\n<h1>Valeria<\/h1>\n<p style=\"text-align: center;\"><a href=\"https:\/\/cristinasaura.com\/ca\/quan-ser-somiadora-intel%C2%B7ligent-creativa-i-dona-no-era-lopcio\/\">Valeria<\/a> \u00e9s un disseny d&#8217;Alta Costura de continguda l\u00ednia &#8220;A&#8221; que conjuga la tradici\u00f3 del drapejat artesanal, de tul de seda, amb la modernitat d&#8217;un tema de tend\u00e8ncia. La l\u00ednia del vestit defineix totalment la cintura, deixant en el esquena un atractiu escot quadrat.<\/p>\n<\/div>\n<p>[\/et_pb_text][\/et_pb_column][\/et_pb_row][\/et_pb_section][et_pb_section bb_built=&#8221;1&#8243; custom_padding_last_edited=&#8221;off|phone&#8221; _builder_version=&#8221;3.0.106&#8243; max_width_tablet=&#8221;70%&#8221; max_width_phone=&#8221;90%&#8221; max_width_last_edited=&#8221;off|phone&#8221; custom_margin=&#8221;0px|||&#8221; custom_padding=&#8221;0px|||&#8221; prev_background_color=&#8221;#000000&#8243; disabled_on=&#8221;off|off|off&#8221; disabled=&#8221;off&#8221; inner_width=&#8221;auto&#8221; inner_max_width=&#8221;none&#8221;][et_pb_row use_custom_width=&#8221;on&#8221; custom_width_px=&#8221;780px&#8221; custom_padding=&#8221;57px|||&#8221; disabled_on=&#8221;off|off|off&#8221; _builder_version=&#8221;3.0.101&#8243; width=&#8221;80%&#8221; max_width=&#8221;780px&#8221;][et_pb_column type=&#8221;4_4&#8243;][et_pb_divider admin_label=&#8221;Linea Capital &#8211; 82 \/ 4&#8243; color=&#8221;#000000&#8243; show_divider=&#8221;on&#8221; divider_position=&#8221;center&#8221; divider_weight=&#8221;4&#8243; height=&#8221;20px&#8221; _builder_version=&#8221;3.0.106&#8243; max_width=&#8221;50px&#8221; module_alignment=&#8221;left&#8221; custom_margin_last_edited=&#8221;on|desktop&#8221; custom_padding_last_edited=&#8221;on|desktop&#8221; \/][et_pb_text admin_label=&#8221;texto capital&#8221; _builder_version=&#8221;3.22.7&#8243; text_font=&#8221;|300|||||||&#8221; text_line_height=&#8221;1.6em&#8221; header_2_font=&#8221;|300|||||||&#8221; header_3_font=&#8221;|300|||||||&#8221; header_4_font=&#8221;|300|||||||&#8221; header_5_font=&#8221;|300|||||||&#8221; header_6_font=&#8221;|300|||||||&#8221; custom_margin_last_edited=&#8221;on|desktop&#8221; custom_padding_last_edited=&#8221;on|desktop&#8221; text_text_shadow_horizontal_length=&#8221;text_text_shadow_style,%91object Object%93&#8243; text_text_shadow_vertical_length=&#8221;text_text_shadow_style,%91object Object%93&#8243; text_text_shadow_blur_strength=&#8221;text_text_shadow_style,%91object Object%93&#8243; link_text_shadow_horizontal_length=&#8221;link_text_shadow_style,%91object Object%93&#8243; link_text_shadow_vertical_length=&#8221;link_text_shadow_style,%91object Object%93&#8243; link_text_shadow_blur_strength=&#8221;link_text_shadow_style,%91object Object%93&#8243; ul_text_shadow_horizontal_length=&#8221;ul_text_shadow_style,%91object Object%93&#8243; ul_text_shadow_vertical_length=&#8221;ul_text_shadow_style,%91object Object%93&#8243; ul_text_shadow_blur_strength=&#8221;ul_text_shadow_style,%91object Object%93&#8243; ol_text_shadow_horizontal_length=&#8221;ol_text_shadow_style,%91object Object%93&#8243; ol_text_shadow_vertical_length=&#8221;ol_text_shadow_style,%91object Object%93&#8243; ol_text_shadow_blur_strength=&#8221;ol_text_shadow_style,%91object Object%93&#8243; quote_text_shadow_horizontal_length=&#8221;quote_text_shadow_style,%91object Object%93&#8243; quote_text_shadow_vertical_length=&#8221;quote_text_shadow_style,%91object Object%93&#8243; quote_text_shadow_blur_strength=&#8221;quote_text_shadow_style,%91object Object%93&#8243; header_text_shadow_horizontal_length=&#8221;header_text_shadow_style,%91object Object%93&#8243; header_text_shadow_vertical_length=&#8221;header_text_shadow_style,%91object Object%93&#8243; header_text_shadow_blur_strength=&#8221;header_text_shadow_style,%91object Object%93&#8243; header_2_text_shadow_horizontal_length=&#8221;header_2_text_shadow_style,%91object Object%93&#8243; header_2_text_shadow_vertical_length=&#8221;header_2_text_shadow_style,%91object Object%93&#8243; header_2_text_shadow_blur_strength=&#8221;header_2_text_shadow_style,%91object Object%93&#8243; header_3_text_shadow_horizontal_length=&#8221;header_3_text_shadow_style,%91object Object%93&#8243; header_3_text_shadow_vertical_length=&#8221;header_3_text_shadow_style,%91object Object%93&#8243; header_3_text_shadow_blur_strength=&#8221;header_3_text_shadow_style,%91object Object%93&#8243; header_4_text_shadow_horizontal_length=&#8221;header_4_text_shadow_style,%91object Object%93&#8243; header_4_text_shadow_vertical_length=&#8221;header_4_text_shadow_style,%91object Object%93&#8243; header_4_text_shadow_blur_strength=&#8221;header_4_text_shadow_style,%91object Object%93&#8243; header_5_text_shadow_horizontal_length=&#8221;header_5_text_shadow_style,%91object Object%93&#8243; header_5_text_shadow_vertical_length=&#8221;header_5_text_shadow_style,%91object Object%93&#8243; header_5_text_shadow_blur_strength=&#8221;header_5_text_shadow_style,%91object Object%93&#8243; header_6_text_shadow_horizontal_length=&#8221;header_6_text_shadow_style,%91object Object%93&#8243; header_6_text_shadow_vertical_length=&#8221;header_6_text_shadow_style,%91object Object%93&#8243; header_6_text_shadow_blur_strength=&#8221;header_6_text_shadow_style,%91object Object%93&#8243; z_index_tablet=&#8221;500&#8243;]<\/p>\n<h2>VESTITS DE N\u00daVIA D\u00b4ALTA COSTURA<\/h2>\n<p style=\"text-align: center;\">L&#8217;est\u00e8tica de Valeria captiva pel subtil atractiu matisat del tul de seda,<strong> prisat<\/strong> de la manera m\u00e9s natural i bella com \u00e9s <strong>&#8220;a m\u00e0&#8221;<\/strong>. La conversa de l&#8217;artes\u00e0 amb la mat\u00e8ria imprimeix un segell de inconfusible qualitat a la construcci\u00f3.<\/p>\n<p>El drapejat de malla de seda, es creua al pit del disseny en forma d&#8217;aspa deixant al descobert els muscles i donant lloc a un pronunciat escot quadrat a l&#8217;esquena. Embolica la cintura horitzontalment a manera de faixa alta, subratllant la cintura i se susp\u00e8n verticalment al llarg de la faldilla desviada.<\/p>\n<p>L&#8217;estructura base que sost\u00e9 la labor est\u00e0 composta:<\/p>\n<ul>\n<li>A la part superior del vestit, per 2 peces sim\u00e8triques formant &#8220;X&#8221; que arrenquen sota el pit en direcci\u00f3 al muscle diagonalment oposat i continuen el seu recorregut constituint l&#8217;esquena. La manera en qu\u00e8 s&#8217;ha obtingut \u00e9s la combinaci\u00f3 de la <strong>t\u00e8cnica del moulage<\/strong> o modelatge sobre maniqu\u00ed interpretada geom\u00e8tricament despr\u00e9s a patronatge tradicional.<\/li>\n<li>La definici\u00f3 de la cintura es deu al tra\u00e7at d&#8217;una doble cintura que suma 16 cent\u00edmetres d&#8217;al\u00e7ada.<\/li>\n<li>Finalment el progressiu volum de la faldilla a partir del punt de cadera s&#8217;ha obtingut amb l&#8217;estrat\u00e8gica situaci\u00f3 en estructures triangulars r\u00edgides a manera de cancan al viso del vestit.<\/li>\n<\/ul>\n<p style=\"text-align: center;\">Valeria es realitza a mida per a n\u00favia i \u00e9s possible confeccionar-la en negre o en color a la carta.<\/p>\n<p>&nbsp;<\/p>\n<p>[\/et_pb_text][\/et_pb_column][\/et_pb_row][\/et_pb_section]<\/p>\n","protected":false},"excerpt":{"rendered":"<p>V Valeria Valeria \u00e9s un disseny d&#8217;Alta Costura de continguda l\u00ednia &#8220;A&#8221; que conjuga la tradici\u00f3 del drapejat artesanal, de tul de seda, amb la modernitat d&#8217;un tema de tend\u00e8ncia. La l\u00ednia del vestit defineix totalment la cintura, deixant en el esquena un atractiu escot quadrat. V Valeria Valeria \u00e9s un disseny d&#8217;Alta Costura de [&hellip;]<\/p>\n","protected":false},"author":3,"featured_media":0,"parent":0,"menu_order":0,"comment_status":"closed","ping_status":"closed","template":"page-product.php","meta":{"_et_pb_use_builder":"on","_et_pb_old_content":"","_et_gb_content_width":"","footnotes":""},"class_list":["post-6476","page","type-page","status-publish","hentry"],"yoast_head":"<!-- This site is optimized with the Yoast SEO plugin v26.9 - https:\/\/yoast.com\/product\/yoast-seo-wordpress\/ -->\n<title>Vestit de n\u00favia d\u00b4Alta Costura disseny Valeria - Cristina Saura<\/title>\n<meta name=\"description\" content=\"Vestit de n\u00favia d&#039;Alta Costura disseny Valeria. L&#039;est\u00e8tica de Valeria captiva pel subtil aspecte matitzat del tul de seda drapejat \u201ca m\u00e0\u201d.\" \/>\n<meta name=\"robots\" content=\"index, follow, max-snippet:-1, max-image-preview:large, max-video-preview:-1\" \/>\n<link rel=\"canonical\" href=\"https:\/\/cristinasaura.com\/ca\/vestit-de-nuvia-valeria-alta-costura\/\" \/>\n<meta property=\"og:locale\" content=\"ca_ES\" \/>\n<meta property=\"og:type\" content=\"article\" \/>\n<meta property=\"og:title\" content=\"Vestit de n\u00favia d\u00b4Alta Costura disseny Valeria - Cristina Saura\" \/>\n<meta property=\"og:description\" content=\"Vestit de n\u00favia d&#039;Alta Costura disseny Valeria. L&#039;est\u00e8tica de Valeria captiva pel subtil aspecte matitzat del tul de seda drapejat \u201ca m\u00e0\u201d.\" \/>\n<meta property=\"og:url\" content=\"https:\/\/cristinasaura.com\/ca\/vestit-de-nuvia-valeria-alta-costura\/\" \/>\n<meta property=\"og:site_name\" content=\"Cristina Saura\" \/>\n<meta property=\"article:publisher\" content=\"https:\/\/www.facebook.com\/cristinasaurabarcelona\/\" \/>\n<meta property=\"article:modified_time\" content=\"2023-09-21T08:22:57+00:00\" \/>\n<meta name=\"twitter:card\" content=\"summary_large_image\" \/>\n<meta name=\"twitter:site\" content=\"@cristinasabcn\" \/>\n<meta name=\"twitter:label1\" content=\"Temps estimat de lectura\" \/>\n\t<meta name=\"twitter:data1\" content=\"4 minuts\" \/>\n<script type=\"application\/ld+json\" class=\"yoast-schema-graph\">{\"@context\":\"https:\/\/schema.org\",\"@graph\":[{\"@type\":\"WebPage\",\"@id\":\"https:\/\/cristinasaura.com\/ca\/vestit-de-nuvia-valeria-alta-costura\/\",\"url\":\"https:\/\/cristinasaura.com\/ca\/vestit-de-nuvia-valeria-alta-costura\/\",\"name\":\"Vestit de n\u00favia d\u00b4Alta Costura disseny Valeria - Cristina Saura\",\"isPartOf\":{\"@id\":\"https:\/\/cristinasaura.com\/#website\"},\"datePublished\":\"2018-01-22T20:15:13+00:00\",\"dateModified\":\"2023-09-21T08:22:57+00:00\",\"description\":\"Vestit de n\u00favia d'Alta Costura disseny Valeria. L'est\u00e8tica de Valeria captiva pel subtil aspecte matitzat del tul de seda drapejat \u201ca m\u00e0\u201d.\",\"breadcrumb\":{\"@id\":\"https:\/\/cristinasaura.com\/ca\/vestit-de-nuvia-valeria-alta-costura\/#breadcrumb\"},\"inLanguage\":\"ca\",\"potentialAction\":[{\"@type\":\"ReadAction\",\"target\":[\"https:\/\/cristinasaura.com\/ca\/vestit-de-nuvia-valeria-alta-costura\/\"]}]},{\"@type\":\"BreadcrumbList\",\"@id\":\"https:\/\/cristinasaura.com\/ca\/vestit-de-nuvia-valeria-alta-costura\/#breadcrumb\",\"itemListElement\":[{\"@type\":\"ListItem\",\"position\":1,\"name\":\"Portada\",\"item\":\"https:\/\/cristinasaura.com\/ca\/\"},{\"@type\":\"ListItem\",\"position\":2,\"name\":\"Vestit de n\u00favia Valeria \/ Alta Costura\"}]},{\"@type\":\"WebSite\",\"@id\":\"https:\/\/cristinasaura.com\/#website\",\"url\":\"https:\/\/cristinasaura.com\/\",\"name\":\"Cristina Saura\",\"description\":\"Dise\u00f1adora de vestidos de novia y fiesta de Alta Costura en Barcelona\",\"publisher\":{\"@id\":\"https:\/\/cristinasaura.com\/#organization\"},\"potentialAction\":[{\"@type\":\"SearchAction\",\"target\":{\"@type\":\"EntryPoint\",\"urlTemplate\":\"https:\/\/cristinasaura.com\/?s={search_term_string}\"},\"query-input\":{\"@type\":\"PropertyValueSpecification\",\"valueRequired\":true,\"valueName\":\"search_term_string\"}}],\"inLanguage\":\"ca\"},{\"@type\":\"Organization\",\"@id\":\"https:\/\/cristinasaura.com\/#organization\",\"name\":\"CRISTINA SAURA\",\"url\":\"https:\/\/cristinasaura.com\/\",\"logo\":{\"@type\":\"ImageObject\",\"inLanguage\":\"ca\",\"@id\":\"https:\/\/cristinasaura.com\/#\/schema\/logo\/image\/\",\"url\":\"http:\/\/cristinasaura.com\/wp-content\/uploads\/2017\/12\/cristina-saura-logo.png\",\"contentUrl\":\"http:\/\/cristinasaura.com\/wp-content\/uploads\/2017\/12\/cristina-saura-logo.png\",\"width\":687,\"height\":293,\"caption\":\"CRISTINA SAURA\"},\"image\":{\"@id\":\"https:\/\/cristinasaura.com\/#\/schema\/logo\/image\/\"},\"sameAs\":[\"https:\/\/www.facebook.com\/cristinasaurabarcelona\/\",\"https:\/\/x.com\/cristinasabcn\",\"https:\/\/www.instagram.com\/cristinasaurabcn\/\",\"https:\/\/www.pinterest.es\/designercsaura\/\"]}]}<\/script>\n<!-- \/ Yoast SEO plugin. -->","yoast_head_json":{"title":"Vestit de n\u00favia d\u00b4Alta Costura disseny Valeria - Cristina Saura","description":"Vestit de n\u00favia d'Alta Costura disseny Valeria. L'est\u00e8tica de Valeria captiva pel subtil aspecte matitzat del tul de seda drapejat \u201ca m\u00e0\u201d.","robots":{"index":"index","follow":"follow","max-snippet":"max-snippet:-1","max-image-preview":"max-image-preview:large","max-video-preview":"max-video-preview:-1"},"canonical":"https:\/\/cristinasaura.com\/ca\/vestit-de-nuvia-valeria-alta-costura\/","og_locale":"ca_ES","og_type":"article","og_title":"Vestit de n\u00favia d\u00b4Alta Costura disseny Valeria - Cristina Saura","og_description":"Vestit de n\u00favia d'Alta Costura disseny Valeria. L'est\u00e8tica de Valeria captiva pel subtil aspecte matitzat del tul de seda drapejat \u201ca m\u00e0\u201d.","og_url":"https:\/\/cristinasaura.com\/ca\/vestit-de-nuvia-valeria-alta-costura\/","og_site_name":"Cristina Saura","article_publisher":"https:\/\/www.facebook.com\/cristinasaurabarcelona\/","article_modified_time":"2023-09-21T08:22:57+00:00","twitter_card":"summary_large_image","twitter_site":"@cristinasabcn","twitter_misc":{"Temps estimat de lectura":"4 minuts"},"schema":{"@context":"https:\/\/schema.org","@graph":[{"@type":"WebPage","@id":"https:\/\/cristinasaura.com\/ca\/vestit-de-nuvia-valeria-alta-costura\/","url":"https:\/\/cristinasaura.com\/ca\/vestit-de-nuvia-valeria-alta-costura\/","name":"Vestit de n\u00favia d\u00b4Alta Costura disseny Valeria - Cristina Saura","isPartOf":{"@id":"https:\/\/cristinasaura.com\/#website"},"datePublished":"2018-01-22T20:15:13+00:00","dateModified":"2023-09-21T08:22:57+00:00","description":"Vestit de n\u00favia d'Alta Costura disseny Valeria. L'est\u00e8tica de Valeria captiva pel subtil aspecte matitzat del tul de seda drapejat \u201ca m\u00e0\u201d.","breadcrumb":{"@id":"https:\/\/cristinasaura.com\/ca\/vestit-de-nuvia-valeria-alta-costura\/#breadcrumb"},"inLanguage":"ca","potentialAction":[{"@type":"ReadAction","target":["https:\/\/cristinasaura.com\/ca\/vestit-de-nuvia-valeria-alta-costura\/"]}]},{"@type":"BreadcrumbList","@id":"https:\/\/cristinasaura.com\/ca\/vestit-de-nuvia-valeria-alta-costura\/#breadcrumb","itemListElement":[{"@type":"ListItem","position":1,"name":"Portada","item":"https:\/\/cristinasaura.com\/ca\/"},{"@type":"ListItem","position":2,"name":"Vestit de n\u00favia Valeria \/ Alta Costura"}]},{"@type":"WebSite","@id":"https:\/\/cristinasaura.com\/#website","url":"https:\/\/cristinasaura.com\/","name":"Cristina Saura","description":"Dise\u00f1adora de vestidos de novia y fiesta de Alta Costura en Barcelona","publisher":{"@id":"https:\/\/cristinasaura.com\/#organization"},"potentialAction":[{"@type":"SearchAction","target":{"@type":"EntryPoint","urlTemplate":"https:\/\/cristinasaura.com\/?s={search_term_string}"},"query-input":{"@type":"PropertyValueSpecification","valueRequired":true,"valueName":"search_term_string"}}],"inLanguage":"ca"},{"@type":"Organization","@id":"https:\/\/cristinasaura.com\/#organization","name":"CRISTINA SAURA","url":"https:\/\/cristinasaura.com\/","logo":{"@type":"ImageObject","inLanguage":"ca","@id":"https:\/\/cristinasaura.com\/#\/schema\/logo\/image\/","url":"http:\/\/cristinasaura.com\/wp-content\/uploads\/2017\/12\/cristina-saura-logo.png","contentUrl":"http:\/\/cristinasaura.com\/wp-content\/uploads\/2017\/12\/cristina-saura-logo.png","width":687,"height":293,"caption":"CRISTINA SAURA"},"image":{"@id":"https:\/\/cristinasaura.com\/#\/schema\/logo\/image\/"},"sameAs":["https:\/\/www.facebook.com\/cristinasaurabarcelona\/","https:\/\/x.com\/cristinasabcn","https:\/\/www.instagram.com\/cristinasaurabcn\/","https:\/\/www.pinterest.es\/designercsaura\/"]}]}},"_links":{"self":[{"href":"https:\/\/cristinasaura.com\/ca\/wp-json\/wp\/v2\/pages\/6476","targetHints":{"allow":["GET"]}}],"collection":[{"href":"https:\/\/cristinasaura.com\/ca\/wp-json\/wp\/v2\/pages"}],"about":[{"href":"https:\/\/cristinasaura.com\/ca\/wp-json\/wp\/v2\/types\/page"}],"author":[{"embeddable":true,"href":"https:\/\/cristinasaura.com\/ca\/wp-json\/wp\/v2\/users\/3"}],"replies":[{"embeddable":true,"href":"https:\/\/cristinasaura.com\/ca\/wp-json\/wp\/v2\/comments?post=6476"}],"version-history":[{"count":0,"href":"https:\/\/cristinasaura.com\/ca\/wp-json\/wp\/v2\/pages\/6476\/revisions"}],"wp:attachment":[{"href":"https:\/\/cristinasaura.com\/ca\/wp-json\/wp\/v2\/media?parent=6476"}],"curies":[{"name":"wp","href":"https:\/\/api.w.org\/{rel}","templated":true}]}}